{"id":154751,"date":"2025-12-18T17:36:06","date_gmt":"2025-12-18T14:36:06","guid":{"rendered":"https:\/\/baldumarket.lt\/product\/cross-s-szafka-nocna-2-szuflady-congo-czarny-onyks-mat\/"},"modified":"2026-02-05T09:46:38","modified_gmt":"2026-02-05T06:46:38","slug":"cross-s-szafka-nocna-2-szuflady-congo-czarny-onyks-mat","status":"publish","type":"product","link":"https:\/\/baldumarket.lt\/lt\/product\/cross-s-szafka-nocna-2-szuflady-congo-czarny-onyks-mat\/","title":{"rendered":"\u201eCross S\u201c \u2013 Kongo naktinis staliukas su 2 stal\u010diais, juodo onikso spalvos, matinis"},"content":{"rendered":"<p>Atraskite nauj\u0105 elegancijos ir funkcionalumo apibr\u0117\u017eim\u0105 su \u201eHelvetia\u201c naktiniu staliuku \u201eCross S\u201c. Minimalistinis dizainas kartu su unikalia matine Kongo juodos onikso apdaila puikiai tinka moderniam interjerui. 55 cm plo\u010dio, 40 cm auk\u0161\u010dio ir 40 cm gylio naktinis staliukas neabejotinai suteiks j\u016bs\u0173 miegamajam charakterio, sukurdamas jauki\u0105 atmosfer\u0105, kuri skatins atsipalaiduoti. \u201eCross S\u201c naktinis staliukas buvo sukurtas atsi\u017evelgiant \u012f j\u016bs\u0173 patogum\u0105. Du erdv\u016bs stal\u010diai suteikia pakankamai vietos visiems reikalingiems daiktams \u2013 nuo knyg\u0173 iki akini\u0173 ar televizoriaus nuotolinio valdymo pultelio. D\u0117l ritinini\u0173 kreipian\u010di\u0173j\u0173 kiekvienas stal\u010dius atsidaro skland\u017eiai ir lengvai, u\u017etikrindamas didel\u012f naudojimo patogum\u0105. Matin\u0117 Kongo apdaila, pagaminta i\u0161 patvarios laminuotos plok\u0161t\u0117s, ne tik puikiai atrodo, bet ir u\u017etikrina lengv\u0105 prie\u017ei\u016br\u0105. Naktinis staliukas yra atsparus \u012fbr\u0117\u017eimams ir dr\u0117gmei, tod\u0117l daugel\u012f met\u0173 atrodys eleganti\u0161kai. Matin\u0117s juodos kojel\u0117s suteikia lengvumo ir stiliaus, o tvirta konstrukcija u\u017etikrina stabilum\u0105 net ir apkrautas.<\/p>","protected":false},"excerpt":{"rendered":"<p>Plotis (cm): 55<br \/>\n\u016agis (cm): 40<br \/>\nGylis (cm): 40<\/p>","protected":false},"featured_media":154752,"comment_status":"open","ping_status":"open","template":"","meta":[],"product_brand":[],"product_cat":[9402,1176,4105],"product_tag":[],"class_list":{"0":"post-154751","1":"product","2":"type-product","3":"status-publish","4":"has-post-thumbnail","6":"product_cat-furniture-system-cross","7":"product_cat-bedside-tables","8":"product_cat-helvetia","10":"first","11":"instock","12":"purchasable","13":"product-type-simple"},"_links":{"self":[{"href":"https:\/\/baldumarket.lt\/lt\/wp-json\/wp\/v2\/product\/154751","targetHints":{"allow":["GET"]}}],"collection":[{"href":"https:\/\/baldumarket.lt\/lt\/wp-json\/wp\/v2\/product"}],"about":[{"href":"https:\/\/baldumarket.lt\/lt\/wp-json\/wp\/v2\/types\/product"}],"replies":[{"embeddable":true,"href":"https:\/\/baldumarket.lt\/lt\/wp-json\/wp\/v2\/comments?post=154751"}],"wp:featuredmedia":[{"embeddable":true,"href":"https:\/\/baldumarket.lt\/lt\/wp-json\/wp\/v2\/media\/154752"}],"wp:attachment":[{"href":"https:\/\/baldumarket.lt\/lt\/wp-json\/wp\/v2\/media?parent=154751"}],"wp:term":[{"taxonomy":"product_brand","embeddable":true,"href":"https:\/\/baldumarket.lt\/lt\/wp-json\/wp\/v2\/product_brand?post=154751"},{"taxonomy":"product_cat","embeddable":true,"href":"https:\/\/baldumarket.lt\/lt\/wp-json\/wp\/v2\/product_cat?post=154751"},{"taxonomy":"product_tag","embeddable":true,"href":"https:\/\/baldumarket.lt\/lt\/wp-json\/wp\/v2\/product_tag?post=154751"}],"curies":[{"name":"wp","href":"https:\/\/api.w.org\/{rel}","templated":true}]}}