{"id":154736,"date":"2025-12-18T17:35:35","date_gmt":"2025-12-18T14:35:35","guid":{"rendered":"https:\/\/baldumarket.lt\/product\/cross-s-szafa-4d2s-zgaszona-zielen-czarny\/"},"modified":"2026-02-05T09:46:38","modified_gmt":"2026-02-05T06:46:38","slug":"cross-s-szafa-4d2s-zgaszona-zielen-czarny","status":"publish","type":"product","link":"https:\/\/baldumarket.lt\/lt\/product\/cross-s-szafa-4d2s-zgaszona-zielen-czarny\/","title":{"rendered":"Cross S \u2013 Drabu\u017ein\u0117 4D2S, tamsiai \u017ealia juoda"},"content":{"rendered":"<p>Atraskite elegancij\u0105 ir funkcionalum\u0105, kur\u012f si\u016blo unikalios prislopintos \u017ealios spalvos \u201eCross S\u201c spinta. \u0160is baldas sukurs harmoning\u0105 atmosfer\u0105 j\u016bs\u0173 interjere, puikiai papildydamas tiek modern\u0173, tiek klasikin\u012f interjer\u0105. Stilingas dizainas, derinantis gil\u0173, tams\u0173 atspalv\u012f su subtilia \u017ealia spalva, suteiks j\u016bs\u0173 kambariui unikalaus charakterio ir jaukumo. \u201eCross S\u201c spinta tikrai patenkins net ir i\u0161rankiausi\u0105 gomur\u012f. \u012esp\u016bdingi matmenys \u2013 210 cm auk\u0161\u010dio ir 180 cm plo\u010dio \u2013 u\u017etikrina, kad joje tilps visi j\u016bs\u0173 drabu\u017eiai, aksesuarai ir kiti reikalingi daiktai, tuo pa\u010diu suteikiant erdvei lengvumo. Atidaromos prislopintos \u017ealios spalvos fasadai kartu su juodomis detal\u0117mis sukuria darni\u0105 ir eleganti\u0161k\u0105 visum\u0105, kuri patraukia ak\u012f. \u0160ios spintos funkcionalumas vir\u0161ija jos talp\u0105. D\u0117l apgalvoto vidaus erdv\u0117s suskirstymo galite lengvai susisteminti savo drabu\u017eius ir aksesuarus. Visi elementai buvo sukurti atsi\u017evelgiant \u012f kasdien\u012f naudojim\u0105, tod\u0117l gal\u0117site m\u0117gautis jos patogumu daugel\u012f met\u0173. \u201eCross S\u201c spinta \u2013 tai investicija \u012f kokyb\u0119, kuri veiks bet kokiomis s\u0105lygomis.<\/p>","protected":false},"excerpt":{"rendered":"<p>Plotis (cm): 180<br \/>\n\u016agis (cm): 210<br \/>\nGylis (cm): 60<\/p>","protected":false},"featured_media":154737,"comment_status":"open","ping_status":"open","template":"","meta":[],"product_brand":[],"product_cat":[9402,4105,1177],"product_tag":[],"class_list":{"0":"post-154736","1":"product","2":"type-product","3":"status-publish","4":"has-post-thumbnail","6":"product_cat-furniture-system-cross","7":"product_cat-helvetia","8":"product_cat-wardrobes","10":"first","11":"instock","12":"purchasable","13":"product-type-simple"},"_links":{"self":[{"href":"https:\/\/baldumarket.lt\/lt\/wp-json\/wp\/v2\/product\/154736","targetHints":{"allow":["GET"]}}],"collection":[{"href":"https:\/\/baldumarket.lt\/lt\/wp-json\/wp\/v2\/product"}],"about":[{"href":"https:\/\/baldumarket.lt\/lt\/wp-json\/wp\/v2\/types\/product"}],"replies":[{"embeddable":true,"href":"https:\/\/baldumarket.lt\/lt\/wp-json\/wp\/v2\/comments?post=154736"}],"wp:featuredmedia":[{"embeddable":true,"href":"https:\/\/baldumarket.lt\/lt\/wp-json\/wp\/v2\/media\/154737"}],"wp:attachment":[{"href":"https:\/\/baldumarket.lt\/lt\/wp-json\/wp\/v2\/media?parent=154736"}],"wp:term":[{"taxonomy":"product_brand","embeddable":true,"href":"https:\/\/baldumarket.lt\/lt\/wp-json\/wp\/v2\/product_brand?post=154736"},{"taxonomy":"product_cat","embeddable":true,"href":"https:\/\/baldumarket.lt\/lt\/wp-json\/wp\/v2\/product_cat?post=154736"},{"taxonomy":"product_tag","embeddable":true,"href":"https:\/\/baldumarket.lt\/lt\/wp-json\/wp\/v2\/product_tag?post=154736"}],"curies":[{"name":"wp","href":"https:\/\/api.w.org\/{rel}","templated":true}]}}