{"id":154731,"date":"2025-12-18T17:35:25","date_gmt":"2025-12-18T14:35:25","guid":{"rendered":"https:\/\/baldumarket.lt\/product\/cross-s-szafa-4d2s-dab-wotan-czarny-onyks-mat\/"},"modified":"2026-02-05T09:46:38","modified_gmt":"2026-02-05T06:46:38","slug":"cross-s-szafa-4d2s-dab-wotan-czarny-onyks-mat","status":"publish","type":"product","link":"https:\/\/baldumarket.lt\/lt\/product\/cross-s-szafa-4d2s-dab-wotan-czarny-onyks-mat\/","title":{"rendered":"\u201eCross S\u201c \u2013 Drabu\u017ein\u0117 4D2S, \u201eWotan Oak Black Onyx\u201c matin\u0117 spalva"},"content":{"rendered":"<p>Pakelkite savo interjer\u0105 \u012f nauj\u0105 lyg\u012f su ne\u012ftik\u0117tina \u201eCross S\u201c spinta, kuri \u017eavi tiek funkcionalumu, tiek unikaliu dizainu. Jos \u201eWotan\u201c \u0105\u017euolo ir eleganti\u0161kos matin\u0117s juodos onikso medienos derinys suteikia modernumo, tod\u0117l puikiai tiks bet kuriame kambaryje. D\u0117l savo dyd\u017eio \u0161i spinta puikiai tinka miegamajam, prie\u0161kambariui ar biurui, nes si\u016blo daug vietos daiktams susid\u0117ti. Sendintas \u201eWotan\u201c \u0105\u017euolas pasi\u017eymi ne tik spalva, bet ir unikalia nat\u016bralia kokybe. \u0160ilta ir nat\u016brali tekst\u016bra suteiks j\u016bs\u0173 interjerui jaukumo bei elegancijos. \u201e4D2S\u201c spinta tampa ne tik baldu, bet ir reik\u0161mingu dekoratyviniu elementu j\u016bs\u0173 erdv\u0117je. Ji \u012fvairiais b\u016bdais papildys interjer\u0105 ir puikiai papildys skandinavi\u0161k\u0105, modern\u0173 ar net minimalistin\u012f stili\u0173. Spintos funkcionalumas yra auk\u0161\u010diausio lygio. Ritininiai b\u0117geliai ir modern\u016bs dvigubi vyriai u\u017etikrina skland\u0173 veikim\u0105, o prieiga prie vidaus tapo \u017eymiai lengvesn\u0117. Viduje rasite pakankamai vietos tiek drabu\u017eiams, tiek kitiems kasdieniams daiktams laikyti. Tai puikus sprendimas tiems, kurie vertina tvark\u0105 ir nori, kad viskas b\u016bt\u0173 po ranka.<\/p>","protected":false},"excerpt":{"rendered":"<p>Plotis (cm): 180<br \/>\n\u016agis (cm): 210<br \/>\nGylis (cm): 60<\/p>","protected":false},"featured_media":154732,"comment_status":"open","ping_status":"open","template":"","meta":[],"product_brand":[],"product_cat":[9402,4105,1177],"product_tag":[],"class_list":{"0":"post-154731","1":"product","2":"type-product","3":"status-publish","4":"has-post-thumbnail","6":"product_cat-furniture-system-cross","7":"product_cat-helvetia","8":"product_cat-wardrobes","10":"first","11":"instock","12":"purchasable","13":"product-type-simple"},"_links":{"self":[{"href":"https:\/\/baldumarket.lt\/lt\/wp-json\/wp\/v2\/product\/154731","targetHints":{"allow":["GET"]}}],"collection":[{"href":"https:\/\/baldumarket.lt\/lt\/wp-json\/wp\/v2\/product"}],"about":[{"href":"https:\/\/baldumarket.lt\/lt\/wp-json\/wp\/v2\/types\/product"}],"replies":[{"embeddable":true,"href":"https:\/\/baldumarket.lt\/lt\/wp-json\/wp\/v2\/comments?post=154731"}],"wp:featuredmedia":[{"embeddable":true,"href":"https:\/\/baldumarket.lt\/lt\/wp-json\/wp\/v2\/media\/154732"}],"wp:attachment":[{"href":"https:\/\/baldumarket.lt\/lt\/wp-json\/wp\/v2\/media?parent=154731"}],"wp:term":[{"taxonomy":"product_brand","embeddable":true,"href":"https:\/\/baldumarket.lt\/lt\/wp-json\/wp\/v2\/product_brand?post=154731"},{"taxonomy":"product_cat","embeddable":true,"href":"https:\/\/baldumarket.lt\/lt\/wp-json\/wp\/v2\/product_cat?post=154731"},{"taxonomy":"product_tag","embeddable":true,"href":"https:\/\/baldumarket.lt\/lt\/wp-json\/wp\/v2\/product_tag?post=154731"}],"curies":[{"name":"wp","href":"https:\/\/api.w.org\/{rel}","templated":true}]}}