{"id":154726,"date":"2025-12-18T17:35:15","date_gmt":"2025-12-18T14:35:15","guid":{"rendered":"https:\/\/baldumarket.lt\/product\/cross-s-szafa-4d2s-congo-czarny-onyks-mat\/"},"modified":"2026-02-05T09:46:38","modified_gmt":"2026-02-05T06:46:38","slug":"cross-s-szafa-4d2s-congo-czarny-onyks-mat","status":"publish","type":"product","link":"https:\/\/baldumarket.lt\/lt\/product\/cross-s-szafa-4d2s-congo-czarny-onyks-mat\/","title":{"rendered":"\u201eCross S\u201c \u2013 drabu\u017ei\u0173 spinta 4D2S, Kongo juodumo onikso matin\u0117 spalva"},"content":{"rendered":"<p>Su \u201eHelvetia\u201c \u201eCross S\u201c spinta suteikite savo interjerui elegancijos. Minimalistinis dizainas kartu su rafinuota \u201eCongo Black Onyx Matte\u201c spalv\u0173 gama paver\u010dia j\u0105 bet kurio kambario traukos centru. 180 cm plo\u010dio, 210 cm auk\u0161\u010dio ir 60 cm gylio spinta ne tik puikiai atrodo, bet ir yra sukurta atsi\u017evelgiant \u012f funkcionalum\u0105, tod\u0117l tai puikus sprendimas tiems, kurie vertina ir estetik\u0105, ir prakti\u0161kum\u0105. Kiekvienas \u0161ios spintos elementas buvo kruop\u0161\u010diai sukurtas siekiant u\u017etikrinti puiki\u0105 j\u016bs\u0173 erdv\u0117s organizacij\u0105. Su keturiomis durel\u0117mis ir dviem stal\u010diais \u201eCross S\u201c spinta si\u016blo daug vietos drabu\u017eiams, patalynei ir kitiems b\u016btiniausiems daiktams. Interjeras \u017eavi puikiai i\u0161d\u0117stytomis lentynomis, kurios u\u017etikrina lankst\u0173 daikt\u0173 laikym\u0105, prisitaikant prie \u012fvairi\u0173 naudotoj\u0173 poreiki\u0173. \u0160io baldo si\u016bloma kaina u\u017e funkcionalum\u0105 yra neprilygstama. Be i\u0161skirtinio naudojimo patogumo, \u201eCross S\u201c spinta taip pat i\u0161siskiria sant\u016bria, ta\u010diau modernia apdaila, puikiai atitinkan\u010dia dabartines tendencijas. Eleganti\u0161ka matin\u0117 apdaila leid\u017eia spintai puikiai tinka \u012fvairiems interjero dizaino stiliams \u2013 nuo minimalistinio iki skandinavi\u0161ko ir klasikinio. Be to, juodos kojel\u0117s suteikia baldui lengvumo ir harmoningumo.<\/p>","protected":false},"excerpt":{"rendered":"<p>Plotis (cm): 180<br \/>\n\u016agis (cm): 210<br \/>\nGylis (cm): 60<\/p>","protected":false},"featured_media":154727,"comment_status":"open","ping_status":"open","template":"","meta":[],"product_brand":[],"product_cat":[9402,4105,1177],"product_tag":[],"class_list":{"0":"post-154726","1":"product","2":"type-product","3":"status-publish","4":"has-post-thumbnail","6":"product_cat-furniture-system-cross","7":"product_cat-helvetia","8":"product_cat-wardrobes","10":"first","11":"instock","12":"purchasable","13":"product-type-simple"},"_links":{"self":[{"href":"https:\/\/baldumarket.lt\/lt\/wp-json\/wp\/v2\/product\/154726","targetHints":{"allow":["GET"]}}],"collection":[{"href":"https:\/\/baldumarket.lt\/lt\/wp-json\/wp\/v2\/product"}],"about":[{"href":"https:\/\/baldumarket.lt\/lt\/wp-json\/wp\/v2\/types\/product"}],"replies":[{"embeddable":true,"href":"https:\/\/baldumarket.lt\/lt\/wp-json\/wp\/v2\/comments?post=154726"}],"wp:featuredmedia":[{"embeddable":true,"href":"https:\/\/baldumarket.lt\/lt\/wp-json\/wp\/v2\/media\/154727"}],"wp:attachment":[{"href":"https:\/\/baldumarket.lt\/lt\/wp-json\/wp\/v2\/media?parent=154726"}],"wp:term":[{"taxonomy":"product_brand","embeddable":true,"href":"https:\/\/baldumarket.lt\/lt\/wp-json\/wp\/v2\/product_brand?post=154726"},{"taxonomy":"product_cat","embeddable":true,"href":"https:\/\/baldumarket.lt\/lt\/wp-json\/wp\/v2\/product_cat?post=154726"},{"taxonomy":"product_tag","embeddable":true,"href":"https:\/\/baldumarket.lt\/lt\/wp-json\/wp\/v2\/product_tag?post=154726"}],"curies":[{"name":"wp","href":"https:\/\/api.w.org\/{rel}","templated":true}]}}