{"id":154721,"date":"2025-12-18T17:35:05","date_gmt":"2025-12-18T14:35:05","guid":{"rendered":"https:\/\/baldumarket.lt\/product\/cross-s-szafa-4d2s-bialy-czarny-onyks-mat\/"},"modified":"2026-02-05T09:46:38","modified_gmt":"2026-02-05T06:46:38","slug":"cross-s-szafa-4d2s-bialy-czarny-onyks-mat","status":"publish","type":"product","link":"https:\/\/baldumarket.lt\/lt\/product\/cross-s-szafa-4d2s-bialy-czarny-onyks-mat\/","title":{"rendered":"\u201eCross S\u201c \u2013 Drabu\u017ein\u0117 4D2S, balta, juoda, onikso spalvos, matin\u0117"},"content":{"rendered":"<p>Atraskite \u201eCross S\u201c spint\u0105, kurioje dera elegancija ir modernus dizainas. \u0160i stilinga spinta, apdailinta madingu matiniu baltu ir juodu oniksu, taps tikra bet kurio miegamojo puo\u0161mena. Minimalistin\u0117 i\u0161vaizda papildys modern\u0173 interjer\u0105, suteikdama charakterio ir rafinuotumo. D\u0117l puikiai suprojektuot\u0173 proporcij\u0173 180 cm plo\u010dio ir 210 cm auk\u0161\u010dio spinta skland\u017eiai \u012fsilies \u012f bet koki\u0105 erdv\u0119, si\u016blydama ne tik estetik\u0105, bet ir funkcionalum\u0105. \u201eCross S\u201c spinta yra puikus sprendimas tiems, kurie vertina tvark\u0105 ir organizuotum\u0105. Erdvios, esteti\u0161kai patrauklios durys, jas atidarius, patenkama \u012f erdv\u0173 vid\u0173, kuriame tilps visi j\u016bs\u0173 drabu\u017eiai ir aksesuarai. Patvarios lentynos, taip pat baltos spalvos, u\u017etikrina maksimal\u0173 erdv\u0117s i\u0161naudojim\u0105 ir leid\u017eia efektyviai laikyti daiktus. Be to, tvirta konstrukcija garantuoja ilgalaik\u012f naudojim\u0105, tod\u0117l \u0161i spinta yra ilgalaik\u0117 investicija. Stilius taip pat svarbus \u2013 \u201eCross S\u201c spinta i\u0161siskiria moderniomis detal\u0117mis, tokiomis kaip matin\u0117 apdaila ir eleganti\u0161kos juodos kojel\u0117s. \u0160ie subtil\u016bs akcentai suteikia klas\u0117s prisilietim\u0105, tod\u0117l spinta idealiai tinka tiek miegamiesiems, tiek koridoriams. Nesenstantis dizainas leid\u017eia jai skland\u017eiai der\u0117ti su kitais interjero baldais.<\/p>","protected":false},"excerpt":{"rendered":"<p>Plotis (cm): 180<br \/>\n\u016agis (cm): 210<br \/>\nGylis (cm): 60<\/p>","protected":false},"featured_media":154722,"comment_status":"open","ping_status":"open","template":"","meta":[],"product_brand":[],"product_cat":[9402,4105,1177],"product_tag":[],"class_list":{"0":"post-154721","1":"product","2":"type-product","3":"status-publish","4":"has-post-thumbnail","6":"product_cat-furniture-system-cross","7":"product_cat-helvetia","8":"product_cat-wardrobes","10":"first","11":"instock","12":"purchasable","13":"product-type-simple"},"_links":{"self":[{"href":"https:\/\/baldumarket.lt\/lt\/wp-json\/wp\/v2\/product\/154721","targetHints":{"allow":["GET"]}}],"collection":[{"href":"https:\/\/baldumarket.lt\/lt\/wp-json\/wp\/v2\/product"}],"about":[{"href":"https:\/\/baldumarket.lt\/lt\/wp-json\/wp\/v2\/types\/product"}],"replies":[{"embeddable":true,"href":"https:\/\/baldumarket.lt\/lt\/wp-json\/wp\/v2\/comments?post=154721"}],"wp:featuredmedia":[{"embeddable":true,"href":"https:\/\/baldumarket.lt\/lt\/wp-json\/wp\/v2\/media\/154722"}],"wp:attachment":[{"href":"https:\/\/baldumarket.lt\/lt\/wp-json\/wp\/v2\/media?parent=154721"}],"wp:term":[{"taxonomy":"product_brand","embeddable":true,"href":"https:\/\/baldumarket.lt\/lt\/wp-json\/wp\/v2\/product_brand?post=154721"},{"taxonomy":"product_cat","embeddable":true,"href":"https:\/\/baldumarket.lt\/lt\/wp-json\/wp\/v2\/product_cat?post=154721"},{"taxonomy":"product_tag","embeddable":true,"href":"https:\/\/baldumarket.lt\/lt\/wp-json\/wp\/v2\/product_tag?post=154721"}],"curies":[{"name":"wp","href":"https:\/\/api.w.org\/{rel}","templated":true}]}}