{"id":154714,"date":"2025-12-18T17:34:50","date_gmt":"2025-12-18T14:34:50","guid":{"rendered":"https:\/\/baldumarket.lt\/product\/cross-s-szafa-2d1s-zgaszona-zielen-czarny\/"},"modified":"2026-02-05T09:46:46","modified_gmt":"2026-02-05T06:46:46","slug":"cross-s-szafa-2d1s-zgaszona-zielen-czarny","status":"publish","type":"product","link":"https:\/\/baldumarket.lt\/lt\/product\/cross-s-szafa-2d1s-zgaszona-zielen-czarny\/","title":{"rendered":"Cross S \u2013 Drabu\u017ein\u0117 2D1S tamsiai \u017ealia juoda"},"content":{"rendered":"<p>Ie\u0161kote eleganti\u0161ko ir funkcionalaus interjero papildymo? \u201eCross S\u201c spinta \u2013 puikus sprendimas tiems, kurie vertina unikalaus stiliaus ir prakti\u0161kumo derin\u012f. Subtilus prislopintos \u017ealios spalvos atspalvis kartu su klasikine juoda apdaila paver\u010dia j\u0105 ne tik naudingu baldu, bet ir stilingu akcentu bet kuriame kambaryje. 210 cm auk\u0161\u010dio ir 89 cm plo\u010dio \u0161i spinta puikiai i\u0161naudoja erdv\u0119, suteikdama daug vietos j\u016bs\u0173 drabu\u017eiams ir aksesuarams. Viduje \u012frengtos tvirtos lentynos, kurios pad\u0117s i\u0161likti organizuotiems ir bus naudingos kasdieniam naudojimui. D\u0117l gerai apgalvoto dizaino kiekviena spintos dalis suteikia patogi\u0105 prieig\u0105 prie laikom\u0173 daikt\u0173. Stilingas \u201eCross S\u201c spintos dizainas harmoningai dera prie \u012fvairi\u0173 interjero dizain\u0173 \u2013 nuo minimalistinio iki klasikinio. Juodas pagrindas suteikia lengvumo ir elegancijos, sukurdamas modern\u0173 kontrast\u0105. Prislopinta \u017ealia spalva ne tik atitinka dabartines tendencijas, bet ir suteikia interjerui gaivumo bei ramyb\u0117s.<\/p>","protected":false},"excerpt":{"rendered":"<p>Plotis (cm): 89<br \/>\n\u016agis (cm): 210<br \/>\nGylis (cm): 60<\/p>","protected":false},"featured_media":154715,"comment_status":"open","ping_status":"open","template":"","meta":[],"product_brand":[],"product_cat":[9402,4105,1177],"product_tag":[],"class_list":{"0":"post-154714","1":"product","2":"type-product","3":"status-publish","4":"has-post-thumbnail","6":"product_cat-furniture-system-cross","7":"product_cat-helvetia","8":"product_cat-wardrobes","10":"first","11":"instock","12":"purchasable","13":"product-type-simple"},"_links":{"self":[{"href":"https:\/\/baldumarket.lt\/lt\/wp-json\/wp\/v2\/product\/154714","targetHints":{"allow":["GET"]}}],"collection":[{"href":"https:\/\/baldumarket.lt\/lt\/wp-json\/wp\/v2\/product"}],"about":[{"href":"https:\/\/baldumarket.lt\/lt\/wp-json\/wp\/v2\/types\/product"}],"replies":[{"embeddable":true,"href":"https:\/\/baldumarket.lt\/lt\/wp-json\/wp\/v2\/comments?post=154714"}],"wp:featuredmedia":[{"embeddable":true,"href":"https:\/\/baldumarket.lt\/lt\/wp-json\/wp\/v2\/media\/154715"}],"wp:attachment":[{"href":"https:\/\/baldumarket.lt\/lt\/wp-json\/wp\/v2\/media?parent=154714"}],"wp:term":[{"taxonomy":"product_brand","embeddable":true,"href":"https:\/\/baldumarket.lt\/lt\/wp-json\/wp\/v2\/product_brand?post=154714"},{"taxonomy":"product_cat","embeddable":true,"href":"https:\/\/baldumarket.lt\/lt\/wp-json\/wp\/v2\/product_cat?post=154714"},{"taxonomy":"product_tag","embeddable":true,"href":"https:\/\/baldumarket.lt\/lt\/wp-json\/wp\/v2\/product_tag?post=154714"}],"curies":[{"name":"wp","href":"https:\/\/api.w.org\/{rel}","templated":true}]}}