{"id":154709,"date":"2025-12-18T17:34:38","date_gmt":"2025-12-18T14:34:38","guid":{"rendered":"https:\/\/baldumarket.lt\/product\/cross-s-szafa-2d1s-dab-wotan-czarny-onyks-mat\/"},"modified":"2026-02-05T09:46:46","modified_gmt":"2026-02-05T06:46:46","slug":"cross-s-szafa-2d1s-dab-wotan-czarny-onyks-mat","status":"publish","type":"product","link":"https:\/\/baldumarket.lt\/lt\/product\/cross-s-szafa-2d1s-dab-wotan-czarny-onyks-mat\/","title":{"rendered":"\u201eCross S\u201c \u2013 Drabu\u017ein\u0117 2D1S, \u201eWotan Oak Black Onyx\u201c matin\u0117 spalva"},"content":{"rendered":"<p>Atraskite magi\u0161k\u0105 stiliaus ir funkcionalumo derin\u012f su \u201eCross S\u201c spinta, kuri puikiai papildys j\u016bs\u0173 interjer\u0105. Pagaminta i\u0161 Wotan \u0105\u017euolo su eleganti\u0161ka matin\u0117s juodos onikso apdaila, \u0161i spinta ne tik \u017eavi savo estetika, bet ir suteikia j\u016bs\u0173 namams modernumo. Minimalistinis dizainas paver\u010dia j\u0105 bet kurio miegamojo, svetain\u0117s ar prie\u0161kambario traukos centru, suteikdamas erdvei unikal\u0173 charakter\u012f. \u201eCross S\u201c spinta yra puikus sprendimas tiems, kurie vertina prakti\u0161kum\u0105 kasdieniame naudojime. Nepaisant kompakti\u0161k\u0173 matmen\u0173, ji si\u016blo daug vietos j\u016bs\u0173 drabu\u017eiams ir aksesuarams. D\u0117l kruop\u0161\u010diai suplanuoto interjero gal\u0117site lengvai pasiekti visk\u0105, ko jums reikia, i\u0161laikydami tvark\u0105. Minimalistin\u0117, ta\u010diau eleganti\u0161ka apdaila leid\u017eia \u0161iai spintai harmoningai der\u0117ti prie \u012fvairi\u0173 interjero stili\u0173. Taip pat labai svarbus spintos med\u017eiag\u0173 patvarumas. Auk\u0161tos kokyb\u0117s laminuota plok\u0161t\u0117 u\u017etikrina ne tik estetin\u0119 i\u0161vaizd\u0105, bet ir atsparum\u0105 pa\u017eeidimams bei lengv\u0105 prie\u017ei\u016br\u0105. D\u0117l tvirt\u0173 vyri\u0173 ir kreipian\u010di\u0173j\u0173 kiekvienas judesys bus sklandus, tod\u0117l atidarymas ir u\u017edarymas bus malonumas, o ne vargas.<\/p>","protected":false},"excerpt":{"rendered":"<p>Plotis (cm): 89<br \/>\n\u016agis (cm): 210<br \/>\nGylis (cm): 60<\/p>","protected":false},"featured_media":154710,"comment_status":"open","ping_status":"open","template":"","meta":[],"product_brand":[],"product_cat":[9402,4105,1177],"product_tag":[],"class_list":{"0":"post-154709","1":"product","2":"type-product","3":"status-publish","4":"has-post-thumbnail","6":"product_cat-furniture-system-cross","7":"product_cat-helvetia","8":"product_cat-wardrobes","10":"first","11":"instock","12":"purchasable","13":"product-type-simple"},"_links":{"self":[{"href":"https:\/\/baldumarket.lt\/lt\/wp-json\/wp\/v2\/product\/154709","targetHints":{"allow":["GET"]}}],"collection":[{"href":"https:\/\/baldumarket.lt\/lt\/wp-json\/wp\/v2\/product"}],"about":[{"href":"https:\/\/baldumarket.lt\/lt\/wp-json\/wp\/v2\/types\/product"}],"replies":[{"embeddable":true,"href":"https:\/\/baldumarket.lt\/lt\/wp-json\/wp\/v2\/comments?post=154709"}],"wp:featuredmedia":[{"embeddable":true,"href":"https:\/\/baldumarket.lt\/lt\/wp-json\/wp\/v2\/media\/154710"}],"wp:attachment":[{"href":"https:\/\/baldumarket.lt\/lt\/wp-json\/wp\/v2\/media?parent=154709"}],"wp:term":[{"taxonomy":"product_brand","embeddable":true,"href":"https:\/\/baldumarket.lt\/lt\/wp-json\/wp\/v2\/product_brand?post=154709"},{"taxonomy":"product_cat","embeddable":true,"href":"https:\/\/baldumarket.lt\/lt\/wp-json\/wp\/v2\/product_cat?post=154709"},{"taxonomy":"product_tag","embeddable":true,"href":"https:\/\/baldumarket.lt\/lt\/wp-json\/wp\/v2\/product_tag?post=154709"}],"curies":[{"name":"wp","href":"https:\/\/api.w.org\/{rel}","templated":true}]}}