{"id":154704,"date":"2025-12-18T17:34:26","date_gmt":"2025-12-18T14:34:26","guid":{"rendered":"https:\/\/baldumarket.lt\/product\/cross-s-szafa-2d1s-congo-czarny-onyks-mat\/"},"modified":"2026-02-05T09:46:46","modified_gmt":"2026-02-05T06:46:46","slug":"cross-s-szafa-2d1s-congo-czarny-onyks-mat","status":"publish","type":"product","link":"https:\/\/baldumarket.lt\/lt\/product\/cross-s-szafa-2d1s-congo-czarny-onyks-mat\/","title":{"rendered":"\u201eCross S\u201c \u2013 Drabu\u017ein\u0117 2D1S, Kongo juodumo onikso matin\u0117 spalva"},"content":{"rendered":"<p>Atraskite i\u0161skirtin\u0119 \u201e2D1S Congo\u201c spint\u0105 matin\u0117s juodos onikso spalvos i\u0161 \u017einomo \u201eHelvetia\u201c prek\u0117s \u017eenklo. \u0160i eleganti\u0161ka 89 cm plo\u010dio, 210 cm auk\u0161\u010dio ir 60 cm gylio spinta sukurta tiems, kurie vertina modern\u0173 dizain\u0105 ir funkcionalum\u0105 kiekvienoje detal\u0117je. Minimalistin\u0117 forma puikiai dera prie bet kokio interjero, o tobulai deran\u010dios spalvos paver\u010dia j\u0105 tikru centriniu akcentu. Sukurta galvojant apie harmonij\u0105 ir komfort\u0105, spinta atrodo stulbinamai d\u0117l matin\u0117s apdailos, suteikian\u010dios jai eleganti\u0161k\u0105 ir subtil\u0173 akcent\u0105. Kongo korpuso spalva ir juodos onikso spalvos fasadai puikiai papildo vienas kit\u0105, sukurdami darni\u0105, ak\u012f traukian\u010di\u0105 visum\u0105. Tai puikus pasirinkimas tiems, kurie vertina stiling\u0105 minimalizm\u0105, estetikos ir prakti\u0161kumo derin\u012f. Nesvarbu, ar jums reikia vietos drabu\u017eiams, patalynei ar kitiems aksesuarams, Kongo spinta suteikia daug vietos visiems j\u016bs\u0173 daiktams susitvarkyti. Gerai apgalvotas dizainas ir erdvios lentynos supaprastins kasdien\u012f erdv\u0117s valdym\u0105, o auk\u0161tos kokyb\u0117s laminuota plok\u0161t\u0117 u\u017etikrins ilgaam\u017ei\u0161kum\u0105. Tai pavers kiekvien\u0105 valymo akimirk\u0105 malonumu, o j\u016bs gal\u0117site m\u0117gautis idealiai tvarkingu interjeru.<\/p>","protected":false},"excerpt":{"rendered":"<p>Plotis (cm): 89<br \/>\n\u016agis (cm): 210<br \/>\nGylis (cm): 60<\/p>","protected":false},"featured_media":154705,"comment_status":"open","ping_status":"open","template":"","meta":[],"product_brand":[],"product_cat":[9402,4105,1177],"product_tag":[],"class_list":{"0":"post-154704","1":"product","2":"type-product","3":"status-publish","4":"has-post-thumbnail","6":"product_cat-furniture-system-cross","7":"product_cat-helvetia","8":"product_cat-wardrobes","10":"first","11":"instock","12":"purchasable","13":"product-type-simple"},"_links":{"self":[{"href":"https:\/\/baldumarket.lt\/lt\/wp-json\/wp\/v2\/product\/154704","targetHints":{"allow":["GET"]}}],"collection":[{"href":"https:\/\/baldumarket.lt\/lt\/wp-json\/wp\/v2\/product"}],"about":[{"href":"https:\/\/baldumarket.lt\/lt\/wp-json\/wp\/v2\/types\/product"}],"replies":[{"embeddable":true,"href":"https:\/\/baldumarket.lt\/lt\/wp-json\/wp\/v2\/comments?post=154704"}],"wp:featuredmedia":[{"embeddable":true,"href":"https:\/\/baldumarket.lt\/lt\/wp-json\/wp\/v2\/media\/154705"}],"wp:attachment":[{"href":"https:\/\/baldumarket.lt\/lt\/wp-json\/wp\/v2\/media?parent=154704"}],"wp:term":[{"taxonomy":"product_brand","embeddable":true,"href":"https:\/\/baldumarket.lt\/lt\/wp-json\/wp\/v2\/product_brand?post=154704"},{"taxonomy":"product_cat","embeddable":true,"href":"https:\/\/baldumarket.lt\/lt\/wp-json\/wp\/v2\/product_cat?post=154704"},{"taxonomy":"product_tag","embeddable":true,"href":"https:\/\/baldumarket.lt\/lt\/wp-json\/wp\/v2\/product_tag?post=154704"}],"curies":[{"name":"wp","href":"https:\/\/api.w.org\/{rel}","templated":true}]}}