{"id":154699,"date":"2025-12-18T17:34:15","date_gmt":"2025-12-18T14:34:15","guid":{"rendered":"https:\/\/baldumarket.lt\/product\/cross-s-szafa-2d1s-bialy-czarny-onyks-mat\/"},"modified":"2026-02-05T09:46:46","modified_gmt":"2026-02-05T06:46:46","slug":"cross-s-szafa-2d1s-bialy-czarny-onyks-mat","status":"publish","type":"product","link":"https:\/\/baldumarket.lt\/lt\/product\/cross-s-szafa-2d1s-bialy-czarny-onyks-mat\/","title":{"rendered":"\u201eCross S\u201c \u2013 Drabu\u017ein\u0117 2D1S, balta, juoda, onikso spalvos, matin\u0117"},"content":{"rendered":"<p>Atraskite stiling\u0105 ir eleganti\u0161k\u0105 garsaus \u201eHelvetia\u201c prek\u0117s \u017eenklo \u201eCross S\u201c spint\u0105 \u2013 tobul\u0105 j\u016bs\u0173 interjero papildym\u0105. Modernus dizainas derina minimalistin\u0119 matin\u0117s baltos spalvos fasad\u0173 estetik\u0105 su sodria, prabangia onikso juoda spalva, tod\u0117l ji tampa ne\u012ftik\u0117tinai patraukliu bet kurio kambario akcentu. 210 cm auk\u0161\u010dio \u0161i spinta neabejotinai pritrauks d\u0117mes\u012f ir suteiks j\u016bs\u0173 namams elegancijos. \u201eCross S\u201c spinta ne tik \u017eavi savo i\u0161vaizda, bet ir pasi\u017eymi i\u0161skirtiniu funkcionalumu. D\u0117l erdvaus dizaino ir optimali\u0173 matmen\u0173 (plotis 89 cm, gylis 60 cm) ji si\u016blo i\u0161skirtin\u0119 erdv\u0119 j\u016bs\u0173 drabu\u017eiams ir kitiems aksesuarams. Du erdv\u016bs stal\u010diai ir lentynos su matine balta apdaila leid\u017eia patogiai susid\u0117ti daiktus, o papildoma erdv\u0117 rei\u0161kia, kad spintoje lengvai rasite viet\u0105 viskam, ko jums reikia. Pagaminta i\u0161 auk\u0161tos kokyb\u0117s laminuotos plok\u0161t\u0117s, \u201eCross S\u201c spinta garantuoja patvarum\u0105 ir lengv\u0105 prie\u017ei\u016br\u0105. Jos komponentai, tokie kaip u\u017elenkiami vyriai ir ritininiai kreiptuvai, u\u017etikrina tyl\u0173 ir patog\u0173 veikim\u0105, o tai rei\u0161kia kasdien\u012f patogum\u0105. Be to, spintos surinkimas yra paprastas, tod\u0117l j\u0105 galima greitai ir be vargo sumontuoti j\u016bs\u0173 interjere.<\/p>","protected":false},"excerpt":{"rendered":"<p>Plotis (cm): 89<br \/>\n\u016agis (cm): 210<br \/>\nGylis (cm): 60<\/p>","protected":false},"featured_media":154700,"comment_status":"open","ping_status":"open","template":"","meta":[],"product_brand":[],"product_cat":[9402,4105,1177],"product_tag":[],"class_list":{"0":"post-154699","1":"product","2":"type-product","3":"status-publish","4":"has-post-thumbnail","6":"product_cat-furniture-system-cross","7":"product_cat-helvetia","8":"product_cat-wardrobes","10":"first","11":"instock","12":"purchasable","13":"product-type-simple"},"_links":{"self":[{"href":"https:\/\/baldumarket.lt\/lt\/wp-json\/wp\/v2\/product\/154699","targetHints":{"allow":["GET"]}}],"collection":[{"href":"https:\/\/baldumarket.lt\/lt\/wp-json\/wp\/v2\/product"}],"about":[{"href":"https:\/\/baldumarket.lt\/lt\/wp-json\/wp\/v2\/types\/product"}],"replies":[{"embeddable":true,"href":"https:\/\/baldumarket.lt\/lt\/wp-json\/wp\/v2\/comments?post=154699"}],"wp:featuredmedia":[{"embeddable":true,"href":"https:\/\/baldumarket.lt\/lt\/wp-json\/wp\/v2\/media\/154700"}],"wp:attachment":[{"href":"https:\/\/baldumarket.lt\/lt\/wp-json\/wp\/v2\/media?parent=154699"}],"wp:term":[{"taxonomy":"product_brand","embeddable":true,"href":"https:\/\/baldumarket.lt\/lt\/wp-json\/wp\/v2\/product_brand?post=154699"},{"taxonomy":"product_cat","embeddable":true,"href":"https:\/\/baldumarket.lt\/lt\/wp-json\/wp\/v2\/product_cat?post=154699"},{"taxonomy":"product_tag","embeddable":true,"href":"https:\/\/baldumarket.lt\/lt\/wp-json\/wp\/v2\/product_tag?post=154699"}],"curies":[{"name":"wp","href":"https:\/\/api.w.org\/{rel}","templated":true}]}}