{"id":154693,"date":"2025-12-18T17:34:02","date_gmt":"2025-12-18T14:34:02","guid":{"rendered":"https:\/\/baldumarket.lt\/product\/cross-s-lozko-z-pojemnikiem-i-stelazem-180-cm-dab-wotan-czarny-onyks-mat\/"},"modified":"2026-02-05T09:46:46","modified_gmt":"2026-02-05T06:46:46","slug":"cross-s-lozko-z-pojemnikiem-i-stelazem-180-cm-dab-wotan-czarny-onyks-mat","status":"publish","type":"product","link":"https:\/\/baldumarket.lt\/lt\/product\/cross-s-lozko-z-pojemnikiem-i-stelazem-180-cm-dab-wotan-czarny-onyks-mat\/","title":{"rendered":"\u201eCross S\u201c \u2013 lova su indu ir r\u0117mu, 180 cm, \u201eWotan\u201c \u0105\u017euolo juodo onikso spalvos matin\u0117 spalva"},"content":{"rendered":"<p>Atraskite unikal\u0173 stili\u0173 ir funkcionalum\u0105, kur\u012f si\u016blo \u201eCross S\u201c lova. Pagaminta i\u0161 eleganti\u0161ko \u201eWotan\u201c \u0105\u017euolo su matin\u0117s juodos onikso spalvos apdaila, \u0161i i\u0161skirtin\u0117 lova suteiks j\u016bs\u0173 miegamajam modernumo. Minimalistin\u0117 forma harmoningai der\u0117s prie bet kokio interjero, sukurs jauki\u0105 ir atpalaiduojan\u010di\u0105 atmosfer\u0105, puikiai tinkan\u010di\u0105 atsipalaiduoti po ilgos dienos. Nesvarbu, ar jums labiau patinka skandinavi\u0161ko, ar labiau industrinio stiliaus miegamasis, \u201eCross S\u201c lova pabr\u0117\u0161 j\u016bs\u0173 individual\u0173 po\u017ei\u016br\u012f \u012f interjero dizain\u0105. Unikalus dizainas pavers j\u0105 j\u016bs\u0173 miegamojo traukos centru, o \u012fdomus spalv\u0173 kontrastas suteiks modernumo ir elegancijos. Ta\u010diau estetika dar ne viskas \u2013 \u201eCross S\u201c lova buvo sukurta galvojant apie maksimal\u0173 komfort\u0105. \u012erengta patalyn\u0117s laikymo skyriumi ir pakeliamu r\u0117mu, ji si\u016blo prakti\u0161k\u0105 sprendim\u0105 tiems, kurie vertina tvarking\u0105 interjer\u0105. Dabar galite lengvai laikyti pagalves ir antklodes, tuo pa\u010diu atlaisvindami papildomos naudingos erdv\u0117s, o tai ypa\u010d svarbu ma\u017eesniuose butuose.<\/p>","protected":false},"excerpt":{"rendered":"<p>Plotis (cm): 184<br \/>\n\u016agis (cm): 91<br \/>\nGylis (cm): 205<\/p>","protected":false},"featured_media":154694,"comment_status":"open","ping_status":"open","template":"","meta":[],"product_brand":[],"product_cat":[9402,505,4105],"product_tag":[],"class_list":{"0":"post-154693","1":"product","2":"type-product","3":"status-publish","4":"has-post-thumbnail","6":"product_cat-furniture-system-cross","7":"product_cat-bedroom-beds","8":"product_cat-helvetia","10":"first","11":"instock","12":"purchasable","13":"product-type-simple"},"_links":{"self":[{"href":"https:\/\/baldumarket.lt\/lt\/wp-json\/wp\/v2\/product\/154693","targetHints":{"allow":["GET"]}}],"collection":[{"href":"https:\/\/baldumarket.lt\/lt\/wp-json\/wp\/v2\/product"}],"about":[{"href":"https:\/\/baldumarket.lt\/lt\/wp-json\/wp\/v2\/types\/product"}],"replies":[{"embeddable":true,"href":"https:\/\/baldumarket.lt\/lt\/wp-json\/wp\/v2\/comments?post=154693"}],"wp:featuredmedia":[{"embeddable":true,"href":"https:\/\/baldumarket.lt\/lt\/wp-json\/wp\/v2\/media\/154694"}],"wp:attachment":[{"href":"https:\/\/baldumarket.lt\/lt\/wp-json\/wp\/v2\/media?parent=154693"}],"wp:term":[{"taxonomy":"product_brand","embeddable":true,"href":"https:\/\/baldumarket.lt\/lt\/wp-json\/wp\/v2\/product_brand?post=154693"},{"taxonomy":"product_cat","embeddable":true,"href":"https:\/\/baldumarket.lt\/lt\/wp-json\/wp\/v2\/product_cat?post=154693"},{"taxonomy":"product_tag","embeddable":true,"href":"https:\/\/baldumarket.lt\/lt\/wp-json\/wp\/v2\/product_tag?post=154693"}],"curies":[{"name":"wp","href":"https:\/\/api.w.org\/{rel}","templated":true}]}}