{"id":154689,"date":"2025-12-18T17:33:53","date_gmt":"2025-12-18T14:33:53","guid":{"rendered":"https:\/\/baldumarket.lt\/product\/cross-s-lozko-z-pojemnikiem-i-stelazem-180-cm-congo-czarny-onyks-mat\/"},"modified":"2026-02-05T09:46:46","modified_gmt":"2026-02-05T06:46:46","slug":"cross-s-lozko-z-pojemnikiem-i-stelazem-180-cm-congo-czarny-onyks-mat","status":"publish","type":"product","link":"https:\/\/baldumarket.lt\/lt\/product\/cross-s-lozko-z-pojemnikiem-i-stelazem-180-cm-congo-czarny-onyks-mat\/","title":{"rendered":"\u201eCross S\u201c \u2013 lova su konteineriu ir r\u0117mu, 180 cm, Kongo juodos spalvos, onikso spalvos, matin\u0117"},"content":{"rendered":"<p>Jaukus ir modernus miegamojo stilius su \u201eHelvetia\u201c \u201eCross S\u201c lova \u2013 tikras malonumas visiems, ie\u0161kantiems elegancijos ir funkcionalumo derinio. \u0160i lova, padengta matiniu Kongo juodojo onikso pavir\u0161iumi, spinduliuoja rami\u0105 ir moderni\u0105 atmosfer\u0105, tod\u0117l tampa miegamojo traukos centru. Ji puikiai dera su naujausiomis interjero dizaino tendencijomis ir suteikia kambariui unikal\u0173 charakter\u012f.<\/p>\n<p>180 cm plo\u010dio \u201eCross S\u201c yra erdvi, tod\u0117l patogiai miegos du \u017emon\u0117s. Pakeliamas r\u0117mas ir patalyn\u0117s laikymo vieta \u2013 tai savyb\u0117s, kurias \u012fvertins visi, turintys ribot\u0105 erdv\u0119. Vietoj i\u0161m\u0117tyt\u0173 daikt\u0173 galite lengvai susid\u0117ti patalyn\u0119 ir kitus aksesuarus, taip palaikydami tvark\u0105 miegamajame ir suteikdami jam harmoning\u0105 i\u0161vaizd\u0105.<\/p>\n<p>Lovos r\u0117mas ir priekin\u0117 dalis pagaminti i\u0161 laminuotos plok\u0161t\u0117s, u\u017etikrinan\u010dios patvarum\u0105 ir lengv\u0105 prie\u017ei\u016br\u0105. Matinis pavir\u0161ius ne tik suteikia elegancijos, bet ir padaro lov\u0105 atspari\u0105 kasdieniam naudojimui, i\u0161laikant eleganti\u0161k\u0105 i\u0161vaizd\u0105 ilgus metus. J\u016bs tikrai m\u0117gausit\u0117s jos privalumais ilgus metus.<\/p>\n<p>Lovos \u201eCross S\u201c surinkimas yra paprastas ir nereikalauja joki\u0173 speciali\u0173 \u012fg\u016bd\u017ei\u0173, tod\u0117l galite greitai ir lengvai paruo\u0161ti savo miegam\u0105j\u012f miegui. J\u016bs\u0173 asmeni\u0161kai surinkta lova bus ne tik prakti\u0161kas, bet ir esteti\u0161kas j\u016bs\u0173 erdv\u0117s papildymas. Paverskite savo miegam\u0105j\u012f patogia erdve, kuri atitiks visus j\u016bs\u0173 l\u016bkes\u010dius.<\/p>\n<p>Rinkit\u0117s \u201eCross S\u201c lov\u0105, kad kiekvienai savo miegamojo detalei suteiktum\u0117te stiliaus ir funkcionalumo. Puikus modernaus dizaino, komforto ir prakti\u0161kumo derinys u\u017etikrins, kad kiekvienas rytas prasid\u0117s puikia nuotaika.<\/p>","protected":false},"excerpt":{"rendered":"<p>Plotis (cm): 184<br \/>\n\u016agis (cm): 91<br \/>\nGylis (cm): 205<\/p>","protected":false},"featured_media":154690,"comment_status":"open","ping_status":"open","template":"","meta":[],"product_brand":[],"product_cat":[9402,505,4105],"product_tag":[],"class_list":{"0":"post-154689","1":"product","2":"type-product","3":"status-publish","4":"has-post-thumbnail","6":"product_cat-furniture-system-cross","7":"product_cat-bedroom-beds","8":"product_cat-helvetia","10":"first","11":"instock","12":"purchasable","13":"product-type-simple"},"_links":{"self":[{"href":"https:\/\/baldumarket.lt\/lt\/wp-json\/wp\/v2\/product\/154689","targetHints":{"allow":["GET"]}}],"collection":[{"href":"https:\/\/baldumarket.lt\/lt\/wp-json\/wp\/v2\/product"}],"about":[{"href":"https:\/\/baldumarket.lt\/lt\/wp-json\/wp\/v2\/types\/product"}],"replies":[{"embeddable":true,"href":"https:\/\/baldumarket.lt\/lt\/wp-json\/wp\/v2\/comments?post=154689"}],"wp:featuredmedia":[{"embeddable":true,"href":"https:\/\/baldumarket.lt\/lt\/wp-json\/wp\/v2\/media\/154690"}],"wp:attachment":[{"href":"https:\/\/baldumarket.lt\/lt\/wp-json\/wp\/v2\/media?parent=154689"}],"wp:term":[{"taxonomy":"product_brand","embeddable":true,"href":"https:\/\/baldumarket.lt\/lt\/wp-json\/wp\/v2\/product_brand?post=154689"},{"taxonomy":"product_cat","embeddable":true,"href":"https:\/\/baldumarket.lt\/lt\/wp-json\/wp\/v2\/product_cat?post=154689"},{"taxonomy":"product_tag","embeddable":true,"href":"https:\/\/baldumarket.lt\/lt\/wp-json\/wp\/v2\/product_tag?post=154689"}],"curies":[{"name":"wp","href":"https:\/\/api.w.org\/{rel}","templated":true}]}}