{"id":154684,"date":"2025-12-18T17:33:43","date_gmt":"2025-12-18T14:33:43","guid":{"rendered":"https:\/\/baldumarket.lt\/product\/cross-s-lozko-z-pojemnikiem-i-stelazem-180-cm-bialy-czarny-onyks-mat\/"},"modified":"2026-02-05T09:46:46","modified_gmt":"2026-02-05T06:46:46","slug":"cross-s-lozko-z-pojemnikiem-i-stelazem-180-cm-bialy-czarny-onyks-mat","status":"publish","type":"product","link":"https:\/\/baldumarket.lt\/lt\/product\/cross-s-lozko-z-pojemnikiem-i-stelazem-180-cm-bialy-czarny-onyks-mat\/","title":{"rendered":"\u201eCross S\u201c \u2013 lova su konteineriu ir r\u0117mu, 180 cm, balta, juoda, onikso spalvos, matin\u0117"},"content":{"rendered":"<p>Atraskite nepaprast\u0105 \u201eHelvetia\u201c \u201eCross S\u201c lovos elegancij\u0105 ir funkcionalum\u0105, kurioje modernus dizainas derinamas su prakti\u0161kumu. \u0160i lova ne tik \u017eavi minimalistine, ta\u010diau ry\u0161kia i\u0161vaizda, bet ir suteikia j\u016bs\u0173 miegamajam unikali\u0105 atmosfer\u0105. Jos spalv\u0173 gama \u2013 matin\u0117 balta kartu su matiniu juodu oniksu \u2013 puikiai dera prie bet kokio interjero, suteikdama klas\u0117s ir unikalumo. \u201eCross S\u201c lova yra puikus sprendimas visiems, kurie vertina auk\u0161t\u0105 kokyb\u0119 ir funkcionalum\u0105. D\u0117l pakeliamo r\u0117mo ne tik patogiai i\u0161simiegosite, bet ir tur\u0117site prakti\u0161k\u0105 daikt\u0173 laikymo viet\u0105. I\u0161maniai i\u0161naudokite daiktad\u0117\u017e\u0119, kad atlaisvintum\u0117te papildomos vietos patalynei, pagalv\u0117ms ir kitiems aksesuarams, kurie visada bus po ranka, ta\u010diau tvarkingai pasl\u0117pti. Kuriant poilsio erdv\u0119, verta atkreipti d\u0117mes\u012f \u012f svarbias detales. \u201eCross S\u201c lova pasi\u017eymi tvirta konstrukcija, tod\u0117l yra patikima kasdieniam naudojimui. D\u0117mesys med\u017eiag\u0173 kokybei, \u012fskaitant jos gamyboje naudojam\u0105 laminuot\u0105 plok\u0161t\u0119, garantuoja ilgaam\u017ei\u0161kum\u0105 ir lengv\u0105 valym\u0105. Paverskite savo miegam\u0105j\u012f ramyb\u0117s ir komforto oaze su baldais, kurie atitinka j\u016bs\u0173 poreikius.<\/p>","protected":false},"excerpt":{"rendered":"<p>Plotis (cm): 184<br \/>\n\u016agis (cm): 91<br \/>\nGylis (cm): 205<\/p>","protected":false},"featured_media":154685,"comment_status":"open","ping_status":"open","template":"","meta":[],"product_brand":[],"product_cat":[9402,505,4105],"product_tag":[],"class_list":{"0":"post-154684","1":"product","2":"type-product","3":"status-publish","4":"has-post-thumbnail","6":"product_cat-furniture-system-cross","7":"product_cat-bedroom-beds","8":"product_cat-helvetia","10":"first","11":"instock","12":"purchasable","13":"product-type-simple"},"_links":{"self":[{"href":"https:\/\/baldumarket.lt\/lt\/wp-json\/wp\/v2\/product\/154684","targetHints":{"allow":["GET"]}}],"collection":[{"href":"https:\/\/baldumarket.lt\/lt\/wp-json\/wp\/v2\/product"}],"about":[{"href":"https:\/\/baldumarket.lt\/lt\/wp-json\/wp\/v2\/types\/product"}],"replies":[{"embeddable":true,"href":"https:\/\/baldumarket.lt\/lt\/wp-json\/wp\/v2\/comments?post=154684"}],"wp:featuredmedia":[{"embeddable":true,"href":"https:\/\/baldumarket.lt\/lt\/wp-json\/wp\/v2\/media\/154685"}],"wp:attachment":[{"href":"https:\/\/baldumarket.lt\/lt\/wp-json\/wp\/v2\/media?parent=154684"}],"wp:term":[{"taxonomy":"product_brand","embeddable":true,"href":"https:\/\/baldumarket.lt\/lt\/wp-json\/wp\/v2\/product_brand?post=154684"},{"taxonomy":"product_cat","embeddable":true,"href":"https:\/\/baldumarket.lt\/lt\/wp-json\/wp\/v2\/product_cat?post=154684"},{"taxonomy":"product_tag","embeddable":true,"href":"https:\/\/baldumarket.lt\/lt\/wp-json\/wp\/v2\/product_tag?post=154684"}],"curies":[{"name":"wp","href":"https:\/\/api.w.org\/{rel}","templated":true}]}}