{"id":154679,"date":"2025-12-18T17:33:31","date_gmt":"2025-12-18T14:33:31","guid":{"rendered":"https:\/\/baldumarket.lt\/product\/cross-s-lozko-z-pojemnikiem-i-stelazem-160-cm-dab-wotan-czarny-onyks-mat\/"},"modified":"2026-02-05T09:46:46","modified_gmt":"2026-02-05T06:46:46","slug":"cross-s-lozko-z-pojemnikiem-i-stelazem-160-cm-dab-wotan-czarny-onyks-mat","status":"publish","type":"product","link":"https:\/\/baldumarket.lt\/lt\/product\/cross-s-lozko-z-pojemnikiem-i-stelazem-160-cm-dab-wotan-czarny-onyks-mat\/","title":{"rendered":"\u201eCross S\u201c \u2013 lova su indu ir r\u0117mu, 160 cm, \u201eWotan\u201c \u0105\u017euolo juodo onikso spalvos matin\u0117 spalva"},"content":{"rendered":"<p>Atraskite komfort\u0105 ir stili\u0173 su \u201eCross S\u201c lova, kuri neabejotinai taps j\u016bs\u0173 miegamojo traukos centru. Pagamintas i\u0161 eleganti\u0161ko Wotan \u0105\u017euolo su subtiliais matinio juodo onikso akcentais, \u0161is baldas derina modernum\u0105 ir klasik\u0105. Minimalistinis, ta\u010diau eleganti\u0161kas dizainas puikiai tinka \u012fvairiems interjero dizainams, suteikiant jiems jaukumo ir nesenstan\u010dio charakterio. \u201eCross S\u201c lova buvo sukurta galvojant apie komfort\u0105 ir funkcionalum\u0105. Pakeliamas r\u0117mas yra ne tik prakti\u0161kas, bet ir b\u016bdas optimizuoti erdv\u0119 j\u016bs\u0173 miegamajame. Jame yra daiktad\u0117\u017e\u0117, puikiai tinkanti patalynei, antklod\u0117ms ir kitiems smulkiems daiktams laikyti, padedanti palaikyti tvark\u0105. Nesvarbu, ar m\u0117gstate ramius vakarus su knyga, ar mokytis jaukioje aplinkoje, \u201eCross S\u201c lova puikiai tinka bet kokiai progai. I\u0161skirtin\u0117 naudojam\u0173 med\u017eiag\u0173 kokyb\u0117 u\u017etikrins ilgalaik\u012f naudojim\u0105 ir pasitenkinim\u0105 pirkiniu. Pasirinkdami \u0161\u012f model\u012f, investuojate \u012f patvarum\u0105 ir estetik\u0105, kuri patiks kiekvienam nam\u0173 \u016bkio nariui.<\/p>","protected":false},"excerpt":{"rendered":"<p>Plotis (cm): 164<br \/>\n\u016agis (cm): 91<br \/>\nGylis (cm): 205<\/p>","protected":false},"featured_media":154680,"comment_status":"open","ping_status":"open","template":"","meta":[],"product_brand":[],"product_cat":[9402,505,4105],"product_tag":[],"class_list":{"0":"post-154679","1":"product","2":"type-product","3":"status-publish","4":"has-post-thumbnail","6":"product_cat-furniture-system-cross","7":"product_cat-bedroom-beds","8":"product_cat-helvetia","10":"first","11":"instock","12":"purchasable","13":"product-type-simple"},"_links":{"self":[{"href":"https:\/\/baldumarket.lt\/lt\/wp-json\/wp\/v2\/product\/154679","targetHints":{"allow":["GET"]}}],"collection":[{"href":"https:\/\/baldumarket.lt\/lt\/wp-json\/wp\/v2\/product"}],"about":[{"href":"https:\/\/baldumarket.lt\/lt\/wp-json\/wp\/v2\/types\/product"}],"replies":[{"embeddable":true,"href":"https:\/\/baldumarket.lt\/lt\/wp-json\/wp\/v2\/comments?post=154679"}],"wp:featuredmedia":[{"embeddable":true,"href":"https:\/\/baldumarket.lt\/lt\/wp-json\/wp\/v2\/media\/154680"}],"wp:attachment":[{"href":"https:\/\/baldumarket.lt\/lt\/wp-json\/wp\/v2\/media?parent=154679"}],"wp:term":[{"taxonomy":"product_brand","embeddable":true,"href":"https:\/\/baldumarket.lt\/lt\/wp-json\/wp\/v2\/product_brand?post=154679"},{"taxonomy":"product_cat","embeddable":true,"href":"https:\/\/baldumarket.lt\/lt\/wp-json\/wp\/v2\/product_cat?post=154679"},{"taxonomy":"product_tag","embeddable":true,"href":"https:\/\/baldumarket.lt\/lt\/wp-json\/wp\/v2\/product_tag?post=154679"}],"curies":[{"name":"wp","href":"https:\/\/api.w.org\/{rel}","templated":true}]}}