{"id":154667,"date":"2025-12-18T17:33:06","date_gmt":"2025-12-18T14:33:06","guid":{"rendered":"https:\/\/baldumarket.lt\/product\/cross-s-lozko-z-pojemnikiem-i-podnoszonym-stelazem-160-cm-congo-czarny-onyks-mat\/"},"modified":"2026-02-05T09:46:55","modified_gmt":"2026-02-05T06:46:55","slug":"cross-s-lozko-z-pojemnikiem-i-podnoszonym-stelazem-160-cm-congo-czarny-onyks-mat","status":"publish","type":"product","link":"https:\/\/baldumarket.lt\/lt\/product\/cross-s-lozko-z-pojemnikiem-i-podnoszonym-stelazem-160-cm-congo-czarny-onyks-mat\/","title":{"rendered":"\u201eCross S\u201c \u2013 lova su konteineri\u0173 ir pakeli\u0173 r\u0117mu, 160 cm, Kongo juodos spalvos, onikso spalvos, matin\u0117"},"content":{"rendered":"<p>Lova \u201eCross S\u201c \u2013 tai tobulas elegancijos ir funkcionalumo derinys, suteikiantis j\u016bs\u0173 miegamajam nauj\u0105 kokyb\u0117s lyg\u012f. Jos prislopinta Kongo juodo onikso matin\u0117 spalva puikiai dera su \u0161iuolaikin\u0117mis tendencijomis, sukurdama harmoning\u0105 ir stiling\u0105 atmosfer\u0105. D\u0117l paprast\u0173, ta\u010diau rafinuot\u0173 linij\u0173 \u0161i lova taps j\u016bs\u0173 erdv\u0117s traukos centru, pritraukdama kiekvieno sve\u010dio d\u0117mes\u012f.<\/p>\n<p>Sukurta galvojant apie kasdien\u012f naudojim\u0105, \u201eCross S\u201c lova i\u0161siskiria savo apgalvotu funkcionalumu. \u012erengta patalyn\u0117s skyriumi ir pakeliamu r\u0117mu, ji u\u017etikrina maksimal\u0173 komfort\u0105. Jums niekada nereik\u0117s r\u016bpintis d\u0117l vietos daiktams susid\u0117ti \u2013 d\u0117l \u0161io novatori\u0161ko sprendimo visi j\u016bs\u0173 tekstil\u0117s gaminiai tur\u0117s savo viet\u0105 ir u\u017etikrins tvark\u0105 j\u016bs\u0173 miegamajame.<\/p>\n<p>I\u0161skirtinio dizaino ir prakti\u0161kumo derinys daro \u0161i\u0105 lov\u0105 puikiu pasirinkimu tiems, kurie vertina komfort\u0105 ir eleganti\u0161k\u0105 prisilietim\u0105. Pagaminta i\u0161 tvirtos laminuotos plok\u0161t\u0117s, ji garantuoja ne tik estetin\u0119 i\u0161vaizd\u0105, bet ir ilgaam\u017ei\u0161kum\u0105 bei atsparum\u0105 kasdieniam d\u0117v\u0117jimuisi. Nepriklausomai nuo j\u016bs\u0173 miegamojo stiliaus, \u201eCross S\u201c puikiai papildys bet kok\u012f interjer\u0105, suteikdama charakterio.<\/p>\n<p>Nebijokite surinkti jos patys \u2013 prie m\u016bs\u0173 \u201eCross S\u201c lovos pridedamos ai\u0161kios instrukcijos, tod\u0117l surinkimas bus lengvas ir malonus. 160 cm dyd\u017eio \u0161i lova puikiai tinka tiek ma\u017eesniems, tiek didesniems miegamiesiems ir suteiks patogi\u0105 miegojimo viet\u0105 dviem. \u012esitikinkite patys, kokius privalumus gali suteikti \u0161i eleganti\u0161ka lova!<\/p>","protected":false},"excerpt":{"rendered":"<p>Plotis (cm): 164<br \/>\n\u016agis (cm): 91<br \/>\nGylis (cm): 205<\/p>","protected":false},"featured_media":154668,"comment_status":"open","ping_status":"open","template":"","meta":[],"product_brand":[],"product_cat":[9402,505,4105],"product_tag":[],"class_list":{"0":"post-154667","1":"product","2":"type-product","3":"status-publish","4":"has-post-thumbnail","6":"product_cat-furniture-system-cross","7":"product_cat-bedroom-beds","8":"product_cat-helvetia","10":"first","11":"instock","12":"purchasable","13":"product-type-simple"},"_links":{"self":[{"href":"https:\/\/baldumarket.lt\/lt\/wp-json\/wp\/v2\/product\/154667","targetHints":{"allow":["GET"]}}],"collection":[{"href":"https:\/\/baldumarket.lt\/lt\/wp-json\/wp\/v2\/product"}],"about":[{"href":"https:\/\/baldumarket.lt\/lt\/wp-json\/wp\/v2\/types\/product"}],"replies":[{"embeddable":true,"href":"https:\/\/baldumarket.lt\/lt\/wp-json\/wp\/v2\/comments?post=154667"}],"wp:featuredmedia":[{"embeddable":true,"href":"https:\/\/baldumarket.lt\/lt\/wp-json\/wp\/v2\/media\/154668"}],"wp:attachment":[{"href":"https:\/\/baldumarket.lt\/lt\/wp-json\/wp\/v2\/media?parent=154667"}],"wp:term":[{"taxonomy":"product_brand","embeddable":true,"href":"https:\/\/baldumarket.lt\/lt\/wp-json\/wp\/v2\/product_brand?post=154667"},{"taxonomy":"product_cat","embeddable":true,"href":"https:\/\/baldumarket.lt\/lt\/wp-json\/wp\/v2\/product_cat?post=154667"},{"taxonomy":"product_tag","embeddable":true,"href":"https:\/\/baldumarket.lt\/lt\/wp-json\/wp\/v2\/product_tag?post=154667"}],"curies":[{"name":"wp","href":"https:\/\/api.w.org\/{rel}","templated":true}]}}