{"id":154663,"date":"2025-12-18T17:32:58","date_gmt":"2025-12-18T14:32:58","guid":{"rendered":"https:\/\/baldumarket.lt\/product\/cross-s-lozko-z-pojemnikiem-i-podnoszonym-stelazem-160-cm-bialy-czarny-onyks-mat\/"},"modified":"2026-02-05T09:46:55","modified_gmt":"2026-02-05T06:46:55","slug":"cross-s-lozko-z-pojemnikiem-i-podnoszonym-stelazem-160-cm-bialy-czarny-onyks-mat","status":"publish","type":"product","link":"https:\/\/baldumarket.lt\/lt\/product\/cross-s-lozko-z-pojemnikiem-i-podnoszonym-stelazem-160-cm-bialy-czarny-onyks-mat\/","title":{"rendered":"\u201eCross S\u201c \u2013 lova su konteineri\u0173 ir pakeli\u0173 r\u0117mu, 160 cm, balta, juoda, onikso spalvos, matin\u0117"},"content":{"rendered":"<p>Atraskite \u201eCross S\u201c lov\u0105, kuri taps j\u016bs\u0173 miegamojo traukos centru. Eleganti\u0161kos matin\u0117s baltos spalvos ir modernios juodo onikso apdailos derinys suteikia \u0161iai unikaliai lovai ne tik komfort\u0105, bet ir stiling\u0105 i\u0161vaizd\u0105. Minimalistinis dizainas, puikiai atitinkantis naujausias dizaino tendencijas, tikrai patiks visiems, vertinantiems modern\u0173 interjer\u0105.<\/p>\n<p>\u201eCross S\u201c yra daugiau nei tiesiog lova \u2013 tai tikras sprendimas j\u016bs\u0173 erdvei. D\u0117l patalyn\u0117s skyriaus ir pakeliamo r\u0117mo gausite papildomos vietos daiktams susid\u0117ti, kuri pad\u0117s j\u016bs\u0173 miegamajame palaikyti tvark\u0105 ir komfort\u0105. Tai puikus pasirinkimas tiems, kurie ie\u0161ko prakti\u0161kumo neprarandant estetikos. \u0160i lova lengvai sutvarko j\u016bs\u0173 erdv\u0119, suteikdama galimyb\u0119 pasl\u0117pti papildomas antklodes ir pagalves.<\/p>\n<p>Sukurkite savo svajoni\u0173 poilsio kampel\u012f su \u201eCross S\u201c. 160 cm plotis u\u017etikrina patog\u0173 mieg\u0105 vienam ar dviem \u017emon\u0117ms, o 91 cm auk\u0161tis \u2013 patog\u0173 naudojim\u0105. \u0160i lova atitinka dabartines tendencijas, tod\u0117l puikiai tinka tiek ma\u017eiems butams, tiek erdviems kambariams. Be to, stilingas dizainas suteiks j\u016bs\u0173 miegamajam gaivumo ir naujo \u012fvaizd\u017eio.<\/p>\n<p>Surinkimas paprastas ir intuityvus, tod\u0117l nauju baldu gal\u0117site d\u017eiaugtis akimirksniu. Gamyboje naudojamos med\u017eiagos, tokios kaip laminuota plok\u0161t\u0117, garantuoja patvarum\u0105 ir lengv\u0105 valym\u0105. Pasirinkdami \u201eCross S\u201c lov\u0105, investuojate ne tik \u012f gamin\u012f, bet ir \u012f savo nam\u0173 komfort\u0105 bei estetik\u0105. \u017denkite pirm\u0105j\u012f \u017eingsn\u012f savo svajoni\u0173 miegamojo link su \u0161ia eleganti\u0161ka ir funkcionalia lova!<\/p>","protected":false},"excerpt":{"rendered":"<p>Plotis (cm): 164<br \/>\n\u016agis (cm): 91<br \/>\nGylis (cm): 205<\/p>","protected":false},"featured_media":154664,"comment_status":"open","ping_status":"open","template":"","meta":[],"product_brand":[],"product_cat":[9402,505,4105],"product_tag":[],"class_list":{"0":"post-154663","1":"product","2":"type-product","3":"status-publish","4":"has-post-thumbnail","6":"product_cat-furniture-system-cross","7":"product_cat-bedroom-beds","8":"product_cat-helvetia","10":"first","11":"instock","12":"purchasable","13":"product-type-simple"},"_links":{"self":[{"href":"https:\/\/baldumarket.lt\/lt\/wp-json\/wp\/v2\/product\/154663","targetHints":{"allow":["GET"]}}],"collection":[{"href":"https:\/\/baldumarket.lt\/lt\/wp-json\/wp\/v2\/product"}],"about":[{"href":"https:\/\/baldumarket.lt\/lt\/wp-json\/wp\/v2\/types\/product"}],"replies":[{"embeddable":true,"href":"https:\/\/baldumarket.lt\/lt\/wp-json\/wp\/v2\/comments?post=154663"}],"wp:featuredmedia":[{"embeddable":true,"href":"https:\/\/baldumarket.lt\/lt\/wp-json\/wp\/v2\/media\/154664"}],"wp:attachment":[{"href":"https:\/\/baldumarket.lt\/lt\/wp-json\/wp\/v2\/media?parent=154663"}],"wp:term":[{"taxonomy":"product_brand","embeddable":true,"href":"https:\/\/baldumarket.lt\/lt\/wp-json\/wp\/v2\/product_brand?post=154663"},{"taxonomy":"product_cat","embeddable":true,"href":"https:\/\/baldumarket.lt\/lt\/wp-json\/wp\/v2\/product_cat?post=154663"},{"taxonomy":"product_tag","embeddable":true,"href":"https:\/\/baldumarket.lt\/lt\/wp-json\/wp\/v2\/product_tag?post=154663"}],"curies":[{"name":"wp","href":"https:\/\/api.w.org\/{rel}","templated":true}]}}