{"id":154655,"date":"2025-12-18T17:32:39","date_gmt":"2025-12-18T14:32:39","guid":{"rendered":"https:\/\/baldumarket.lt\/product\/cross-s-lozko-180-cm-zgaszona-zielen-czarny\/"},"modified":"2026-02-05T09:46:55","modified_gmt":"2026-02-05T06:46:55","slug":"cross-s-lozko-180-cm-zgaszona-zielen-czarny","status":"publish","type":"product","link":"https:\/\/baldumarket.lt\/lt\/product\/cross-s-lozko-180-cm-zgaszona-zielen-czarny\/","title":{"rendered":"\u201eCross S\u201c \u2013 lova, 180 cm, dulk\u0117tai \u017ealia ir juoda"},"content":{"rendered":"<p>Atraskite unikali\u0105 \u201eCross S\u201c lov\u0105, kuri suteiks j\u016bs\u0173 miegamajam elegancijos ir jaukumo. Pagaminta nuostabios prislopintos \u017ealios spalvos, \u0161i lova yra tobulas modernaus dizaino ir funkcionalumo derinys, skland\u017eiai \u012fsiliejantis \u012f \u012fvairius interjero dizainus. Subtili spalva suteikia erdvei unikal\u0173 charakter\u012f ir sukuria raminan\u010di\u0105 atmosfer\u0105, skatinan\u010di\u0105 atsipalaidavim\u0105. Patvarumas ir estetika dera d\u0117l kruop\u0161\u010diai atrinkt\u0173 med\u017eiag\u0173. Laminuota plok\u0161t\u0117, naudojama tiek r\u0117mui, tiek fasadams, u\u017etikrina baldo ilgaam\u017ei\u0161kum\u0105. Juodos koj\u0173 detal\u0117s suteikia stiling\u0105 apdail\u0105, o subtilios detal\u0117s u\u017etikrina, kad kiekvienas elementas b\u016bt\u0173 kruop\u0161\u010diai apgalvotas. \u201eCross S\u201c lova ne tik \u017eavi savo i\u0161vaizda, bet ir tampa j\u016bs\u0173 miegamojo traukos centru, aplink kur\u012f galite sukurti unikal\u0173 stili\u0173 derin\u012f. Ergonomika yra dar vienas \u201eCross S\u201c lovos privalumas. D\u0117l erdvaus 180 cm pavir\u0161iaus ji suteikia jums komfort\u0105 miego ir poilsio metu, o tai labai svarbu po ilgos dienos. Nors r\u0117mas ir \u010diu\u017einys \u012f komplekt\u0105 ne\u012feina, galite juos lengvai pritaikyti pagal savo individualius pageidavimus, kad pasiektum\u0117te ideal\u0173 miego komfort\u0105. Kruop\u0161\u010diai parinktas lovos dizainas leid\u017eia j\u0105 lengvai pritaikyti prie bet kokio stiliaus \u2013 nuo minimalistinio iki tradici\u0161kesnio.<\/p>","protected":false},"excerpt":{"rendered":"<p>Plotis (cm): 184<br \/>\n\u016agis (cm): 91<br \/>\nGylis (cm): 205<\/p>","protected":false},"featured_media":154656,"comment_status":"open","ping_status":"open","template":"","meta":[],"product_brand":[],"product_cat":[9402,505,4105],"product_tag":[],"class_list":{"0":"post-154655","1":"product","2":"type-product","3":"status-publish","4":"has-post-thumbnail","6":"product_cat-furniture-system-cross","7":"product_cat-bedroom-beds","8":"product_cat-helvetia","10":"first","11":"instock","12":"purchasable","13":"product-type-simple"},"_links":{"self":[{"href":"https:\/\/baldumarket.lt\/lt\/wp-json\/wp\/v2\/product\/154655","targetHints":{"allow":["GET"]}}],"collection":[{"href":"https:\/\/baldumarket.lt\/lt\/wp-json\/wp\/v2\/product"}],"about":[{"href":"https:\/\/baldumarket.lt\/lt\/wp-json\/wp\/v2\/types\/product"}],"replies":[{"embeddable":true,"href":"https:\/\/baldumarket.lt\/lt\/wp-json\/wp\/v2\/comments?post=154655"}],"wp:featuredmedia":[{"embeddable":true,"href":"https:\/\/baldumarket.lt\/lt\/wp-json\/wp\/v2\/media\/154656"}],"wp:attachment":[{"href":"https:\/\/baldumarket.lt\/lt\/wp-json\/wp\/v2\/media?parent=154655"}],"wp:term":[{"taxonomy":"product_brand","embeddable":true,"href":"https:\/\/baldumarket.lt\/lt\/wp-json\/wp\/v2\/product_brand?post=154655"},{"taxonomy":"product_cat","embeddable":true,"href":"https:\/\/baldumarket.lt\/lt\/wp-json\/wp\/v2\/product_cat?post=154655"},{"taxonomy":"product_tag","embeddable":true,"href":"https:\/\/baldumarket.lt\/lt\/wp-json\/wp\/v2\/product_tag?post=154655"}],"curies":[{"name":"wp","href":"https:\/\/api.w.org\/{rel}","templated":true}]}}