{"id":154649,"date":"2025-12-18T17:32:25","date_gmt":"2025-12-18T14:32:25","guid":{"rendered":"https:\/\/baldumarket.lt\/product\/cross-s-lozko-180-cm-dab-wotan-czarny-onyks-mat\/"},"modified":"2026-02-05T09:46:55","modified_gmt":"2026-02-05T06:46:55","slug":"cross-s-lozko-180-cm-dab-wotan-czarny-onyks-mat","status":"publish","type":"product","link":"https:\/\/baldumarket.lt\/lt\/product\/cross-s-lozko-180-cm-dab-wotan-czarny-onyks-mat\/","title":{"rendered":"\u201eCross S\u201c \u2013 lova, 180 cm, \u201eWotan\u201c \u0105\u017euolo juodo onikso spalvos matin\u0117 spalva"},"content":{"rendered":"<p>\u0160tai kod\u0117l \u201eCross S\u201c lova, pagaminta i\u0161 matin\u0117s juodos onikso spalvos \u201eWotan\u201c \u0105\u017euolo, yra puikus pasirinkimas j\u016bs\u0173 miegamajam. Tai baldas, kuris ne tik \u017eavi eleganti\u0161ka i\u0161vaizda, bet ir \u017eada patog\u0173 poils\u012f. Minimalistin\u0117 forma ir subtili apdaila puikiai tinka moderniam interjerui, suteikiant jam ramyb\u0117s ir harmonijos atmosfer\u0105. Kuriant \u201eCross S\u201c lov\u0105, ypatingas d\u0117mesys buvo skiriamas estetikai ir funkcionalumui. \u201eWotan\u201c \u0105\u017euolo apdaila kartu su matin\u0117s juodos onikso spalvos apdaila suteikia jai unikal\u0173 charakter\u012f, tod\u0117l ji tampa puikiu bet kurio miegamojo akcentu. Nat\u016bral\u016bs med\u017eio atspalviai ir tams\u016bs akcentai sukuria puik\u0173 fon\u0105 kitiems dizaino elementams, tod\u0117l juos lengva derinti su \u012fvairiais aksesuarais ir spalvomis. \u201eCross S\u201c lova ne tik atrodo stulbinamai, bet ir si\u016blo kasdieniam naudojimui reikaling\u0105 komfort\u0105. Patogus auk\u0161tis ir stabili konstrukcija suteikia komfort\u0105 ir atram\u0105, kuri\u0105 \u012fvertinsite vakaro poilsiui ir ryto pabudimui. Tai puikus sprendimas tiems, kurie kasdien vertina kokyb\u0119 ir funkcionalum\u0105.<\/p>","protected":false},"excerpt":{"rendered":"<p>Plotis (cm): 184<br \/>\n\u016agis (cm): 91<br \/>\nGylis (cm): 205<\/p>","protected":false},"featured_media":154650,"comment_status":"open","ping_status":"open","template":"","meta":[],"product_brand":[],"product_cat":[9402,505,4105],"product_tag":[],"class_list":{"0":"post-154649","1":"product","2":"type-product","3":"status-publish","4":"has-post-thumbnail","6":"product_cat-furniture-system-cross","7":"product_cat-bedroom-beds","8":"product_cat-helvetia","10":"first","11":"instock","12":"purchasable","13":"product-type-simple"},"_links":{"self":[{"href":"https:\/\/baldumarket.lt\/lt\/wp-json\/wp\/v2\/product\/154649","targetHints":{"allow":["GET"]}}],"collection":[{"href":"https:\/\/baldumarket.lt\/lt\/wp-json\/wp\/v2\/product"}],"about":[{"href":"https:\/\/baldumarket.lt\/lt\/wp-json\/wp\/v2\/types\/product"}],"replies":[{"embeddable":true,"href":"https:\/\/baldumarket.lt\/lt\/wp-json\/wp\/v2\/comments?post=154649"}],"wp:featuredmedia":[{"embeddable":true,"href":"https:\/\/baldumarket.lt\/lt\/wp-json\/wp\/v2\/media\/154650"}],"wp:attachment":[{"href":"https:\/\/baldumarket.lt\/lt\/wp-json\/wp\/v2\/media?parent=154649"}],"wp:term":[{"taxonomy":"product_brand","embeddable":true,"href":"https:\/\/baldumarket.lt\/lt\/wp-json\/wp\/v2\/product_brand?post=154649"},{"taxonomy":"product_cat","embeddable":true,"href":"https:\/\/baldumarket.lt\/lt\/wp-json\/wp\/v2\/product_cat?post=154649"},{"taxonomy":"product_tag","embeddable":true,"href":"https:\/\/baldumarket.lt\/lt\/wp-json\/wp\/v2\/product_tag?post=154649"}],"curies":[{"name":"wp","href":"https:\/\/api.w.org\/{rel}","templated":true}]}}