{"id":154643,"date":"2025-12-18T17:32:12","date_gmt":"2025-12-18T14:32:12","guid":{"rendered":"https:\/\/baldumarket.lt\/product\/cross-s-lozko-180-cm-congo-czarny-onyks-mat\/"},"modified":"2026-02-05T09:46:55","modified_gmt":"2026-02-05T06:46:55","slug":"cross-s-lozko-180-cm-congo-czarny-onyks-mat","status":"publish","type":"product","link":"https:\/\/baldumarket.lt\/lt\/product\/cross-s-lozko-180-cm-congo-czarny-onyks-mat\/","title":{"rendered":"\u201eCross S\u201c \u2013 lova, 180 cm, Kongo juodumo, onikso spalvos, matin\u0117"},"content":{"rendered":"<p>Atraskite eleganti\u0161k\u0105 \u201eCongo Black Onyx Matte\u201c atspalvio \u201eCross S\u201c lov\u0105 \u2013 tikr\u0105 j\u016bs\u0173 miegamojo akcent\u0105. Minimalistinis dizainas, pary\u0161kintas matiniu pavir\u0161iumi, puikiai papildys modern\u0173 interjer\u0105, sukurdamas ramyb\u0117s ir harmonijos atmosfer\u0105. 180 cm plo\u010dio lova idealiai tinka romanti\u0161koms i\u0161vykoms ir \u0161eimos poilsiui. \u201eCross S\u201c lova pasi\u017eymi ne tik stiliumi, bet ir funkcionalumu. Naudotos med\u017eiagos, \u012fskaitant auk\u0161tos kokyb\u0117s laminuot\u0105 plok\u0161t\u0119, u\u017etikrina patvarum\u0105 ir atsparum\u0105 pa\u017eeidimams. Kiekvienas elementas \u2013 nuo r\u0117mo iki koj\u0173 \u2013 buvo kruop\u0161\u010diai suprojektuotas, kad b\u016bt\u0173 u\u017etikrintas patogus nakties miegas. Tai puikus pasirinkimas tiems, kurie vertina ir estetik\u0105, ir prakti\u0161kum\u0105. D\u0117l gerai apgalvoto dizaino \u201eCross S\u201c lova yra ne tik stilinga, bet ir lengvai surenkama. D\u0117mesys detal\u0117ms buvo skirtas kuriant bald\u0105, pasi\u017eymint\u012f paprastu naudojimu, tod\u0117l tai puikus sprendimas tiems, kurie vertina komfort\u0105. Savaranki\u0161kas surinkimas suteikia jums laisv\u0119 i\u0161d\u0117styti savo erdv\u0119.<\/p>","protected":false},"excerpt":{"rendered":"<p>Plotis (cm): 184<br \/>\n\u016agis (cm): 91<br \/>\nGylis (cm): 205<\/p>","protected":false},"featured_media":154644,"comment_status":"open","ping_status":"open","template":"","meta":[],"product_brand":[],"product_cat":[9402,505,4105],"product_tag":[],"class_list":{"0":"post-154643","1":"product","2":"type-product","3":"status-publish","4":"has-post-thumbnail","6":"product_cat-furniture-system-cross","7":"product_cat-bedroom-beds","8":"product_cat-helvetia","10":"first","11":"instock","12":"purchasable","13":"product-type-simple"},"_links":{"self":[{"href":"https:\/\/baldumarket.lt\/lt\/wp-json\/wp\/v2\/product\/154643","targetHints":{"allow":["GET"]}}],"collection":[{"href":"https:\/\/baldumarket.lt\/lt\/wp-json\/wp\/v2\/product"}],"about":[{"href":"https:\/\/baldumarket.lt\/lt\/wp-json\/wp\/v2\/types\/product"}],"replies":[{"embeddable":true,"href":"https:\/\/baldumarket.lt\/lt\/wp-json\/wp\/v2\/comments?post=154643"}],"wp:featuredmedia":[{"embeddable":true,"href":"https:\/\/baldumarket.lt\/lt\/wp-json\/wp\/v2\/media\/154644"}],"wp:attachment":[{"href":"https:\/\/baldumarket.lt\/lt\/wp-json\/wp\/v2\/media?parent=154643"}],"wp:term":[{"taxonomy":"product_brand","embeddable":true,"href":"https:\/\/baldumarket.lt\/lt\/wp-json\/wp\/v2\/product_brand?post=154643"},{"taxonomy":"product_cat","embeddable":true,"href":"https:\/\/baldumarket.lt\/lt\/wp-json\/wp\/v2\/product_cat?post=154643"},{"taxonomy":"product_tag","embeddable":true,"href":"https:\/\/baldumarket.lt\/lt\/wp-json\/wp\/v2\/product_tag?post=154643"}],"curies":[{"name":"wp","href":"https:\/\/api.w.org\/{rel}","templated":true}]}}