{"id":154637,"date":"2025-12-18T17:31:59","date_gmt":"2025-12-18T14:31:59","guid":{"rendered":"https:\/\/baldumarket.lt\/product\/cross-s-lozko-180-cm-bialy-czarny-onyks-mat\/"},"modified":"2026-02-05T09:46:55","modified_gmt":"2026-02-05T06:46:55","slug":"cross-s-lozko-180-cm-bialy-czarny-onyks-mat","status":"publish","type":"product","link":"https:\/\/baldumarket.lt\/lt\/product\/cross-s-lozko-180-cm-bialy-czarny-onyks-mat\/","title":{"rendered":"\u201eCross S\u201c \u2013 lova, 180 cm, balta, juoda, onikso spalvos, matin\u0117"},"content":{"rendered":"<p>\u012ene\u0161kite savo miegamajam modernumo su \u201eHelvetia\u201c \u201eCross S\u201c lova. \u0160i eleganti\u0161ka 180 cm plo\u010dio lova derina minimalistin\u0119 matin\u0119 balt\u0105 ir matin\u0119 juod\u0105 onikso spalvas, sukurdama harmoning\u0105 kompozicij\u0105, puikiai atitinkan\u010di\u0105 naujausias interjero dizaino tendencijas. D\u0117l savo nesenstan\u010dios estetikos lova d\u017eiugins ilgus metus, suteikdama j\u016bs\u0173 miegamajam unikal\u0173 charakter\u012f. Be i\u0161skirtin\u0117s i\u0161vaizdos, \u201eCross S\u201c lova si\u016blo funkcionalum\u0105, kuris praturtins j\u016bs\u0173 kasdienyb\u0119. Jos konstrukcija, pagaminta i\u0161 auk\u0161tos kokyb\u0117s laminuotos plok\u0161t\u0117s, u\u017etikrina ne tik patvarum\u0105, bet ir lengv\u0105 valym\u0105. \u0160is estetikos ir prakti\u0161kumo derinys daro j\u0105 puikiu pasirinkimu tiems, kurie ie\u0161ko patogios vietos atsipalaiduoti po ilgos dienos. Atkuriamasis miegas yra raktas \u012f ger\u0105 savijaut\u0105, o \u201eCross S\u201c lova suteikia komfort\u0105, kur\u012f tikrai \u012fvertinsite. Tvirtas r\u0117mas ir gerai apgalvotas dizainas garantuoja stabilum\u0105 ir atram\u0105, tod\u0117l kiekviena naktis \u0161ioje lovoje bus maloni patirtis. M\u0117gaukit\u0117s atsipalaidavimo akimirkomis auk\u0161tos kokyb\u0117s bald\u0173 kompanijoje, kurie suteiks j\u016bs\u0173 interjerui prabangos.<\/p>","protected":false},"excerpt":{"rendered":"<p>Plotis (cm): 184<br \/>\n\u016agis (cm): 91<br \/>\nGylis (cm): 205<\/p>","protected":false},"featured_media":154638,"comment_status":"open","ping_status":"open","template":"","meta":[],"product_brand":[],"product_cat":[9402,505,4105],"product_tag":[],"class_list":{"0":"post-154637","1":"product","2":"type-product","3":"status-publish","4":"has-post-thumbnail","6":"product_cat-furniture-system-cross","7":"product_cat-bedroom-beds","8":"product_cat-helvetia","10":"first","11":"instock","12":"purchasable","13":"product-type-simple"},"_links":{"self":[{"href":"https:\/\/baldumarket.lt\/lt\/wp-json\/wp\/v2\/product\/154637","targetHints":{"allow":["GET"]}}],"collection":[{"href":"https:\/\/baldumarket.lt\/lt\/wp-json\/wp\/v2\/product"}],"about":[{"href":"https:\/\/baldumarket.lt\/lt\/wp-json\/wp\/v2\/types\/product"}],"replies":[{"embeddable":true,"href":"https:\/\/baldumarket.lt\/lt\/wp-json\/wp\/v2\/comments?post=154637"}],"wp:featuredmedia":[{"embeddable":true,"href":"https:\/\/baldumarket.lt\/lt\/wp-json\/wp\/v2\/media\/154638"}],"wp:attachment":[{"href":"https:\/\/baldumarket.lt\/lt\/wp-json\/wp\/v2\/media?parent=154637"}],"wp:term":[{"taxonomy":"product_brand","embeddable":true,"href":"https:\/\/baldumarket.lt\/lt\/wp-json\/wp\/v2\/product_brand?post=154637"},{"taxonomy":"product_cat","embeddable":true,"href":"https:\/\/baldumarket.lt\/lt\/wp-json\/wp\/v2\/product_cat?post=154637"},{"taxonomy":"product_tag","embeddable":true,"href":"https:\/\/baldumarket.lt\/lt\/wp-json\/wp\/v2\/product_tag?post=154637"}],"curies":[{"name":"wp","href":"https:\/\/api.w.org\/{rel}","templated":true}]}}