{"id":154629,"date":"2025-12-18T17:31:42","date_gmt":"2025-12-18T14:31:42","guid":{"rendered":"https:\/\/baldumarket.lt\/product\/cross-s-lozko-160-cm-zgaszona-zielen-czarny\/"},"modified":"2026-02-05T09:47:04","modified_gmt":"2026-02-05T06:47:04","slug":"cross-s-lozko-160-cm-zgaszona-zielen-czarny","status":"publish","type":"product","link":"https:\/\/baldumarket.lt\/lt\/product\/cross-s-lozko-160-cm-zgaszona-zielen-czarny\/","title":{"rendered":"\u201eCross S\u201c \u2013 lova, 160 cm, dulk\u0117tai \u017ealia ir juoda"},"content":{"rendered":"<p>Sveiki atvyk\u0119 \u012f elegancijos ir stiliaus pasaul\u012f su \u201eCross S\u201c lova, pasi\u017eymin\u010dia prislopinta \u017ealia spalva ir juodais akcentais. \u0160is unikalus baldas ne tik papildys bet kur\u012f miegam\u0105j\u012f, bet ir pabr\u0117\u0161 j\u016bs\u0173 individualum\u0105. Subtilus spalv\u0173 derinys sukurs maloni\u0105 atmosfer\u0105, puikiai tinkan\u010di\u0105 atsipalaiduoti ir pails\u0117ti po ilgos dienos. \u201eCross S\u201c lova \u2013 tai modernaus dizaino ir prakti\u0161kumo derinys. Minimalistin\u0117 forma puikiai tinka tiek skandinavi\u0161ko stiliaus interjerui, tiek klasikiniam dizainui. Juodos kojel\u0117s kartu su prislopinta \u017ealia spalva sukuria harmoning\u0105 visum\u0105, suteikdamos kambariui elegancijos ir pra\u0161matnumo. \u0160is baldas buvo sukurtas galvojant apie komfort\u0105. D\u0117l gerai apgalvoto dizaino \u201eCross S\u201c lova suteikia komfort\u0105, kuris patenkins net ir reikliausi\u0173 vartotoj\u0173 l\u016bkes\u010dius. Galv\u016bgalio auk\u0161tis optimizuotas taip, kad b\u016bt\u0173 patogus atlo\u0161as, leid\u017eiantis atsipalaiduoti su knyga ar m\u0117gstamu g\u0117rimu. Maloni vizualin\u0117 ir funkcionali patirtis viename \u2013 b\u016btent tai ir si\u016blo \u0161i lova.<\/p>","protected":false},"excerpt":{"rendered":"<p>Plotis (cm): 164<br \/>\n\u016agis (cm): 91<br \/>\nGylis (cm): 205<\/p>","protected":false},"featured_media":154630,"comment_status":"open","ping_status":"open","template":"","meta":[],"product_brand":[],"product_cat":[9402,505,4105],"product_tag":[],"class_list":{"0":"post-154629","1":"product","2":"type-product","3":"status-publish","4":"has-post-thumbnail","6":"product_cat-furniture-system-cross","7":"product_cat-bedroom-beds","8":"product_cat-helvetia","10":"first","11":"instock","12":"purchasable","13":"product-type-simple"},"_links":{"self":[{"href":"https:\/\/baldumarket.lt\/lt\/wp-json\/wp\/v2\/product\/154629","targetHints":{"allow":["GET"]}}],"collection":[{"href":"https:\/\/baldumarket.lt\/lt\/wp-json\/wp\/v2\/product"}],"about":[{"href":"https:\/\/baldumarket.lt\/lt\/wp-json\/wp\/v2\/types\/product"}],"replies":[{"embeddable":true,"href":"https:\/\/baldumarket.lt\/lt\/wp-json\/wp\/v2\/comments?post=154629"}],"wp:featuredmedia":[{"embeddable":true,"href":"https:\/\/baldumarket.lt\/lt\/wp-json\/wp\/v2\/media\/154630"}],"wp:attachment":[{"href":"https:\/\/baldumarket.lt\/lt\/wp-json\/wp\/v2\/media?parent=154629"}],"wp:term":[{"taxonomy":"product_brand","embeddable":true,"href":"https:\/\/baldumarket.lt\/lt\/wp-json\/wp\/v2\/product_brand?post=154629"},{"taxonomy":"product_cat","embeddable":true,"href":"https:\/\/baldumarket.lt\/lt\/wp-json\/wp\/v2\/product_cat?post=154629"},{"taxonomy":"product_tag","embeddable":true,"href":"https:\/\/baldumarket.lt\/lt\/wp-json\/wp\/v2\/product_tag?post=154629"}],"curies":[{"name":"wp","href":"https:\/\/api.w.org\/{rel}","templated":true}]}}