{"id":154618,"date":"2025-12-18T17:31:19","date_gmt":"2025-12-18T14:31:19","guid":{"rendered":"https:\/\/baldumarket.lt\/product\/cross-s-lozko-160-cm-congo-czarny-onyks-mat\/"},"modified":"2026-02-05T09:47:04","modified_gmt":"2026-02-05T06:47:04","slug":"cross-s-lozko-160-cm-congo-czarny-onyks-mat","status":"publish","type":"product","link":"https:\/\/baldumarket.lt\/lt\/product\/cross-s-lozko-160-cm-congo-czarny-onyks-mat\/","title":{"rendered":"\u201eCross S\u201c \u2013 lova, 160 cm, Kongo juodumo, onikso spalvos, matin\u0117"},"content":{"rendered":"<p>Atraskite magi\u0161k\u0105 atsipalaidavimo pasaul\u012f su \u201eCross S\u201c matin\u0117s juodos onikso spalvos lova. \u0160is eleganti\u0161kas pasirinkimas suteiks j\u016bs\u0173 miegamajam unikali\u0105 atmosfer\u0105. Subtilios, modernios linijos ir minimalistinis dizainas puikiai tinka \u012fvairiems interjero stiliams. D\u0117l ry\u0161kios spalv\u0173 gamos ji gali tapti j\u016bs\u0173 interjero \u017evaig\u017ede, pritraukian\u010dia sve\u010di\u0173 d\u0117mes\u012f. \u201eCross S\u201c lova pasi\u017eymi ne tik estetika, bet ir komfortu bei funkcionalumu. 160 cm plo\u010dio ji sukuria tobul\u0105 aplink\u0105 poilsiui, suteikdama erdv\u0117s patogiam miegui. Nesvarbu, ar m\u0117gstate skaityti vakarais, ar jaukiai leisti naktis kartu, \u0161i lova tikrai pagerins j\u016bs\u0173 poilsio kokyb\u0119. Med\u017eiagos, i\u0161 kuri\u0173 ji pagaminta, u\u017etikrina ne tik patraukli\u0105 i\u0161vaizd\u0105, bet ir ilgaam\u017ei\u0161kum\u0105. Negalima pamir\u0161ti ir vizualinio aspekto, kuris d\u017eiugina savo paprastumu ir elegancija. Matin\u0117s Kongo spalvos lovos r\u0117mas harmoningai dera su klasikin\u0117mis kojel\u0117mis, kurios papildo visum\u0105, sukurdamos darni\u0105 kompozicij\u0105. Monochromatin\u0117 spalv\u0173 palet\u0117 leid\u017eia lovai puikiai dera prie daugelio i\u0161d\u0117stym\u0173 \u2013 nuo minimalistinio iki klasikinio, suteikiant prabangos prieskon\u012f.<\/p>","protected":false},"excerpt":{"rendered":"<p>Plotis (cm): 164<br \/>\n\u016agis (cm): 91<br \/>\nGylis (cm): 205<\/p>","protected":false},"featured_media":154619,"comment_status":"open","ping_status":"open","template":"","meta":[],"product_brand":[],"product_cat":[9402,505,4105],"product_tag":[],"class_list":{"0":"post-154618","1":"product","2":"type-product","3":"status-publish","4":"has-post-thumbnail","6":"product_cat-furniture-system-cross","7":"product_cat-bedroom-beds","8":"product_cat-helvetia","10":"first","11":"instock","12":"purchasable","13":"product-type-simple"},"_links":{"self":[{"href":"https:\/\/baldumarket.lt\/lt\/wp-json\/wp\/v2\/product\/154618","targetHints":{"allow":["GET"]}}],"collection":[{"href":"https:\/\/baldumarket.lt\/lt\/wp-json\/wp\/v2\/product"}],"about":[{"href":"https:\/\/baldumarket.lt\/lt\/wp-json\/wp\/v2\/types\/product"}],"replies":[{"embeddable":true,"href":"https:\/\/baldumarket.lt\/lt\/wp-json\/wp\/v2\/comments?post=154618"}],"wp:featuredmedia":[{"embeddable":true,"href":"https:\/\/baldumarket.lt\/lt\/wp-json\/wp\/v2\/media\/154619"}],"wp:attachment":[{"href":"https:\/\/baldumarket.lt\/lt\/wp-json\/wp\/v2\/media?parent=154618"}],"wp:term":[{"taxonomy":"product_brand","embeddable":true,"href":"https:\/\/baldumarket.lt\/lt\/wp-json\/wp\/v2\/product_brand?post=154618"},{"taxonomy":"product_cat","embeddable":true,"href":"https:\/\/baldumarket.lt\/lt\/wp-json\/wp\/v2\/product_cat?post=154618"},{"taxonomy":"product_tag","embeddable":true,"href":"https:\/\/baldumarket.lt\/lt\/wp-json\/wp\/v2\/product_tag?post=154618"}],"curies":[{"name":"wp","href":"https:\/\/api.w.org\/{rel}","templated":true}]}}