{"id":154612,"date":"2025-12-18T17:31:06","date_gmt":"2025-12-18T14:31:06","guid":{"rendered":"https:\/\/baldumarket.lt\/product\/cross-s-lozko-160-cm-bialy-czarny-onyks-mat\/"},"modified":"2026-02-05T09:47:04","modified_gmt":"2026-02-05T06:47:04","slug":"cross-s-lozko-160-cm-bialy-czarny-onyks-mat","status":"publish","type":"product","link":"https:\/\/baldumarket.lt\/lt\/product\/cross-s-lozko-160-cm-bialy-czarny-onyks-mat\/","title":{"rendered":"\u201eCross S\u201c \u2013 lova, 160 cm, balta, juoda, onikso spalvos, matin\u0117"},"content":{"rendered":"<p>Paverskite savo miegam\u0105j\u012f ramyb\u0117s ir stiliaus oaze su garsaus \u201eHelvetia\u201c prek\u0117s \u017eenklo \u201eCross S\u201c lova. Harmoningas matin\u0117s baltos ir juodos onikso spalv\u0173 derinys suteikia \u0161iai unikaliai lovai ne tik patog\u0173 mieg\u0105, bet ir elegancijos bet kokiam interjerui. Modernus dizainas paver\u010dia j\u0105 kambario traukos centru, d\u017eiuginan\u010diu tiek \u0161eimos narius, tiek sve\u010dius. \u201eCross S\u201c lova \u2013 tai tobulas estetikos ir funkcionalumo derinys. 160 cm plo\u010dio ir 205 cm gylio lova suteikia pakankamai vietos porai ar net tiems, kurie m\u0117gsta erdv\u0173 mieg\u0105. Auk\u0161ta konstrukcija, siekianti iki 91 cm, palengvina atsik\u0117lim\u0105 ir paver\u010dia rytus malonesniais. Be to, toks auk\u0161tis leid\u017eia lengvai po lova pastatyti gra\u017eius daiktad\u0117\u017ees papildomoms pagalv\u0117ms ar antklod\u0117ms, jas sud\u0117liojant taip, kad neb\u016bt\u0173 sutrikdyta svarbi tvarka miegamajame. Med\u017eiaga, i\u0161 kurios pagaminta lova, yra itin patvari. Laminuota plok\u0161t\u0117, naudojama r\u0117mui ir priekiui, u\u017etikrina ne tik patvarum\u0105, bet ir lengv\u0105 prie\u017ei\u016br\u0105. Tiesiog nuvalykite pavir\u0161i\u0173 dr\u0117gnu skudur\u0117liu ir daugel\u012f met\u0173 d\u017eiaugsit\u0117s nepriekai\u0161tinga i\u0161vaizda. Be to, matin\u0117s juodos kojel\u0117s suteikia stabil\u0173 pagrind\u0105 ir modern\u0173 charakter\u012f.<\/p>","protected":false},"excerpt":{"rendered":"<p>Plotis (cm): 164<br \/>\n\u016agis (cm): 91<br \/>\nGylis (cm): 205<\/p>","protected":false},"featured_media":154613,"comment_status":"open","ping_status":"open","template":"","meta":[],"product_brand":[],"product_cat":[9402,505,4105],"product_tag":[],"class_list":{"0":"post-154612","1":"product","2":"type-product","3":"status-publish","4":"has-post-thumbnail","6":"product_cat-furniture-system-cross","7":"product_cat-bedroom-beds","8":"product_cat-helvetia","10":"first","11":"instock","12":"purchasable","13":"product-type-simple"},"_links":{"self":[{"href":"https:\/\/baldumarket.lt\/lt\/wp-json\/wp\/v2\/product\/154612","targetHints":{"allow":["GET"]}}],"collection":[{"href":"https:\/\/baldumarket.lt\/lt\/wp-json\/wp\/v2\/product"}],"about":[{"href":"https:\/\/baldumarket.lt\/lt\/wp-json\/wp\/v2\/types\/product"}],"replies":[{"embeddable":true,"href":"https:\/\/baldumarket.lt\/lt\/wp-json\/wp\/v2\/comments?post=154612"}],"wp:featuredmedia":[{"embeddable":true,"href":"https:\/\/baldumarket.lt\/lt\/wp-json\/wp\/v2\/media\/154613"}],"wp:attachment":[{"href":"https:\/\/baldumarket.lt\/lt\/wp-json\/wp\/v2\/media?parent=154612"}],"wp:term":[{"taxonomy":"product_brand","embeddable":true,"href":"https:\/\/baldumarket.lt\/lt\/wp-json\/wp\/v2\/product_brand?post=154612"},{"taxonomy":"product_cat","embeddable":true,"href":"https:\/\/baldumarket.lt\/lt\/wp-json\/wp\/v2\/product_cat?post=154612"},{"taxonomy":"product_tag","embeddable":true,"href":"https:\/\/baldumarket.lt\/lt\/wp-json\/wp\/v2\/product_tag?post=154612"}],"curies":[{"name":"wp","href":"https:\/\/api.w.org\/{rel}","templated":true}]}}