{"id":154604,"date":"2025-12-18T17:30:49","date_gmt":"2025-12-18T14:30:49","guid":{"rendered":"https:\/\/baldumarket.lt\/product\/cross-s-komoda-4-szuflady-zgaszona-zielen-czarny\/"},"modified":"2026-02-05T09:47:04","modified_gmt":"2026-02-05T06:47:04","slug":"cross-s-komoda-4-szuflady-zgaszona-zielen-czarny","status":"publish","type":"product","link":"https:\/\/baldumarket.lt\/lt\/product\/cross-s-komoda-4-szuflady-zgaszona-zielen-czarny\/","title":{"rendered":"\u201eCross S\u201c \u2013 komoda su 4 stal\u010diais, dulk\u0117tai \u017ealia ir juoda"},"content":{"rendered":"<p>Atraskite stiliaus ir funkcionalumo magij\u0105 m\u016bs\u0173 unikaliame gaminyje \u2013 komodoje \u201eCross S\u201c. Prislopinta \u017ealia spalva puikiai tinka moderniam interjerui, suteikia elegancijos ir unikalaus charakterio. \u0160ie subtil\u016bs atspalviai, derinami su juodomis detal\u0117mis, suteikia jai ne tik esteti\u0161kai patraukli\u0105 i\u0161vaizd\u0105, bet ir harmonijos poj\u016bt\u012f, kuris atne\u0161a ramyb\u0119 j\u016bs\u0173 namams. \u0160i 80 cm plo\u010dio, 85 cm auk\u0161\u010dio ir 40 cm gylio komoda yra puikus sprendimas bet kokiam kambariui \u2013 miegamajam, svetainei ar biurui. Prislopinta spalva leid\u017eia j\u0105 lengvai derinti su kitais dekoro elementais, o juodos kojel\u0117s suteikia modernumo ir stiliaus. D\u0117l universalaus dizaino komoda \u201eCross S\u201c taps ne tik baldu, bet ir svarbiu dekoratyviniu elementu j\u016bs\u0173 interjere. Prakti\u0161ki keturi stal\u010diai suteikia daug vietos daiktams susid\u0117ti, tod\u0117l gal\u0117site tvarkingai susid\u0117ti visus b\u016btiniausius daiktus. Tai puiki vieta dokumentams, drabu\u017eiams ar nieku\u010diams, kuri\u0173 nenorite demonstruoti. Funkcionalumas neatsiejamas nuo estetikos \u2013 kiekvienas stal\u010dius yra kruop\u0161\u010diai apdirbtas, u\u017etikrinant ne tik naudojimo patogum\u0105, bet ir ilgalaik\u012f pasitenkinim\u0105 pirkiniu.<\/p>","protected":false},"excerpt":{"rendered":"<p>Plotis (cm): 80<br \/>\n\u016agis (cm): 85<br \/>\nGylis (cm): 40<\/p>","protected":false},"featured_media":154605,"comment_status":"open","ping_status":"open","template":"","meta":[],"product_brand":[],"product_cat":[9402,1173,4105],"product_tag":[],"class_list":{"0":"post-154604","1":"product","2":"type-product","3":"status-publish","4":"has-post-thumbnail","6":"product_cat-furniture-system-cross","7":"product_cat-chests-of-drawers","8":"product_cat-helvetia","10":"first","11":"instock","12":"purchasable","13":"product-type-simple"},"_links":{"self":[{"href":"https:\/\/baldumarket.lt\/lt\/wp-json\/wp\/v2\/product\/154604","targetHints":{"allow":["GET"]}}],"collection":[{"href":"https:\/\/baldumarket.lt\/lt\/wp-json\/wp\/v2\/product"}],"about":[{"href":"https:\/\/baldumarket.lt\/lt\/wp-json\/wp\/v2\/types\/product"}],"replies":[{"embeddable":true,"href":"https:\/\/baldumarket.lt\/lt\/wp-json\/wp\/v2\/comments?post=154604"}],"wp:featuredmedia":[{"embeddable":true,"href":"https:\/\/baldumarket.lt\/lt\/wp-json\/wp\/v2\/media\/154605"}],"wp:attachment":[{"href":"https:\/\/baldumarket.lt\/lt\/wp-json\/wp\/v2\/media?parent=154604"}],"wp:term":[{"taxonomy":"product_brand","embeddable":true,"href":"https:\/\/baldumarket.lt\/lt\/wp-json\/wp\/v2\/product_brand?post=154604"},{"taxonomy":"product_cat","embeddable":true,"href":"https:\/\/baldumarket.lt\/lt\/wp-json\/wp\/v2\/product_cat?post=154604"},{"taxonomy":"product_tag","embeddable":true,"href":"https:\/\/baldumarket.lt\/lt\/wp-json\/wp\/v2\/product_tag?post=154604"}],"curies":[{"name":"wp","href":"https:\/\/api.w.org\/{rel}","templated":true}]}}