{"id":154598,"date":"2025-12-18T17:30:36","date_gmt":"2025-12-18T14:30:36","guid":{"rendered":"https:\/\/baldumarket.lt\/product\/cross-s-komoda-4-szuflady-dab-wotan-czarny-onyks-mat\/"},"modified":"2026-02-05T09:47:04","modified_gmt":"2026-02-05T06:47:04","slug":"cross-s-komoda-4-szuflady-dab-wotan-czarny-onyks-mat","status":"publish","type":"product","link":"https:\/\/baldumarket.lt\/lt\/product\/cross-s-komoda-4-szuflady-dab-wotan-czarny-onyks-mat\/","title":{"rendered":"\u201eCross S\u201c \u2013 komoda su 4 stal\u010diais, \u201eWotan\u201c \u0105\u017euolo juodo onikso spalvos, matin\u0117"},"content":{"rendered":"<p>Atraskite \u201eCross S\u201c komod\u0105 \u2013 puik\u0173 pasirinkim\u0105 ie\u0161kantiems modernumo ir funkcionalumo derinio. \u0160i eleganti\u0161ka komoda pasi\u017eymi minimalistiniu dizainu, kuris skland\u017eiai dera tiek prie modernaus, tiek prie klasikinio interjero. \u201eWotan Oak\u201c spalva kartu su matiniu juodu oniksu suteikia jai rafinuot\u0105 charakter\u012f ir yra universalus dizaino elementas, papildantis \u012fvairius dekoravimo stilius. Tur\u0117dama keturis erdvius stal\u010dius, \u201eCross S\u201c komoda pasi\u017eymi ne tik elegancija, bet ir funkcionalumu. Puikiai tinka dokumentams, drabu\u017eiams ar kitiems smulkiems daiktams laikyti, ji lengvai tilps \u012f j\u016bs\u0173 kasdienyb\u0119. D\u0117l kruop\u0161\u010diai suprojektuot\u0173 ritin\u0117li\u0173 kreipian\u010di\u0173j\u0173 ja naudotis tampa malonu, o kiekvienas stal\u010diaus jud\u0117jimas yra sklandus ir patogus. Auk\u0161tos kokyb\u0117s med\u017eiagos, i\u0161 kuri\u0173 pagaminta komoda, garantuoja ilgalaik\u012f naudojim\u0105. Laminuota plok\u0161t\u0117 ne tik u\u017etikrina estetin\u012f patrauklum\u0105, bet ir atsparum\u0105 \u012fbr\u0117\u017eimams bei lengv\u0105 valym\u0105. Be to, tvirtos kojel\u0117s garantuoja stabilum\u0105, kuris yra labai svarbus, ypa\u010d da\u017enai naudojamose patalpose.<\/p>","protected":false},"excerpt":{"rendered":"<p>Plotis (cm): 80<br \/>\n\u016agis (cm): 85<br \/>\nGylis (cm): 40<\/p>","protected":false},"featured_media":154599,"comment_status":"open","ping_status":"open","template":"","meta":[],"product_brand":[],"product_cat":[9402,1173,4105],"product_tag":[],"class_list":{"0":"post-154598","1":"product","2":"type-product","3":"status-publish","4":"has-post-thumbnail","6":"product_cat-furniture-system-cross","7":"product_cat-chests-of-drawers","8":"product_cat-helvetia","10":"first","11":"instock","12":"purchasable","13":"product-type-simple"},"_links":{"self":[{"href":"https:\/\/baldumarket.lt\/lt\/wp-json\/wp\/v2\/product\/154598","targetHints":{"allow":["GET"]}}],"collection":[{"href":"https:\/\/baldumarket.lt\/lt\/wp-json\/wp\/v2\/product"}],"about":[{"href":"https:\/\/baldumarket.lt\/lt\/wp-json\/wp\/v2\/types\/product"}],"replies":[{"embeddable":true,"href":"https:\/\/baldumarket.lt\/lt\/wp-json\/wp\/v2\/comments?post=154598"}],"wp:featuredmedia":[{"embeddable":true,"href":"https:\/\/baldumarket.lt\/lt\/wp-json\/wp\/v2\/media\/154599"}],"wp:attachment":[{"href":"https:\/\/baldumarket.lt\/lt\/wp-json\/wp\/v2\/media?parent=154598"}],"wp:term":[{"taxonomy":"product_brand","embeddable":true,"href":"https:\/\/baldumarket.lt\/lt\/wp-json\/wp\/v2\/product_brand?post=154598"},{"taxonomy":"product_cat","embeddable":true,"href":"https:\/\/baldumarket.lt\/lt\/wp-json\/wp\/v2\/product_cat?post=154598"},{"taxonomy":"product_tag","embeddable":true,"href":"https:\/\/baldumarket.lt\/lt\/wp-json\/wp\/v2\/product_tag?post=154598"}],"curies":[{"name":"wp","href":"https:\/\/api.w.org\/{rel}","templated":true}]}}