{"id":154592,"date":"2025-12-18T17:30:24","date_gmt":"2025-12-18T14:30:24","guid":{"rendered":"https:\/\/baldumarket.lt\/product\/cross-s-komoda-4-szuflady-congo-czarny-onyks-mat\/"},"modified":"2026-02-05T09:47:04","modified_gmt":"2026-02-05T06:47:04","slug":"cross-s-komoda-4-szuflady-congo-czarny-onyks-mat","status":"publish","type":"product","link":"https:\/\/baldumarket.lt\/lt\/product\/cross-s-komoda-4-szuflady-congo-czarny-onyks-mat\/","title":{"rendered":"\u201eCross S\u201c \u2013 \u201eCongo\u201c komoda su 4 stal\u010diais, juodo onikso spalvos matin\u0117 spalva"},"content":{"rendered":"<p>Atraskite nauj\u0105 elegancijos dimensij\u0105 savo interjere su \u017einomo \u201eHelvetia\u201c prek\u0117s \u017eenklo komoda \u201eCross S\u201c. Unikalus dizainas, i\u0161siskiriantis matine Kongo tekst\u016bra ir subtiliomis matin\u0117s juodos onikso spalvos detal\u0117mis, bet kuriame kambaryje sukuria unikali\u0105 atmosfer\u0105. Tai puikus sprendimas tiems, kurie vertina modern\u0173 stili\u0173 ir dr\u0105sius interjero dizaino akcentus. Komoda \u201eCross S\u201c yra ne tik gra\u017ei, bet ir prakti\u0161ka. Keturi erdv\u016bs stal\u010diai suteikia daug vietos \u012fvairiems daiktams \u2013 nuo drabu\u017ei\u0173 iki dokument\u0173 \u2013 laikyti, u\u017etikrinant, kad j\u016bs\u0173 interjeras visada i\u0161likt\u0173 tvarkingas. D\u0117l plon\u0173 matmen\u0173 (80 cm plo\u010dio, 85 cm auk\u0161\u010dio ir 40 cm gylio) ji puikiai tinka bet kokiam interjerui \u2013 svetainei, miegamajam ar biurui. Pagaminta i\u0161 auk\u0161tos kokyb\u0117s laminuotos plok\u0161t\u0117s, komoda \u201eCross S\u201c yra ne tik esteti\u0161kai patraukli, bet ir patvari bei atspari pa\u017eeidimams. Tvirta konstrukcija u\u017etikrina ilgaam\u017ei\u0161kum\u0105 ir garantuoja, kad ji tarnaus jums ilgus metus. Itin eleganti\u0161kos juodos kojel\u0117s suteikia jai lengvumo ir stilingumo, pabr\u0117\u017eiant modern\u0173 baldo vaizd\u0105.<\/p>","protected":false},"excerpt":{"rendered":"<p>Plotis (cm): 80<br \/>\n\u016agis (cm): 85<br \/>\nGylis (cm): 40<\/p>","protected":false},"featured_media":154593,"comment_status":"open","ping_status":"open","template":"","meta":[],"product_brand":[],"product_cat":[9402,1173,4105],"product_tag":[],"class_list":{"0":"post-154592","1":"product","2":"type-product","3":"status-publish","4":"has-post-thumbnail","6":"product_cat-furniture-system-cross","7":"product_cat-chests-of-drawers","8":"product_cat-helvetia","10":"first","11":"instock","12":"purchasable","13":"product-type-simple"},"_links":{"self":[{"href":"https:\/\/baldumarket.lt\/lt\/wp-json\/wp\/v2\/product\/154592","targetHints":{"allow":["GET"]}}],"collection":[{"href":"https:\/\/baldumarket.lt\/lt\/wp-json\/wp\/v2\/product"}],"about":[{"href":"https:\/\/baldumarket.lt\/lt\/wp-json\/wp\/v2\/types\/product"}],"replies":[{"embeddable":true,"href":"https:\/\/baldumarket.lt\/lt\/wp-json\/wp\/v2\/comments?post=154592"}],"wp:featuredmedia":[{"embeddable":true,"href":"https:\/\/baldumarket.lt\/lt\/wp-json\/wp\/v2\/media\/154593"}],"wp:attachment":[{"href":"https:\/\/baldumarket.lt\/lt\/wp-json\/wp\/v2\/media?parent=154592"}],"wp:term":[{"taxonomy":"product_brand","embeddable":true,"href":"https:\/\/baldumarket.lt\/lt\/wp-json\/wp\/v2\/product_brand?post=154592"},{"taxonomy":"product_cat","embeddable":true,"href":"https:\/\/baldumarket.lt\/lt\/wp-json\/wp\/v2\/product_cat?post=154592"},{"taxonomy":"product_tag","embeddable":true,"href":"https:\/\/baldumarket.lt\/lt\/wp-json\/wp\/v2\/product_tag?post=154592"}],"curies":[{"name":"wp","href":"https:\/\/api.w.org\/{rel}","templated":true}]}}