{"id":154586,"date":"2025-12-18T17:30:11","date_gmt":"2025-12-18T14:30:11","guid":{"rendered":"https:\/\/baldumarket.lt\/product\/cross-s-komoda-4-szuflady-bialy-czarny-onyks-mat\/"},"modified":"2026-02-05T09:47:04","modified_gmt":"2026-02-05T06:47:04","slug":"cross-s-komoda-4-szuflady-bialy-czarny-onyks-mat","status":"publish","type":"product","link":"https:\/\/baldumarket.lt\/lt\/product\/cross-s-komoda-4-szuflady-bialy-czarny-onyks-mat\/","title":{"rendered":"\u201eCross S\u201c \u2013 komoda su 4 stal\u010diais, balta, juoda, onikso spalvos, matin\u0117"},"content":{"rendered":"<p>Su garsaus \u2019Helvetia\u201c prek\u0117s \u017eenklo komoda \u201eCross S\u201c suteikite savo interjerui elegancijos ir modernumo. Unikalus matin\u0117s baltos ir juodos onikso apdailos derinys daro j\u0105 ne tik prakti\u0161k\u0105, bet ir suteikia charakterio bet kuriam kambariui. \u0160is baldas \u017eavi savo paprastumu, ta\u010diau patraukia d\u0117mes\u012f originaliu dizainu. D\u0117l auk\u0161tos kokyb\u0117s laminuotos plok\u0161t\u0117s naudojimo \u201eCross S\u201c komoda derina estetik\u0105 ir i\u0161skirtin\u012f patvarum\u0105. Keturi erdv\u016bs stal\u010diai pad\u0117s sutvarkyti erdv\u0119 ir leis laikyti visus b\u016btiniausius daiktus. Nesvarbu, ar j\u0105 pastatysite miegamajame, svetain\u0117je, ar biure, ji neabejotinai taps prakti\u0161ku ir stilingu baldu. Ak\u012f traukianti komodos spalv\u0173 gama su kontrastingais elementais daro j\u0105 ne\u012ftik\u0117tinai universali\u0105 \u2013 ji puikiai tiks tiek moderniame, tiek tradiciniame interjere. Lieknos juodos kojel\u0117s suteikia lengvumo, o matin\u0117 apdaila u\u017etikrina, kad komoda i\u0161laikyt\u0173 elegancij\u0105. Tai puikus pavyzdys, kaip efektyviai derinti stili\u0173 ir funkcionalum\u0105 kasdieniame naudojime.<\/p>","protected":false},"excerpt":{"rendered":"<p>Plotis (cm): 80<br \/>\n\u016agis (cm): 85<br \/>\nGylis (cm): 40<\/p>","protected":false},"featured_media":154587,"comment_status":"open","ping_status":"open","template":"","meta":[],"product_brand":[],"product_cat":[9402,1173,4105],"product_tag":[],"class_list":{"0":"post-154586","1":"product","2":"type-product","3":"status-publish","4":"has-post-thumbnail","6":"product_cat-furniture-system-cross","7":"product_cat-chests-of-drawers","8":"product_cat-helvetia","10":"first","11":"instock","12":"purchasable","13":"product-type-simple"},"_links":{"self":[{"href":"https:\/\/baldumarket.lt\/lt\/wp-json\/wp\/v2\/product\/154586","targetHints":{"allow":["GET"]}}],"collection":[{"href":"https:\/\/baldumarket.lt\/lt\/wp-json\/wp\/v2\/product"}],"about":[{"href":"https:\/\/baldumarket.lt\/lt\/wp-json\/wp\/v2\/types\/product"}],"replies":[{"embeddable":true,"href":"https:\/\/baldumarket.lt\/lt\/wp-json\/wp\/v2\/comments?post=154586"}],"wp:featuredmedia":[{"embeddable":true,"href":"https:\/\/baldumarket.lt\/lt\/wp-json\/wp\/v2\/media\/154587"}],"wp:attachment":[{"href":"https:\/\/baldumarket.lt\/lt\/wp-json\/wp\/v2\/media?parent=154586"}],"wp:term":[{"taxonomy":"product_brand","embeddable":true,"href":"https:\/\/baldumarket.lt\/lt\/wp-json\/wp\/v2\/product_brand?post=154586"},{"taxonomy":"product_cat","embeddable":true,"href":"https:\/\/baldumarket.lt\/lt\/wp-json\/wp\/v2\/product_cat?post=154586"},{"taxonomy":"product_tag","embeddable":true,"href":"https:\/\/baldumarket.lt\/lt\/wp-json\/wp\/v2\/product_tag?post=154586"}],"curies":[{"name":"wp","href":"https:\/\/api.w.org\/{rel}","templated":true}]}}