{"id":154579,"date":"2025-12-18T17:29:56","date_gmt":"2025-12-18T14:29:56","guid":{"rendered":"https:\/\/baldumarket.lt\/product\/cross-s-bielizniarka-2d1s-zgaszona-zielen-czarny\/"},"modified":"2026-02-05T09:47:13","modified_gmt":"2026-02-05T06:47:13","slug":"cross-s-bielizniarka-2d1s-zgaszona-zielen-czarny","status":"publish","type":"product","link":"https:\/\/baldumarket.lt\/lt\/product\/cross-s-bielizniarka-2d1s-zgaszona-zielen-czarny\/","title":{"rendered":"\u201eCross S\u201c \u2013 komoda su stal\u010diais, 2 stal\u010diais, 1 stal\u010dius, dulk\u0117tai \u017ealia ir juoda"},"content":{"rendered":"<p>Suteikite savo interjerui elegancijos ir stiliaus su garsaus \u2019Helvetia\u201c prek\u0117s \u017eenklo prislopintos \u017ealios spalvos 2D1S komoda. \u0160is baldas ne tik patraukia d\u0117mes\u012f savo unikaliu dizainu, bet ir tampa prakti\u0161ku baldu, kuriame tilps visi j\u016bs\u0173 lobiai. 150 cm auk\u0161\u010dio ir 89 cm plo\u010dio komoda yra idealus sprendimas, puikiai papildantis modern\u0173 interjer\u0105. Dar vienas \u201eHelvetia\u201c komodos privalumas \u2013 minimalistin\u0117 estetika, kuri\u0105 pabr\u0117\u017eia subtilus prislopint\u0173 \u017eali\u0173 ir juod\u0173 akcent\u0173 derinys. Toks spalv\u0173 pasirinkimas suteikia bet kuriai erdvei harmonijos ir ramyb\u0117s, kartu suteikdamas jai unikal\u0173 charakter\u012f. Apgalvotos detal\u0117s, tokios kaip juodos kojel\u0117s ir eleganti\u0161ki b\u0117geliai, daro \u0161\u012f bald\u0105 puikiu tiek miegamojo, tiek r\u016bbin\u0117s papildymu. Komodos funkcionalumas dera su estetika. D\u0117l gerai apgalvoto dizaino ir erdvi\u0173 lentyn\u0173 galite lengvai susitvarkyti savo drabu\u017eius ir aksesuarus. Nesvarbu, ar jums reikia laikyti apatinius, ar aksesuarus, \u0161i patalyn\u0117s spinta pad\u0117s jums i\u0161likti tvarkingiems ir stilingiems. Modern\u016bs vyriai ir tvirta konstrukcija u\u017etikrina patvarum\u0105, tod\u0117l tai ilgalaik\u0117 investicija.<\/p>","protected":false},"excerpt":{"rendered":"<p>Plotis (cm): 89<br \/>\n\u016agis (cm): 150<br \/>\nGylis (cm): 40<\/p>","protected":false},"featured_media":154580,"comment_status":"open","ping_status":"open","template":"","meta":[],"product_brand":[],"product_cat":[9402,4105,1177],"product_tag":[],"class_list":{"0":"post-154579","1":"product","2":"type-product","3":"status-publish","4":"has-post-thumbnail","6":"product_cat-furniture-system-cross","7":"product_cat-helvetia","8":"product_cat-wardrobes","10":"first","11":"instock","12":"purchasable","13":"product-type-simple"},"_links":{"self":[{"href":"https:\/\/baldumarket.lt\/lt\/wp-json\/wp\/v2\/product\/154579","targetHints":{"allow":["GET"]}}],"collection":[{"href":"https:\/\/baldumarket.lt\/lt\/wp-json\/wp\/v2\/product"}],"about":[{"href":"https:\/\/baldumarket.lt\/lt\/wp-json\/wp\/v2\/types\/product"}],"replies":[{"embeddable":true,"href":"https:\/\/baldumarket.lt\/lt\/wp-json\/wp\/v2\/comments?post=154579"}],"wp:featuredmedia":[{"embeddable":true,"href":"https:\/\/baldumarket.lt\/lt\/wp-json\/wp\/v2\/media\/154580"}],"wp:attachment":[{"href":"https:\/\/baldumarket.lt\/lt\/wp-json\/wp\/v2\/media?parent=154579"}],"wp:term":[{"taxonomy":"product_brand","embeddable":true,"href":"https:\/\/baldumarket.lt\/lt\/wp-json\/wp\/v2\/product_brand?post=154579"},{"taxonomy":"product_cat","embeddable":true,"href":"https:\/\/baldumarket.lt\/lt\/wp-json\/wp\/v2\/product_cat?post=154579"},{"taxonomy":"product_tag","embeddable":true,"href":"https:\/\/baldumarket.lt\/lt\/wp-json\/wp\/v2\/product_tag?post=154579"}],"curies":[{"name":"wp","href":"https:\/\/api.w.org\/{rel}","templated":true}]}}