{"id":154574,"date":"2025-12-18T17:29:47","date_gmt":"2025-12-18T14:29:47","guid":{"rendered":"https:\/\/baldumarket.lt\/product\/cross-s-bielizniarka-2d1s-dab-wotan-czarny-onyks-mat\/"},"modified":"2026-02-05T09:47:13","modified_gmt":"2026-02-05T06:47:13","slug":"cross-s-bielizniarka-2d1s-dab-wotan-czarny-onyks-mat","status":"publish","type":"product","link":"https:\/\/baldumarket.lt\/lt\/product\/cross-s-bielizniarka-2d1s-dab-wotan-czarny-onyks-mat\/","title":{"rendered":"\u201eCross S\u201c \u2013 komoda, 2 stal\u010diai, 1 stal\u010dius, \u201eWotan Oak Black Onyx\u201c matin\u0117 spalva"},"content":{"rendered":"<p>Suteikite savo interjerui stiliaus ir elegancijos su \u201eCross S\u201c patalyn\u0117s spinta i\u0161 \u201eWotan Oak\u201c ir matin\u0117s juodos onikso spalv\u0173. \u0160is nuostabus baldas ne tik traukia ak\u012f savo estetika, bet ir puikiai dera su \u0161iuolaikin\u0117mis tendencijomis. Minimalistinis dizainas ir harmoningas spalv\u0173 derinys puikiai tinka tiek erdviems miegamiesiems, tiek jaukiems interjerams. Pagaminta i\u0161 auk\u0161tos kokyb\u0117s laminuotos plok\u0161t\u0117s, ji garantuoja patvarum\u0105 ir ilgaam\u017ei\u0161kum\u0105, tod\u0117l \u0161i patalyn\u0117s spinta yra idealus pasirinkimas tiems, kurie vertina ir i\u0161vaizd\u0105, ir prakti\u0161kum\u0105. \u201eCross S\u201c patalyn\u0117s spintos prakti\u0161kumas akivaizdus ne tik patraukliame dizaine, bet ir talpoje. D\u0117l dviej\u0173 dureli\u0173 ir papildomo stal\u010diaus galite lengvai susitvarkyti drabu\u017eius, apatinius ir aksesuarus. \u201eWotan Oak\u201c interjeras sukuria maloni\u0105 atmosfer\u0105, o varstomos durys suteikia lengv\u0105 prieig\u0105 prie laikom\u0173 daikt\u0173. Nesvarbu, ar norite susitvarkyti drabu\u017eius, ar eksponuoti m\u0117gstamus aksesuarus, \u0161is baldas pateisins j\u016bs\u0173 l\u016bkes\u010dius. Be to, \u201eCross S\u201c patalyn\u0117s spinta yra pritaikyta j\u016bs\u0173 poreikiams \u2013 surinkimui nereikia speciali\u0173 \u012fg\u016bd\u017ei\u0173, o ai\u0161ki\u0173 instrukcij\u0173 d\u0117ka baldo surinkimas patiems bus tikras malonumas. Stabilios kojel\u0117s, pagamintos i\u0161 auk\u0161tos kokyb\u0117s med\u017eiag\u0173, suteikia patvarumo, tod\u0117l patalyn\u0117s spinta ne tik maloni akiai, bet ir garantuoja visi\u0161k\u0105 funkcionalum\u0105 kasdien naudojant.<\/p>","protected":false},"excerpt":{"rendered":"<p>Plotis (cm): 89<br \/>\n\u016agis (cm): 150<br \/>\nGylis (cm): 40<\/p>","protected":false},"featured_media":154575,"comment_status":"open","ping_status":"open","template":"","meta":[],"product_brand":[],"product_cat":[9402,4105,1177],"product_tag":[],"class_list":{"0":"post-154574","1":"product","2":"type-product","3":"status-publish","4":"has-post-thumbnail","6":"product_cat-furniture-system-cross","7":"product_cat-helvetia","8":"product_cat-wardrobes","10":"first","11":"instock","12":"purchasable","13":"product-type-simple"},"_links":{"self":[{"href":"https:\/\/baldumarket.lt\/lt\/wp-json\/wp\/v2\/product\/154574","targetHints":{"allow":["GET"]}}],"collection":[{"href":"https:\/\/baldumarket.lt\/lt\/wp-json\/wp\/v2\/product"}],"about":[{"href":"https:\/\/baldumarket.lt\/lt\/wp-json\/wp\/v2\/types\/product"}],"replies":[{"embeddable":true,"href":"https:\/\/baldumarket.lt\/lt\/wp-json\/wp\/v2\/comments?post=154574"}],"wp:featuredmedia":[{"embeddable":true,"href":"https:\/\/baldumarket.lt\/lt\/wp-json\/wp\/v2\/media\/154575"}],"wp:attachment":[{"href":"https:\/\/baldumarket.lt\/lt\/wp-json\/wp\/v2\/media?parent=154574"}],"wp:term":[{"taxonomy":"product_brand","embeddable":true,"href":"https:\/\/baldumarket.lt\/lt\/wp-json\/wp\/v2\/product_brand?post=154574"},{"taxonomy":"product_cat","embeddable":true,"href":"https:\/\/baldumarket.lt\/lt\/wp-json\/wp\/v2\/product_cat?post=154574"},{"taxonomy":"product_tag","embeddable":true,"href":"https:\/\/baldumarket.lt\/lt\/wp-json\/wp\/v2\/product_tag?post=154574"}],"curies":[{"name":"wp","href":"https:\/\/api.w.org\/{rel}","templated":true}]}}