{"id":154569,"date":"2025-12-18T17:29:36","date_gmt":"2025-12-18T14:29:36","guid":{"rendered":"https:\/\/baldumarket.lt\/product\/cross-s-bielizniarka-2d1s-congo-czarny-onyks-mat\/"},"modified":"2026-02-05T09:47:13","modified_gmt":"2026-02-05T06:47:13","slug":"cross-s-bielizniarka-2d1s-congo-czarny-onyks-mat","status":"publish","type":"product","link":"https:\/\/baldumarket.lt\/lt\/product\/cross-s-bielizniarka-2d1s-congo-czarny-onyks-mat\/","title":{"rendered":"\u201eCross S\u201c \u2013 2D1S Kongo juodo onikso matinio apatinio trikota\u017eo komplektas"},"content":{"rendered":"<p>Atraskite nepaprast\u0105 \u201eCross S\u201c komodos su stal\u010diais elegancij\u0105, kuri tikrai su\u017eav\u0117s j\u016bs\u0173 interjer\u0105. Pagaminta i\u0161 nesenstan\u010dio matin\u0117s juodos onikso atspalvio, \u0161i komoda puikiai dera tiek su moderniu, tiek su klasikiniu interjeru. Minimalistinis dizainas ir prislopintos spalvos puikiai papildo miegam\u0105j\u012f, prie\u0161kambar\u012f ar net biur\u0105. Ne tik estetika, bet ir funkcionalumas daro \u0161i\u0105 komod\u0105 nepakei\u010diama bet kurioje erdv\u0117je. Erdvios lentynos ir apgalvota organizavimo sistema suteikia jai puiki\u0105 viet\u0105 drabu\u017eiams ir aksesuarams laikyti. D\u0117l laminuotos plok\u0161t\u0117s panaudojimo \u0161i komoda i\u0161siskiria ne tik eleganti\u0161ka i\u0161vaizda, bet ir patvarumu, tod\u0117l d\u017eiugins ak\u012f ilgus metus. \u201eCross S\u201c komoda ne tik suteikia vietos daiktams susid\u0117ti, bet ir suteikia bet kokiam kambariui charakterio. Jos plonas siluetas ir eleganti\u0161kos detal\u0117s, tokios kaip u\u017ed\u0117tiniai vyriai ir esteti\u0161ki ritininiai kreiptuvai, suteikia interjerui modernumo. Baldus taip pat lengva surinkti, tod\u0117l j\u0173 funkcionalumu gal\u0117site m\u0117gautis labai greitai.<\/p>","protected":false},"excerpt":{"rendered":"<p>Plotis (cm): 89<br \/>\n\u016agis (cm): 150<br \/>\nGylis (cm): 40<\/p>","protected":false},"featured_media":154570,"comment_status":"open","ping_status":"open","template":"","meta":[],"product_brand":[],"product_cat":[9402,4105,1177],"product_tag":[],"class_list":{"0":"post-154569","1":"product","2":"type-product","3":"status-publish","4":"has-post-thumbnail","6":"product_cat-furniture-system-cross","7":"product_cat-helvetia","8":"product_cat-wardrobes","10":"first","11":"instock","12":"purchasable","13":"product-type-simple"},"_links":{"self":[{"href":"https:\/\/baldumarket.lt\/lt\/wp-json\/wp\/v2\/product\/154569","targetHints":{"allow":["GET"]}}],"collection":[{"href":"https:\/\/baldumarket.lt\/lt\/wp-json\/wp\/v2\/product"}],"about":[{"href":"https:\/\/baldumarket.lt\/lt\/wp-json\/wp\/v2\/types\/product"}],"replies":[{"embeddable":true,"href":"https:\/\/baldumarket.lt\/lt\/wp-json\/wp\/v2\/comments?post=154569"}],"wp:featuredmedia":[{"embeddable":true,"href":"https:\/\/baldumarket.lt\/lt\/wp-json\/wp\/v2\/media\/154570"}],"wp:attachment":[{"href":"https:\/\/baldumarket.lt\/lt\/wp-json\/wp\/v2\/media?parent=154569"}],"wp:term":[{"taxonomy":"product_brand","embeddable":true,"href":"https:\/\/baldumarket.lt\/lt\/wp-json\/wp\/v2\/product_brand?post=154569"},{"taxonomy":"product_cat","embeddable":true,"href":"https:\/\/baldumarket.lt\/lt\/wp-json\/wp\/v2\/product_cat?post=154569"},{"taxonomy":"product_tag","embeddable":true,"href":"https:\/\/baldumarket.lt\/lt\/wp-json\/wp\/v2\/product_tag?post=154569"}],"curies":[{"name":"wp","href":"https:\/\/api.w.org\/{rel}","templated":true}]}}