{"id":154564,"date":"2025-12-18T17:29:27","date_gmt":"2025-12-18T14:29:27","guid":{"rendered":"https:\/\/baldumarket.lt\/product\/cross-s-bielizniarka-2d1s-bialy-czarny-onyks-mat\/"},"modified":"2026-02-05T09:47:13","modified_gmt":"2026-02-05T06:47:13","slug":"cross-s-bielizniarka-2d1s-bialy-czarny-onyks-mat","status":"publish","type":"product","link":"https:\/\/baldumarket.lt\/lt\/product\/cross-s-bielizniarka-2d1s-bialy-czarny-onyks-mat\/","title":{"rendered":"\u201eCross S\u201c \u2013 komoda, 2 stal\u010diai, 1 stal\u010dius, balta, juoda, onikso spalvos, matin\u0117"},"content":{"rendered":"<p>Atraskite elegancij\u0105 ir funkcionalum\u0105 viename su komoda \u201e2D1S Cross S\u201c. \u0160is unikalus baldas, kuriame derinama matin\u0117 balta ir matin\u0117 juoda onikso spalvos, puikiai tiks \u012fvairiuose interjero dizainuose. D\u0117l nesenstan\u010dio dizaino jis bus ne tik prakti\u0161kas elementas, bet ir stilingas akcentas, pritrauksiantis kiekvieno lankytojo d\u0117mes\u012f. \u0160i\u0105 komod\u0105 unikalia daro ne tik estetika. Jos apgalvotas dizainas su erdviais skyriais suteikia daug vietos j\u016bs\u0173 m\u0117gstamiausiems drabu\u017eiams ir aksesuarams. 89 cm plotis, 150 cm auk\u0161tis ir 40 cm gylis puikiai tinka ma\u017eoms ir vidutinio dyd\u017eio erdv\u0117ms, maksimaliai i\u0161naudojant turim\u0105 erdv\u0119. Prakti\u0161kos lentynos ir stal\u010diai leid\u017eia lengvai susitvarkyti daiktus, o j\u0173 i\u0161d\u0117stymas palengvina kasdien\u012f naudojim\u0105. \u0160i komoda pagaminta i\u0161 auk\u0161tos kokyb\u0117s laminuotos plok\u0161t\u0117s, u\u017etikrinan\u010dios patvarum\u0105 ir atsparum\u0105 pa\u017eeidimams. \u0160iuolaiki\u0161ka, matin\u0117 apdaila suteikia jai eleganti\u0161k\u0105 charakter\u012f, o juodos kojel\u0117s puikiai kontrastuoja su baltu korpusu, pabr\u0117\u017edamos modern\u0173 stili\u0173. D\u0117l kruop\u0161taus apdailos \u0161is baldas papuo\u0161 ne tik miegam\u0105j\u012f, bet ir svetain\u0119 ar prie\u0161kambar\u012f.<\/p>","protected":false},"excerpt":{"rendered":"<p>Plotis (cm): 89<br \/>\n\u016agis (cm): 150<br \/>\nGylis (cm): 40<\/p>","protected":false},"featured_media":154565,"comment_status":"open","ping_status":"open","template":"","meta":[],"product_brand":[],"product_cat":[9402,4105,1177],"product_tag":[],"class_list":{"0":"post-154564","1":"product","2":"type-product","3":"status-publish","4":"has-post-thumbnail","6":"product_cat-furniture-system-cross","7":"product_cat-helvetia","8":"product_cat-wardrobes","10":"first","11":"instock","12":"purchasable","13":"product-type-simple"},"_links":{"self":[{"href":"https:\/\/baldumarket.lt\/lt\/wp-json\/wp\/v2\/product\/154564","targetHints":{"allow":["GET"]}}],"collection":[{"href":"https:\/\/baldumarket.lt\/lt\/wp-json\/wp\/v2\/product"}],"about":[{"href":"https:\/\/baldumarket.lt\/lt\/wp-json\/wp\/v2\/types\/product"}],"replies":[{"embeddable":true,"href":"https:\/\/baldumarket.lt\/lt\/wp-json\/wp\/v2\/comments?post=154564"}],"wp:featuredmedia":[{"embeddable":true,"href":"https:\/\/baldumarket.lt\/lt\/wp-json\/wp\/v2\/media\/154565"}],"wp:attachment":[{"href":"https:\/\/baldumarket.lt\/lt\/wp-json\/wp\/v2\/media?parent=154564"}],"wp:term":[{"taxonomy":"product_brand","embeddable":true,"href":"https:\/\/baldumarket.lt\/lt\/wp-json\/wp\/v2\/product_brand?post=154564"},{"taxonomy":"product_cat","embeddable":true,"href":"https:\/\/baldumarket.lt\/lt\/wp-json\/wp\/v2\/product_cat?post=154564"},{"taxonomy":"product_tag","embeddable":true,"href":"https:\/\/baldumarket.lt\/lt\/wp-json\/wp\/v2\/product_tag?post=154564"}],"curies":[{"name":"wp","href":"https:\/\/api.w.org\/{rel}","templated":true}]}}