{"id":154557,"date":"2025-12-18T17:29:12","date_gmt":"2025-12-18T14:29:12","guid":{"rendered":"https:\/\/baldumarket.lt\/product\/cross-hall-szafa-3-drzwiowa-na-buty-congo-czarny-mat\/"},"modified":"2026-02-05T09:47:13","modified_gmt":"2026-02-05T06:47:13","slug":"cross-hall-szafa-3-drzwiowa-na-buty-congo-czarny-mat","status":"publish","type":"product","link":"https:\/\/baldumarket.lt\/lt\/product\/cross-hall-szafa-3-drzwiowa-na-buty-congo-czarny-mat\/","title":{"rendered":"\u201eCross Hall\u201c \u2013 \u201eCongo\u201c trij\u0173 dur\u0173 bat\u0173 spinta, matin\u0117 juoda"},"content":{"rendered":"<p>Sukurkite unikali\u0105 atmosfer\u0105 savo interjere su eleganti\u0161ka matin\u0117s juodos spalvos trij\u0173 dur\u0173 bat\u0173 spinta \u201eCross Hall Congo\u201c. Jos modernus dizainas puikiai der\u0117s prie bet kokio interjero, suteikdamas ne tik stiliaus, bet ir klas\u0117s. Nebuvo pamir\u0161ta n\u0117 viena detal\u0117, tod\u0117l \u0161is baldas taps tikru bet kurio kambario traukos centru. Auk\u0161tos kokyb\u0117s spintos meistri\u0161kumas suteikia tvirtumo ir ilgaam\u017ei\u0161kumo poj\u016bt\u012f. Pagaminta i\u0161 laminuotos plok\u0161t\u0117s, \u0161i spinta derina estetik\u0105 ir funkcionalum\u0105. Minimalistinis dizainas leid\u017eia lengvai papildyti \u012fvairius interjero stilius \u2013 nuo skandinavi\u0161ko iki industrinio. Sodri juoda spalva suteikia jai eleganti\u0161k\u0105 akcent\u0105, tod\u0117l ji i\u0161 pirmo \u017evilgsnio patraukia ak\u012f. \u201eCross Hall\u201c spinta buvo sukurta atsi\u017evelgiant \u012f maksimal\u0173 patogum\u0105 ir prakti\u0161kum\u0105. Trys erdvios durys leid\u017eia lengvai pasiekti daikt\u0173 laikymo skyrius, o apgalvota organizacija u\u017etikrins j\u016bs\u0173 daikt\u0173 tvark\u0105. Viduje esan\u010dios lentynos yra \u0161iek tiek pasvirusios, kad geriau tilpt\u0173 j\u016bs\u0173 batai. Ji puikiai tiks koridoriuje, miegamajame ar net svetain\u0117je, nes suteiks vietos drabu\u017eiams, batams ir kitiems smulkiems daiktams, kuriuos norite visada tur\u0117ti po ranka.<\/p>","protected":false},"excerpt":{"rendered":"<p>Plotis (cm): 79<br \/>\n\u016agis (cm): 183<br \/>\nGylis (cm): 40<\/p>","protected":false},"featured_media":154558,"comment_status":"open","ping_status":"open","template":"","meta":[],"product_brand":[],"product_cat":[9402,4105,1177],"product_tag":[],"class_list":{"0":"post-154557","1":"product","2":"type-product","3":"status-publish","4":"has-post-thumbnail","6":"product_cat-furniture-system-cross","7":"product_cat-helvetia","8":"product_cat-wardrobes","10":"first","11":"instock","12":"purchasable","13":"product-type-simple"},"_links":{"self":[{"href":"https:\/\/baldumarket.lt\/lt\/wp-json\/wp\/v2\/product\/154557","targetHints":{"allow":["GET"]}}],"collection":[{"href":"https:\/\/baldumarket.lt\/lt\/wp-json\/wp\/v2\/product"}],"about":[{"href":"https:\/\/baldumarket.lt\/lt\/wp-json\/wp\/v2\/types\/product"}],"replies":[{"embeddable":true,"href":"https:\/\/baldumarket.lt\/lt\/wp-json\/wp\/v2\/comments?post=154557"}],"wp:featuredmedia":[{"embeddable":true,"href":"https:\/\/baldumarket.lt\/lt\/wp-json\/wp\/v2\/media\/154558"}],"wp:attachment":[{"href":"https:\/\/baldumarket.lt\/lt\/wp-json\/wp\/v2\/media?parent=154557"}],"wp:term":[{"taxonomy":"product_brand","embeddable":true,"href":"https:\/\/baldumarket.lt\/lt\/wp-json\/wp\/v2\/product_brand?post=154557"},{"taxonomy":"product_cat","embeddable":true,"href":"https:\/\/baldumarket.lt\/lt\/wp-json\/wp\/v2\/product_cat?post=154557"},{"taxonomy":"product_tag","embeddable":true,"href":"https:\/\/baldumarket.lt\/lt\/wp-json\/wp\/v2\/product_tag?post=154557"}],"curies":[{"name":"wp","href":"https:\/\/api.w.org\/{rel}","templated":true}]}}