{"id":154550,"date":"2025-12-18T17:28:57","date_gmt":"2025-12-18T14:28:57","guid":{"rendered":"https:\/\/baldumarket.lt\/product\/cross-hall-szafa-3-drzwiowa-na-buty-bialy-czarny-mat\/"},"modified":"2026-02-05T09:47:13","modified_gmt":"2026-02-05T06:47:13","slug":"cross-hall-szafa-3-drzwiowa-na-buty-bialy-czarny-mat","status":"publish","type":"product","link":"https:\/\/baldumarket.lt\/lt\/product\/cross-hall-szafa-3-drzwiowa-na-buty-bialy-czarny-mat\/","title":{"rendered":"\u201eCross Hall\u201c \u2013 trij\u0173 dur\u0173 bat\u0173 spinta, matin\u0117s juodos ir baltos spalvos"},"content":{"rendered":"<p>Trij\u0173 dur\u0173 bat\u0173 spinta \u201eCross Hall\u201c \u2013 eleganti\u0161kas baldas, puikiai papildantis modern\u0173 interjer\u0105. Minimalistinis dizainas, derinamas su matine balta ir juoda spalvomis, suteikia bet kokiam kambariui rafinuotumo. Paprastos linijos ir prislopintos spalvos dera prie \u012fvairi\u0173 interjero stili\u0173 \u2013 nuo skandinavi\u0161ko iki industrinio, sukurdamos harmoning\u0105 erdv\u0119 j\u016bs\u0173 namuose. Ne tik estetika daro \u0161i\u0105 spint\u0105 unikali\u0105. Prakti\u0161kumas ir funkcionalumas \u2013 kiti privalumai, d\u0117l kuri\u0173 ji yra nepakei\u010diamas baldas. Trys durys suteikia prieig\u0105 prie erdvios erdv\u0117s, kurioje tilps visi j\u016bs\u0173 drabu\u017eiai, aksesuarai ir asmeniniai daiktai. Vidin\u0117s lentynos yra sumontuotos \u0161iek tiek pasvirusios, kad geriau tilpt\u0173 batai. Taip j\u016bs\u0173 erdv\u0117 i\u0161lieka tvarkinga, o kasdienis naudojimas tampa tikru malonumu. Spinta \u201eCross Hall\u201c pagaminta i\u0161 laminuotos plok\u0161t\u0117s, u\u017etikrinan\u010dios patvarum\u0105 ir atsparum\u0105 pa\u017eeidimams. Metaliniai vyriai garantuoja ilgaam\u017ei\u0161kum\u0105 ir paprast\u0105 naudojim\u0105, \u017eymiai pagerindami kasdienio naudojimo komfort\u0105. Be to, jos surinkimas yra ai\u0161kus ir intuityvus, tod\u0117l galite greitai ir lengvai surinkti baldus patogiai savo namuose.<\/p>","protected":false},"excerpt":{"rendered":"<p>Plotis (cm): 79<br \/>\n\u016agis (cm): 183<br \/>\nGylis (cm): 40<\/p>","protected":false},"featured_media":154551,"comment_status":"open","ping_status":"open","template":"","meta":[],"product_brand":[],"product_cat":[9402,4105,1177],"product_tag":[],"class_list":{"0":"post-154550","1":"product","2":"type-product","3":"status-publish","4":"has-post-thumbnail","6":"product_cat-furniture-system-cross","7":"product_cat-helvetia","8":"product_cat-wardrobes","10":"first","11":"instock","12":"purchasable","13":"product-type-simple"},"_links":{"self":[{"href":"https:\/\/baldumarket.lt\/lt\/wp-json\/wp\/v2\/product\/154550","targetHints":{"allow":["GET"]}}],"collection":[{"href":"https:\/\/baldumarket.lt\/lt\/wp-json\/wp\/v2\/product"}],"about":[{"href":"https:\/\/baldumarket.lt\/lt\/wp-json\/wp\/v2\/types\/product"}],"replies":[{"embeddable":true,"href":"https:\/\/baldumarket.lt\/lt\/wp-json\/wp\/v2\/comments?post=154550"}],"wp:featuredmedia":[{"embeddable":true,"href":"https:\/\/baldumarket.lt\/lt\/wp-json\/wp\/v2\/media\/154551"}],"wp:attachment":[{"href":"https:\/\/baldumarket.lt\/lt\/wp-json\/wp\/v2\/media?parent=154550"}],"wp:term":[{"taxonomy":"product_brand","embeddable":true,"href":"https:\/\/baldumarket.lt\/lt\/wp-json\/wp\/v2\/product_brand?post=154550"},{"taxonomy":"product_cat","embeddable":true,"href":"https:\/\/baldumarket.lt\/lt\/wp-json\/wp\/v2\/product_cat?post=154550"},{"taxonomy":"product_tag","embeddable":true,"href":"https:\/\/baldumarket.lt\/lt\/wp-json\/wp\/v2\/product_tag?post=154550"}],"curies":[{"name":"wp","href":"https:\/\/api.w.org\/{rel}","templated":true}]}}