{"id":154543,"date":"2025-12-18T17:28:42","date_gmt":"2025-12-18T14:28:42","guid":{"rendered":"https:\/\/baldumarket.lt\/product\/cross-hall-szafa-3-drzwiowa-dab-wotan-czarny-mat\/"},"modified":"2026-02-05T09:47:13","modified_gmt":"2026-02-05T06:47:13","slug":"cross-hall-szafa-3-drzwiowa-dab-wotan-czarny-mat","status":"publish","type":"product","link":"https:\/\/baldumarket.lt\/lt\/product\/cross-hall-szafa-3-drzwiowa-dab-wotan-czarny-mat\/","title":{"rendered":"\u201eCross Hall\u201c \u2013 trij\u0173 dur\u0173 spinta \u201eWotan Oak Matte Black\u201c"},"content":{"rendered":"<p>Atraskite unikali\u0105 trij\u0173 dur\u0173 \u201eCross Hall\u201c spint\u0105, kuri j\u016bs\u0173 interjerui suteiks harmonijos ir stiliaus. Pagaminta i\u0161 eleganti\u0161kos \u201eWotan\u201c \u0105\u017euolo medienos su matin\u0117s juodos spalvos akcentais, ji yra puikus modernaus po\u017ei\u016brio \u012f klasik\u0105 pavyzdys. Jos apgalvotas dizainas skland\u017eiai dera prie \u012fvairi\u0173 interjer\u0173 \u2013 nuo modernaus iki tradici\u0161kesnio, suteikdamas jai unikal\u0173 charakter\u012f. \u0160i spinta yra ne tik baldas, bet ir tikras j\u016bs\u0173 nam\u0173 akcentas. D\u0117l savo funkcionalumo \u201eCross Hall\u201c spinta yra puikus sprendimas tiems, kurie ie\u0161ko ne tik estetikos, bet ir prakti\u0161kumo. Trys erdvios durys slepia vidin\u0119 erdv\u0119, kurioje tilps visi j\u016bs\u0173 drabu\u017eiai ir aksesuarai, u\u017etikrinant tvarking\u0105 gyvenam\u0105j\u0105 erdv\u0119. Tai puikus sprendimas tiems, kurie vertina ir stili\u0173, ir kasdien\u012f komfort\u0105. Pagaminta i\u0161 auk\u0161tos kokyb\u0117s laminuotos plok\u0161t\u0117s, spinta garantuoja patvarum\u0105 ir atsparum\u0105 kasdieniam naudojimui, o metaliniai vyriai suteikia tvirtumo ir prabangos poj\u016bt\u012f. D\u0117l savaranki\u0161ko surinkimo galite lengvai pritaikyti j\u0105 prie savo poreiki\u0173 ir pageidavim\u0173, o kiekvienas surinkimo proceso \u017eingsnis bus intuityvus ir paprastas.<\/p>","protected":false},"excerpt":{"rendered":"<p>Plotis (cm): 79<br \/>\n\u016agis (cm): 183<br \/>\nGylis (cm): 40<\/p>","protected":false},"featured_media":154544,"comment_status":"open","ping_status":"open","template":"","meta":[],"product_brand":[],"product_cat":[9402,4105,1177],"product_tag":[],"class_list":{"0":"post-154543","1":"product","2":"type-product","3":"status-publish","4":"has-post-thumbnail","6":"product_cat-furniture-system-cross","7":"product_cat-helvetia","8":"product_cat-wardrobes","10":"first","11":"instock","12":"purchasable","13":"product-type-simple"},"_links":{"self":[{"href":"https:\/\/baldumarket.lt\/lt\/wp-json\/wp\/v2\/product\/154543","targetHints":{"allow":["GET"]}}],"collection":[{"href":"https:\/\/baldumarket.lt\/lt\/wp-json\/wp\/v2\/product"}],"about":[{"href":"https:\/\/baldumarket.lt\/lt\/wp-json\/wp\/v2\/types\/product"}],"replies":[{"embeddable":true,"href":"https:\/\/baldumarket.lt\/lt\/wp-json\/wp\/v2\/comments?post=154543"}],"wp:featuredmedia":[{"embeddable":true,"href":"https:\/\/baldumarket.lt\/lt\/wp-json\/wp\/v2\/media\/154544"}],"wp:attachment":[{"href":"https:\/\/baldumarket.lt\/lt\/wp-json\/wp\/v2\/media?parent=154543"}],"wp:term":[{"taxonomy":"product_brand","embeddable":true,"href":"https:\/\/baldumarket.lt\/lt\/wp-json\/wp\/v2\/product_brand?post=154543"},{"taxonomy":"product_cat","embeddable":true,"href":"https:\/\/baldumarket.lt\/lt\/wp-json\/wp\/v2\/product_cat?post=154543"},{"taxonomy":"product_tag","embeddable":true,"href":"https:\/\/baldumarket.lt\/lt\/wp-json\/wp\/v2\/product_tag?post=154543"}],"curies":[{"name":"wp","href":"https:\/\/api.w.org\/{rel}","templated":true}]}}