{"id":154538,"date":"2025-12-18T17:28:32","date_gmt":"2025-12-18T14:28:32","guid":{"rendered":"https:\/\/baldumarket.lt\/product\/cross-hall-panel-wieszak-dab-wotan-czarny-mat\/"},"modified":"2026-02-05T09:47:13","modified_gmt":"2026-02-05T06:47:13","slug":"cross-hall-panel-wieszak-dab-wotan-czarny-mat","status":"publish","type":"product","link":"https:\/\/baldumarket.lt\/lt\/product\/cross-hall-panel-wieszak-dab-wotan-czarny-mat\/","title":{"rendered":"\u201eCross Hall\u201c \u2013 \u201eWotan\u201c \u0105\u017euolo spalvos pakabos panel\u0117, matin\u0117 juoda"},"content":{"rendered":"<p>Atraskite \u201eCross Hall\u201c \u2013 \u201eWotan Oak\u201c matin\u0117s juodos spalvos pakab\u0105 \u2013 stiling\u0105 j\u016bs\u0173 prie\u0161kambario akcent\u0105. Unikalus dizainas, kuriame derinami nat\u016bral\u016bs \u201eWotan\u201c \u0105\u017euolo atspalviai su eleganti\u0161ka matin\u0117s juodos spalvos apdaila, daro j\u0105 moderni\u0105 ir nesenstan\u010di\u0105. D\u0117l harmoningo spalv\u0173 derinio pakaba der\u0117s prie bet kokio interjero stiliaus, suteikdama jai unikal\u0173 charakter\u012f. Pakabos dizainas buvo sukurtas atsi\u017evelgiant \u012f funkcionalum\u0105 ir kasdien\u012f prakti\u0161kum\u0105. Kompakti\u0161ki matmenys (40 cm plo\u010dio, 70 cm auk\u0161\u010dio ir 20 cm gylio) idealiai tinka ma\u017eoms erdv\u0117ms, tokioms kaip prie\u0161kambaris ir koridorius. Nepaisant kompakti\u0161ko dyd\u017eio, ji suteikia daug vietos drabu\u017eiams ir aksesuarams pakabinti, tod\u0117l j\u016bs\u0173 namai tampa tvarkingi. Gamintojas u\u017etikrino laminuot\u0105 plok\u0161t\u0119 pakabos konstrukcijoje ir jos patvarum\u0105 bei lengv\u0105 valym\u0105. Lygi apdaila leid\u017eia lengvai pri\u017ei\u016br\u0117ti kasdien\u0119 prie\u017ei\u016br\u0105. Pasirink\u0119 \u0161i\u0105 pakab\u0105, gausite ne tik vietos savo drabu\u017eiams, bet ir eleganti\u0161k\u0105 dekoratyvin\u012f element\u0105, kuris stebina savo i\u0161vaizda ir gamybos kokybe.<\/p>","protected":false},"excerpt":{"rendered":"<p>Plotis (cm): 40<br \/>\n\u016agis (cm): 70<br \/>\nGylis (cm): 20<\/p>","protected":false},"featured_media":154539,"comment_status":"open","ping_status":"open","template":"","meta":[],"product_brand":[],"product_cat":[9402,1931,4105],"product_tag":[],"class_list":{"0":"post-154538","1":"product","2":"type-product","3":"status-publish","4":"has-post-thumbnail","6":"product_cat-furniture-system-cross","7":"product_cat-hangers","8":"product_cat-helvetia","10":"first","11":"instock","12":"purchasable","13":"product-type-simple"},"_links":{"self":[{"href":"https:\/\/baldumarket.lt\/lt\/wp-json\/wp\/v2\/product\/154538","targetHints":{"allow":["GET"]}}],"collection":[{"href":"https:\/\/baldumarket.lt\/lt\/wp-json\/wp\/v2\/product"}],"about":[{"href":"https:\/\/baldumarket.lt\/lt\/wp-json\/wp\/v2\/types\/product"}],"replies":[{"embeddable":true,"href":"https:\/\/baldumarket.lt\/lt\/wp-json\/wp\/v2\/comments?post=154538"}],"wp:featuredmedia":[{"embeddable":true,"href":"https:\/\/baldumarket.lt\/lt\/wp-json\/wp\/v2\/media\/154539"}],"wp:attachment":[{"href":"https:\/\/baldumarket.lt\/lt\/wp-json\/wp\/v2\/media?parent=154538"}],"wp:term":[{"taxonomy":"product_brand","embeddable":true,"href":"https:\/\/baldumarket.lt\/lt\/wp-json\/wp\/v2\/product_brand?post=154538"},{"taxonomy":"product_cat","embeddable":true,"href":"https:\/\/baldumarket.lt\/lt\/wp-json\/wp\/v2\/product_cat?post=154538"},{"taxonomy":"product_tag","embeddable":true,"href":"https:\/\/baldumarket.lt\/lt\/wp-json\/wp\/v2\/product_tag?post=154538"}],"curies":[{"name":"wp","href":"https:\/\/api.w.org\/{rel}","templated":true}]}}