{"id":154526,"date":"2025-12-18T17:28:07","date_gmt":"2025-12-18T14:28:07","guid":{"rendered":"https:\/\/baldumarket.lt\/product\/cross-hall-panel-wieszak-bialy-czarny-mat\/"},"modified":"2026-02-05T09:47:22","modified_gmt":"2026-02-05T06:47:22","slug":"cross-hall-panel-wieszak-bialy-czarny-mat","status":"publish","type":"product","link":"https:\/\/baldumarket.lt\/lt\/product\/cross-hall-panel-wieszak-bialy-czarny-mat\/","title":{"rendered":"\u201eCross Hall\u201c \u2013 pakabos panel\u0117, baltai juoda, matin\u0117"},"content":{"rendered":"<p>\u012ene\u0161kite elegancijos ir modernumo \u012f savo interjer\u0105 su \u201eHelvetia\u201c \u201eCross Hall\u201c palt\u0173 kabykla. Puikiai suderintas matin\u0117s baltos ir juodos spalv\u0173 derinys suteiks bet kuriam prie\u0161kambariui unikal\u0173 charakter\u012f. \u0160is baldas ne tik atlieka savo funkcij\u0105, bet ir tampa ak\u012f traukian\u010diu dekoratyviniu elementu, pabr\u0117\u017eian\u010diu j\u016bs\u0173 nam\u0173 stili\u0173. Su \u201eCross Hall\u201c palt\u0173 kabykla \u012fgysite ne tik stiling\u0105 interjer\u0105, bet ir prakti\u0161k\u0105 sprendim\u0105 kasdieniam naudojimui. D\u0117l kompakti\u0161k\u0173 matmen\u0173 (plotis 40 cm, auk\u0161tis 70 cm, gylis 20 cm) ji puikiai tinka net ir ma\u017eiausiam prie\u0161kambariui, suteikdama vietos vir\u0161utiniams drabu\u017eiams ir aksesuarams. Pagaminta i\u0161 auk\u0161tos kokyb\u0117s laminuotos plok\u0161t\u0117s, ji derina estetik\u0105 su patvarumu, u\u017etikrindama ilgalaik\u012f naudojim\u0105. Ry\u0161ki matin\u0117 balta priekin\u0117 dalis puikiai papildo tamsesn\u012f korpus\u0105, sukurdama harmoning\u0105 ir akiai maloni\u0105 kompozicij\u0105. \u0160i palt\u0173 kabykla yra puikus sprendimas tiems, kurie vertina minimalistin\u012f dizain\u0105 ir elegancij\u0105, kartu nor\u0117dami savo interjerui suteikti modernumo. Ji ne tik atlieka savo paskirt\u012f, bet ir traukia d\u0117mes\u012f, tod\u0117l kiekvienas sve\u010dias atkreipia d\u0117mes\u012f \u012f j\u016bs\u0173 i\u0161skirtin\u012f skon\u012f.<\/p>","protected":false},"excerpt":{"rendered":"<p>Plotis (cm): 40<br \/>\n\u016agis (cm): 70<br \/>\nGylis (cm): 20<\/p>","protected":false},"featured_media":154527,"comment_status":"open","ping_status":"open","template":"","meta":[],"product_brand":[],"product_cat":[9402,1931,4105],"product_tag":[],"class_list":{"0":"post-154526","1":"product","2":"type-product","3":"status-publish","4":"has-post-thumbnail","6":"product_cat-furniture-system-cross","7":"product_cat-hangers","8":"product_cat-helvetia","10":"first","11":"instock","12":"purchasable","13":"product-type-simple"},"_links":{"self":[{"href":"https:\/\/baldumarket.lt\/lt\/wp-json\/wp\/v2\/product\/154526","targetHints":{"allow":["GET"]}}],"collection":[{"href":"https:\/\/baldumarket.lt\/lt\/wp-json\/wp\/v2\/product"}],"about":[{"href":"https:\/\/baldumarket.lt\/lt\/wp-json\/wp\/v2\/types\/product"}],"replies":[{"embeddable":true,"href":"https:\/\/baldumarket.lt\/lt\/wp-json\/wp\/v2\/comments?post=154526"}],"wp:featuredmedia":[{"embeddable":true,"href":"https:\/\/baldumarket.lt\/lt\/wp-json\/wp\/v2\/media\/154527"}],"wp:attachment":[{"href":"https:\/\/baldumarket.lt\/lt\/wp-json\/wp\/v2\/media?parent=154526"}],"wp:term":[{"taxonomy":"product_brand","embeddable":true,"href":"https:\/\/baldumarket.lt\/lt\/wp-json\/wp\/v2\/product_brand?post=154526"},{"taxonomy":"product_cat","embeddable":true,"href":"https:\/\/baldumarket.lt\/lt\/wp-json\/wp\/v2\/product_cat?post=154526"},{"taxonomy":"product_tag","embeddable":true,"href":"https:\/\/baldumarket.lt\/lt\/wp-json\/wp\/v2\/product_tag?post=154526"}],"curies":[{"name":"wp","href":"https:\/\/api.w.org\/{rel}","templated":true}]}}