{"id":154521,"date":"2025-12-18T17:27:56","date_gmt":"2025-12-18T14:27:56","guid":{"rendered":"https:\/\/baldumarket.lt\/product\/cross-hall-lustro-wiszace-dab-wotan\/"},"modified":"2026-02-05T09:47:22","modified_gmt":"2026-02-05T06:47:22","slug":"cross-hall-lustro-wiszace-dab-wotan","status":"publish","type":"product","link":"https:\/\/baldumarket.lt\/lt\/product\/cross-hall-lustro-wiszace-dab-wotan\/","title":{"rendered":"\u201eCross Hall\u201c \u2013 pakabinamas veidrodis \u201eWotan\u201c \u0105\u017euolas"},"content":{"rendered":"<p>Atraskite nauj\u0105 kokyb\u0117s lyg\u012f savo interjero dizaine su garsaus \u201eHelvetia\u201c prek\u0117s \u017eenklo pakabinamu veidrod\u017eiu \u201eWotan Oak\u201c. Eleganti\u0161ka forma ir nat\u016brali \u201eWotan Oak\u201c \u0105\u017euolo spalva sukuria harmoning\u0105 atmosfer\u0105, puikiai atitinkan\u010di\u0105 \u0161iuolaikines tendencijas. \u0160is veidrodis taps ne tik prakti\u0161ku elementu, bet ir stilingu akcentu, kuris sustiprins bet kokio interjero charakter\u012f. Auk\u0161tos kokyb\u0117s laminuota plok\u0161t\u0117 suteikia jam ne tik esteti\u0161k\u0105 i\u0161vaizd\u0105, bet ir ilgaam\u017ei\u0161kum\u0105 bei atsparum\u0105 kasdieniam naudojimui. Kompakti\u0161ki matmenys (40 x 60 cm) idealiai tinka prie\u0161kambariui, vonios kambariui ar miegamajam, kur visada galite ap\u017ei\u016br\u0117ti save prie\u0161 i\u0161eidami i\u0161 nam\u0173. D\u0117l savaranki\u0161ko surinkimo galimyb\u0117s galite lengvai pritaikyti j\u012f prie savo poreiki\u0173 ir pasirinkti viet\u0105, kuri geriausiai papildys j\u016bs\u0173 interjer\u0105. \u201eWotan Oak\u201c spalva suteikia ne tik elegancijos, bet ir jaukumo. \u0160is nat\u016bralus atspalvis puikiai dera su \u012fvairiais interjero stiliais \u2013 nuo skandinavi\u0161ko iki minimalistinio ir kaimi\u0161ko. D\u0117l to veidrodis taps universaliu aksesuaru, kuris lengvai tiks bet kurioje erdv\u0117je, suteikdamas jam lengvumo ir erdvumo.<\/p>","protected":false},"excerpt":{"rendered":"<p>Plotis (cm): 40<br \/>\n\u016agis (cm): 60<br \/>\nGylis (cm): 2<\/p>","protected":false},"featured_media":154522,"comment_status":"open","ping_status":"open","template":"","meta":[],"product_brand":[],"product_cat":[9402,4105,1108],"product_tag":[],"class_list":{"0":"post-154521","1":"product","2":"type-product","3":"status-publish","4":"has-post-thumbnail","6":"product_cat-furniture-system-cross","7":"product_cat-helvetia","8":"product_cat-mirrors","10":"first","11":"instock","12":"purchasable","13":"product-type-simple"},"_links":{"self":[{"href":"https:\/\/baldumarket.lt\/lt\/wp-json\/wp\/v2\/product\/154521","targetHints":{"allow":["GET"]}}],"collection":[{"href":"https:\/\/baldumarket.lt\/lt\/wp-json\/wp\/v2\/product"}],"about":[{"href":"https:\/\/baldumarket.lt\/lt\/wp-json\/wp\/v2\/types\/product"}],"replies":[{"embeddable":true,"href":"https:\/\/baldumarket.lt\/lt\/wp-json\/wp\/v2\/comments?post=154521"}],"wp:featuredmedia":[{"embeddable":true,"href":"https:\/\/baldumarket.lt\/lt\/wp-json\/wp\/v2\/media\/154522"}],"wp:attachment":[{"href":"https:\/\/baldumarket.lt\/lt\/wp-json\/wp\/v2\/media?parent=154521"}],"wp:term":[{"taxonomy":"product_brand","embeddable":true,"href":"https:\/\/baldumarket.lt\/lt\/wp-json\/wp\/v2\/product_brand?post=154521"},{"taxonomy":"product_cat","embeddable":true,"href":"https:\/\/baldumarket.lt\/lt\/wp-json\/wp\/v2\/product_cat?post=154521"},{"taxonomy":"product_tag","embeddable":true,"href":"https:\/\/baldumarket.lt\/lt\/wp-json\/wp\/v2\/product_tag?post=154521"}],"curies":[{"name":"wp","href":"https:\/\/api.w.org\/{rel}","templated":true}]}}