{"id":154511,"date":"2025-12-18T17:27:36","date_gmt":"2025-12-18T14:27:36","guid":{"rendered":"https:\/\/baldumarket.lt\/product\/cross-hall-lustro-bialy-mat\/"},"modified":"2026-02-05T09:47:22","modified_gmt":"2026-02-05T06:47:22","slug":"cross-hall-lustro-bialy-mat","status":"publish","type":"product","link":"https:\/\/baldumarket.lt\/lt\/product\/cross-hall-lustro-bialy-mat\/","title":{"rendered":"\u201eCross Hall\u201c \u2013 veidrodin\u0117 balta matin\u0117"},"content":{"rendered":"<p>Eleganti\u0161kas matin\u0117s baltos spalvos \u201eHelvetia\u201c \u201eCross Hall\u201c veidrodis \u2013 puikus j\u016bs\u0173 interjero papildymas. Minimalistinis dizainas tinka tiek klasikiniam, tiek moderniam interjerui. Balta apdaila suteikia jam subtilumo, tod\u0117l jis puikiai tinka bet kokiam dekoro stiliui \u2013 nuo skandinavi\u0161ko iki lofto stiliaus. \u0160is 40 cm x 60 cm veidrodis yra ne tik eleganti\u0161kas akcentas, bet ir prakti\u0161kas sprendimas prie\u0161kambariui, miegamajam ar vonios kambariui. Jo plona forma vizualiai padidina erdv\u0119, suteikdama net ma\u017eesn\u0117ms erdv\u0117ms didesnio gylio iliuzij\u0105. D\u0117l to \u201eCross Hall\u201c veidrodis yra ne tik dekoratyvinis, bet ir funkcionalus elementas j\u016bs\u0173 kasdieniame gyvenime. Pagamintas i\u0161 auk\u0161tos kokyb\u0117s laminuotos plok\u0161t\u0117s, veidrodis derina estetik\u0105 ir ilgaam\u017ei\u0161kum\u0105. Tvirtos med\u017eiagos garantuoja, kad jis tarnaus ilgus metus, i\u0161laikydamas gra\u017ei\u0105 i\u0161vaizd\u0105. Be to, lengvai surenkamas dizainas leid\u017eia j\u012f lengvai pritaikyti prie j\u016bs\u0173 interjero, nepriklausomai nuo j\u016bs\u0173 \u201epasidaryk pats\u201c patirties.<\/p>","protected":false},"excerpt":{"rendered":"<p>Plotis (cm): 40<br \/>\n\u016agis (cm): 60<br \/>\nGylis (cm): 2<\/p>","protected":false},"featured_media":154512,"comment_status":"open","ping_status":"open","template":"","meta":[],"product_brand":[],"product_cat":[9402,4105,1108],"product_tag":[],"class_list":{"0":"post-154511","1":"product","2":"type-product","3":"status-publish","4":"has-post-thumbnail","6":"product_cat-furniture-system-cross","7":"product_cat-helvetia","8":"product_cat-mirrors","10":"first","11":"instock","12":"purchasable","13":"product-type-simple"},"_links":{"self":[{"href":"https:\/\/baldumarket.lt\/lt\/wp-json\/wp\/v2\/product\/154511","targetHints":{"allow":["GET"]}}],"collection":[{"href":"https:\/\/baldumarket.lt\/lt\/wp-json\/wp\/v2\/product"}],"about":[{"href":"https:\/\/baldumarket.lt\/lt\/wp-json\/wp\/v2\/types\/product"}],"replies":[{"embeddable":true,"href":"https:\/\/baldumarket.lt\/lt\/wp-json\/wp\/v2\/comments?post=154511"}],"wp:featuredmedia":[{"embeddable":true,"href":"https:\/\/baldumarket.lt\/lt\/wp-json\/wp\/v2\/media\/154512"}],"wp:attachment":[{"href":"https:\/\/baldumarket.lt\/lt\/wp-json\/wp\/v2\/media?parent=154511"}],"wp:term":[{"taxonomy":"product_brand","embeddable":true,"href":"https:\/\/baldumarket.lt\/lt\/wp-json\/wp\/v2\/product_brand?post=154511"},{"taxonomy":"product_cat","embeddable":true,"href":"https:\/\/baldumarket.lt\/lt\/wp-json\/wp\/v2\/product_cat?post=154511"},{"taxonomy":"product_tag","embeddable":true,"href":"https:\/\/baldumarket.lt\/lt\/wp-json\/wp\/v2\/product_tag?post=154511"}],"curies":[{"name":"wp","href":"https:\/\/api.w.org\/{rel}","templated":true}]}}