{"id":154504,"date":"2025-12-18T17:27:21","date_gmt":"2025-12-18T14:27:21","guid":{"rendered":"https:\/\/baldumarket.lt\/product\/cross-hall-komoda-4-szuflady-dab-wotan-czarny-mat\/"},"modified":"2026-02-05T09:47:22","modified_gmt":"2026-02-05T06:47:22","slug":"cross-hall-komoda-4-szuflady-dab-wotan-czarny-mat","status":"publish","type":"product","link":"https:\/\/baldumarket.lt\/lt\/product\/cross-hall-komoda-4-szuflady-dab-wotan-czarny-mat\/","title":{"rendered":"\u201eCross Hall\u201c \u2013 komoda su 4 stal\u010diais, \u201eWotan\u201c \u0105\u017euolo spalvos, matin\u0117s juodos spalvos"},"content":{"rendered":"<p>Atraskite \u2019Cross Hall\u201c komod\u0105 \u2013 tobul\u0105 elegancijos ir funkcionalumo derin\u012f. Nesenstantis stilius, derinamas su modernia \u201eWotan\u201c \u0105\u017euolo ir matin\u0117s juodos spalvos apdaila, pavers j\u0105 ne tik prakti\u0161ku baldu, bet ir unikalia bet kokio interjero puo\u0161mena. D\u0117l paprast\u0173 linij\u0173 ir prislopint\u0173 spalv\u0173 komoda puikiai der\u0117s prie \u012fvairi\u0173 interjer\u0173 \u2013 nuo minimalistinio iki klasikinio. Kiekvienas i\u0161 keturi\u0173 \u201eCross Hall\u201c komodos stal\u010di\u0173 buvo sukurtas galvojant apie maksimal\u0173 komfort\u0105. Erdv\u016bs skyriai suteikia puiki\u0105 viet\u0105 laikyti smulkius daiktus, drabu\u017eius ar dokumentus, kuri\u0173 visada reikia po ranka. Stal\u010diai skland\u017eiai juda ritininiais b\u0117geliais, u\u017etikrindami komfort\u0105 ir paprast\u0105 naudojim\u0105 kiekvien\u0105 dien\u0105, o subtilios ranken\u0117l\u0117s suteikia elegancijos. Pagaminta i\u0161 auk\u0161tos kokyb\u0117s laminuotos plok\u0161t\u0117s, komoda yra atspari pa\u017eeidimams ir lengvai valoma. Stilinga \u201eWotan\u201c \u0105\u017euolo mediena tikrai suteiks \u0161ilumos ir jaukumo j\u016bs\u0173 interjerui. Kompakti\u0161ki matmenys \u2013 60 cm plo\u010dio, 78 cm auk\u0161\u010dio ir 40 cm gylio \u2013 daro j\u0105 puikiu sprendimu ma\u017eesn\u0117ms erdv\u0117ms, tokioms kaip koridorius, miegamasis ar svetain\u0117.<\/p>","protected":false},"excerpt":{"rendered":"<p>Plotis (cm): 60<br \/>\n\u016agis (cm): 78<br \/>\nGylis (cm): 40<\/p>","protected":false},"featured_media":154505,"comment_status":"open","ping_status":"open","template":"","meta":[],"product_brand":[],"product_cat":[9402,1173,4105],"product_tag":[],"class_list":{"0":"post-154504","1":"product","2":"type-product","3":"status-publish","4":"has-post-thumbnail","6":"product_cat-furniture-system-cross","7":"product_cat-chests-of-drawers","8":"product_cat-helvetia","10":"first","11":"instock","12":"purchasable","13":"product-type-simple"},"_links":{"self":[{"href":"https:\/\/baldumarket.lt\/lt\/wp-json\/wp\/v2\/product\/154504","targetHints":{"allow":["GET"]}}],"collection":[{"href":"https:\/\/baldumarket.lt\/lt\/wp-json\/wp\/v2\/product"}],"about":[{"href":"https:\/\/baldumarket.lt\/lt\/wp-json\/wp\/v2\/types\/product"}],"replies":[{"embeddable":true,"href":"https:\/\/baldumarket.lt\/lt\/wp-json\/wp\/v2\/comments?post=154504"}],"wp:featuredmedia":[{"embeddable":true,"href":"https:\/\/baldumarket.lt\/lt\/wp-json\/wp\/v2\/media\/154505"}],"wp:attachment":[{"href":"https:\/\/baldumarket.lt\/lt\/wp-json\/wp\/v2\/media?parent=154504"}],"wp:term":[{"taxonomy":"product_brand","embeddable":true,"href":"https:\/\/baldumarket.lt\/lt\/wp-json\/wp\/v2\/product_brand?post=154504"},{"taxonomy":"product_cat","embeddable":true,"href":"https:\/\/baldumarket.lt\/lt\/wp-json\/wp\/v2\/product_cat?post=154504"},{"taxonomy":"product_tag","embeddable":true,"href":"https:\/\/baldumarket.lt\/lt\/wp-json\/wp\/v2\/product_tag?post=154504"}],"curies":[{"name":"wp","href":"https:\/\/api.w.org\/{rel}","templated":true}]}}