{"id":154497,"date":"2025-12-18T17:27:06","date_gmt":"2025-12-18T14:27:06","guid":{"rendered":"https:\/\/baldumarket.lt\/product\/cross-hall-komoda-4-szuflady-congo-czarny-mat\/"},"modified":"2026-02-05T09:47:22","modified_gmt":"2026-02-05T06:47:22","slug":"cross-hall-komoda-4-szuflady-congo-czarny-mat","status":"publish","type":"product","link":"https:\/\/baldumarket.lt\/lt\/product\/cross-hall-komoda-4-szuflady-congo-czarny-mat\/","title":{"rendered":"\u201eCross Hall\u201c \u2013 \u201eCongo\u201c komoda su 4 stal\u010diais, matin\u0117s juodos spalvos"},"content":{"rendered":"<p>Atraskite elegancij\u0105 ir funkcionalum\u0105 su \u201eCongo\u201c komoda su 4 stal\u010diais, kuri neabejotinai suteiks j\u016bs\u0173 interjerui unikalaus stiliaus. \u0160i matin\u0117s juodos spalvos \u201eHelvetia\u201c komoda, pasi\u017eyminti moderniu dizainu, puikiai papildo naujausias interjero dizaino tendencijas. Minimalistin\u0117 forma ir subtili apdaila puikiai papildo tiek klasikines, tiek modernias erdves. \u0160i komoda ne tik \u017eavi estetika, bet ir si\u016blo daugyb\u0119 daikt\u0173 laikymo galimybi\u0173. Keturi erdv\u016bs stal\u010diai, kuriuose patogiai tilps visi reikalingi daiktai, pad\u0117s palaikyti tvark\u0105. Nesvarbu, ar jums reikia vietos drabu\u017eiams, dokumentams ar nieku\u010diams, \u0161i komoda pad\u0117s jums sutvarkyti savo erdv\u0119 prakti\u0161kai ir stilingai. Auk\u0161tos kokyb\u0117s laminuotos plok\u0161t\u0117s naudojimas daro komod\u0105 ne tik esteti\u0161kai patraukli\u0105, bet ir patvari\u0105. Atsparumas \u012fbr\u0117\u017eimams ir lengvas valymas yra dar vieni privalumai, prisidedantys prie kasdienio naudojimo patogumo. Be to, stal\u010diai su ritininiais b\u0117geliais u\u017etikrina skland\u0173 atidarym\u0105 ir u\u017edarym\u0105, o tai padidina bald\u0173 naudojimo patogum\u0105.<\/p>","protected":false},"excerpt":{"rendered":"<p>Plotis (cm): 60<br \/>\n\u016agis (cm): 78<br \/>\nGylis (cm): 40<\/p>","protected":false},"featured_media":154498,"comment_status":"open","ping_status":"open","template":"","meta":[],"product_brand":[],"product_cat":[9402,1173,4105],"product_tag":[],"class_list":{"0":"post-154497","1":"product","2":"type-product","3":"status-publish","4":"has-post-thumbnail","6":"product_cat-furniture-system-cross","7":"product_cat-chests-of-drawers","8":"product_cat-helvetia","10":"first","11":"instock","12":"purchasable","13":"product-type-simple"},"_links":{"self":[{"href":"https:\/\/baldumarket.lt\/lt\/wp-json\/wp\/v2\/product\/154497","targetHints":{"allow":["GET"]}}],"collection":[{"href":"https:\/\/baldumarket.lt\/lt\/wp-json\/wp\/v2\/product"}],"about":[{"href":"https:\/\/baldumarket.lt\/lt\/wp-json\/wp\/v2\/types\/product"}],"replies":[{"embeddable":true,"href":"https:\/\/baldumarket.lt\/lt\/wp-json\/wp\/v2\/comments?post=154497"}],"wp:featuredmedia":[{"embeddable":true,"href":"https:\/\/baldumarket.lt\/lt\/wp-json\/wp\/v2\/media\/154498"}],"wp:attachment":[{"href":"https:\/\/baldumarket.lt\/lt\/wp-json\/wp\/v2\/media?parent=154497"}],"wp:term":[{"taxonomy":"product_brand","embeddable":true,"href":"https:\/\/baldumarket.lt\/lt\/wp-json\/wp\/v2\/product_brand?post=154497"},{"taxonomy":"product_cat","embeddable":true,"href":"https:\/\/baldumarket.lt\/lt\/wp-json\/wp\/v2\/product_cat?post=154497"},{"taxonomy":"product_tag","embeddable":true,"href":"https:\/\/baldumarket.lt\/lt\/wp-json\/wp\/v2\/product_tag?post=154497"}],"curies":[{"name":"wp","href":"https:\/\/api.w.org\/{rel}","templated":true}]}}