{"id":154491,"date":"2025-12-18T17:26:54","date_gmt":"2025-12-18T14:26:54","guid":{"rendered":"https:\/\/baldumarket.lt\/product\/cross-hall-komoda-4-szuflady-bialy-czarny-mat\/"},"modified":"2026-02-05T09:47:22","modified_gmt":"2026-02-05T06:47:22","slug":"cross-hall-komoda-4-szuflady-bialy-czarny-mat","status":"publish","type":"product","link":"https:\/\/baldumarket.lt\/lt\/product\/cross-hall-komoda-4-szuflady-bialy-czarny-mat\/","title":{"rendered":"Cross Hall &#8211; Komoda su 4 stal\u010diais, balta, juoda, matin\u0117"},"content":{"rendered":"<p>Atraskite elegancij\u0105 ir modernum\u0105 su \u201eCross Hall\u201c komoda, kurioje dera klasikinis dizainas ir funkcionalumas. Minimalistin\u0117 forma, derinama su matine balta ir juoda apdaila, ne tik traukia ak\u012f, bet ir suteikia j\u016bs\u0173 interjerui prabangos bei stiliaus. \u0160i komoda skland\u017eiai dera su \u012fvairiais dekoro stiliais \u2013 nuo skandinavi\u0161ko iki modernaus industrinio, tod\u0117l puikiai tinka bet kuriai erdvei. Prakti\u0161ki keturi stal\u010diai suteikia daug vietos b\u016btiniausiems daiktams laikyti, o sklandus j\u0173 atidarymas ir u\u017edarymas u\u017etikrina skland\u0173 veikim\u0105. \u201eCross Hall\u201c komoda ne tik puikiai atrodo, bet ir patenkina kasdienius poreikius, sukurdama tvark\u0105 j\u016bs\u0173 namuose. Pagaminta i\u0161 auk\u0161tos kokyb\u0117s laminuotos plok\u0161t\u0117s, ji yra atspari pa\u017eeidimams, u\u017etikrina ilgaam\u017ei\u0161kum\u0105 ir patikimum\u0105. Jei ie\u0161kote bald\u0173, kurie suteikt\u0173 j\u016bs\u0173 interjerui klas\u0117s ir charakterio, \u201eCross Hall\u201c komoda yra puikus pasirinkimas. Jos prislopintos spalvos harmoningai papildys bet koki\u0105 palet\u0119, o matin\u0117 apdaila leid\u017eia j\u0105 lengvai valyti. Ji pasi\u017eymi ne tik estetika, bet ir prakti\u0161kumu, tod\u0117l tai puikus sprendimas \u0161eimoms ir \u017emon\u0117ms, vertinantiems tvark\u0105.<\/p>","protected":false},"excerpt":{"rendered":"<p>Plotis (cm): 60<br \/>\n\u016agis (cm): 78<br \/>\nGylis (cm): 40<\/p>","protected":false},"featured_media":154492,"comment_status":"open","ping_status":"open","template":"","meta":[],"product_brand":[],"product_cat":[9402,1173,4105],"product_tag":[],"class_list":{"0":"post-154491","1":"product","2":"type-product","3":"status-publish","4":"has-post-thumbnail","6":"product_cat-furniture-system-cross","7":"product_cat-chests-of-drawers","8":"product_cat-helvetia","10":"first","11":"instock","12":"purchasable","13":"product-type-simple"},"_links":{"self":[{"href":"https:\/\/baldumarket.lt\/lt\/wp-json\/wp\/v2\/product\/154491","targetHints":{"allow":["GET"]}}],"collection":[{"href":"https:\/\/baldumarket.lt\/lt\/wp-json\/wp\/v2\/product"}],"about":[{"href":"https:\/\/baldumarket.lt\/lt\/wp-json\/wp\/v2\/types\/product"}],"replies":[{"embeddable":true,"href":"https:\/\/baldumarket.lt\/lt\/wp-json\/wp\/v2\/comments?post=154491"}],"wp:featuredmedia":[{"embeddable":true,"href":"https:\/\/baldumarket.lt\/lt\/wp-json\/wp\/v2\/media\/154492"}],"wp:attachment":[{"href":"https:\/\/baldumarket.lt\/lt\/wp-json\/wp\/v2\/media?parent=154491"}],"wp:term":[{"taxonomy":"product_brand","embeddable":true,"href":"https:\/\/baldumarket.lt\/lt\/wp-json\/wp\/v2\/product_brand?post=154491"},{"taxonomy":"product_cat","embeddable":true,"href":"https:\/\/baldumarket.lt\/lt\/wp-json\/wp\/v2\/product_cat?post=154491"},{"taxonomy":"product_tag","embeddable":true,"href":"https:\/\/baldumarket.lt\/lt\/wp-json\/wp\/v2\/product_tag?post=154491"}],"curies":[{"name":"wp","href":"https:\/\/api.w.org\/{rel}","templated":true}]}}