{"id":154483,"date":"2025-12-18T17:26:37","date_gmt":"2025-12-18T14:26:37","guid":{"rendered":"https:\/\/baldumarket.lt\/product\/cross-komoda-wysoka-4-drzwiowa-dab-wotan-czarny-mat\/"},"modified":"2026-02-05T09:47:31","modified_gmt":"2026-02-05T06:47:31","slug":"cross-komoda-wysoka-4-drzwiowa-dab-wotan-czarny-mat","status":"publish","type":"product","link":"https:\/\/baldumarket.lt\/lt\/product\/cross-komoda-wysoka-4-drzwiowa-dab-wotan-czarny-mat\/","title":{"rendered":"Auk\u0161ta komoda \u201eCross\u201c, 4 dur\u0173, \u201eWotan Oak Matte Black\u201c"},"content":{"rendered":"<p>Atraskite auk\u0161tos \u201eCross\u201c komodos \u017eaves\u012f ir elegancij\u0105 \u2013 joje dera modernus dizainas ir nat\u016bralaus med\u017eio \u0161iluma. Unikalus \u201eWotan\u201c \u0105\u017euolo ir matin\u0117s juodos spalvos derinys suteikia jai subtil\u0173 akcent\u0105, kuris puikiai papildo bet kok\u012f interjer\u0105. \u0160i komoda bet kurioje erdv\u0117je sukuria jaukumo ir stiliaus poj\u016bt\u012f, o jos nesenstanti i\u0161vaizda patenkins net ir i\u0161rankiausius estetikos entuziastus. \u0160ios komodos funkcionalumas transformuoja bet kurio kambario dizain\u0105, derindamas elegancij\u0105 su prakti\u0161kumu, kad gal\u0117tum\u0117te m\u0117gautis harmonija ir tvarka savo aplinkoje. Auk\u0161ta forma ir keturios durel\u0117s suteikia daug vietos visiems j\u016bs\u0173 reikalingiausiems daiktams susid\u0117ti. Nesvarbu, ar jums reikia laikyti knygas, dokumentus, ar kitus nam\u0173 turtus, \u0161i komoda pakels akis \u012f prog\u0105. Pagaminta i\u0161 auk\u0161tos kokyb\u0117s laminuotos plok\u0161t\u0117s, \u201eCross\u201c komoda garantuoja patvarum\u0105 ir tvirtum\u0105. Jos konstrukcijoje naudojamos med\u017eiagos u\u017etikrina didel\u012f atsparum\u0105 kasdieniam naudojimui, tod\u0117l tai idealus pasirinkimas tiems, kurie vertina kokyb\u0119, kuri tarnaus daugel\u012f met\u0173. Lengvai surenkama, tod\u0117l galite greitai pastatyti j\u0105 \u012f viet\u0105, kuri geriausiai papildys j\u016bs\u0173 interjer\u0105.<\/p>","protected":false},"excerpt":{"rendered":"<p>Plotis (cm): 119<br \/>\n\u016agis (cm): 139<br \/>\nGylis (cm): 40<\/p>","protected":false},"featured_media":154484,"comment_status":"open","ping_status":"open","template":"","meta":[],"product_brand":[],"product_cat":[9402,1173,4105],"product_tag":[],"class_list":{"0":"post-154483","1":"product","2":"type-product","3":"status-publish","4":"has-post-thumbnail","6":"product_cat-furniture-system-cross","7":"product_cat-chests-of-drawers","8":"product_cat-helvetia","10":"first","11":"instock","12":"purchasable","13":"product-type-simple"},"_links":{"self":[{"href":"https:\/\/baldumarket.lt\/lt\/wp-json\/wp\/v2\/product\/154483","targetHints":{"allow":["GET"]}}],"collection":[{"href":"https:\/\/baldumarket.lt\/lt\/wp-json\/wp\/v2\/product"}],"about":[{"href":"https:\/\/baldumarket.lt\/lt\/wp-json\/wp\/v2\/types\/product"}],"replies":[{"embeddable":true,"href":"https:\/\/baldumarket.lt\/lt\/wp-json\/wp\/v2\/comments?post=154483"}],"wp:featuredmedia":[{"embeddable":true,"href":"https:\/\/baldumarket.lt\/lt\/wp-json\/wp\/v2\/media\/154484"}],"wp:attachment":[{"href":"https:\/\/baldumarket.lt\/lt\/wp-json\/wp\/v2\/media?parent=154483"}],"wp:term":[{"taxonomy":"product_brand","embeddable":true,"href":"https:\/\/baldumarket.lt\/lt\/wp-json\/wp\/v2\/product_brand?post=154483"},{"taxonomy":"product_cat","embeddable":true,"href":"https:\/\/baldumarket.lt\/lt\/wp-json\/wp\/v2\/product_cat?post=154483"},{"taxonomy":"product_tag","embeddable":true,"href":"https:\/\/baldumarket.lt\/lt\/wp-json\/wp\/v2\/product_tag?post=154483"}],"curies":[{"name":"wp","href":"https:\/\/api.w.org\/{rel}","templated":true}]}}