{"id":154476,"date":"2025-12-18T17:26:22","date_gmt":"2025-12-18T14:26:22","guid":{"rendered":"https:\/\/baldumarket.lt\/product\/cross-komoda-wysoka-4-drzwiowa-congo-czarny-mat\/"},"modified":"2026-02-05T09:47:31","modified_gmt":"2026-02-05T06:47:31","slug":"cross-komoda-wysoka-4-drzwiowa-congo-czarny-mat","status":"publish","type":"product","link":"https:\/\/baldumarket.lt\/lt\/product\/cross-komoda-wysoka-4-drzwiowa-congo-czarny-mat\/","title":{"rendered":"\u201eCross \u2013 Congo\u201c auk\u0161ta komoda su 4 durimis, matin\u0117 juoda"},"content":{"rendered":"<p>Pakelkite savo erdv\u0119 \u012f kit\u0105 elegancijos lyg\u012f su auk\u0161ta \u201eHelvetia\u201c \u201eCross\u201c komoda, matin\u0117s juodos Kongo spalvos. \u0160i i\u0161skirtinai stilinga komoda derina modern\u0173 dizain\u0105 su klasikine elegancija, tod\u0117l puikiai tinka tiek moderniam, tiek tradiciniam interjerui. Jos matin\u0117, tamsiai juoda priekin\u0117 dalis suteikia unikalaus \u017eavesio, suteikdama bet kokiai patalpai prabangos poj\u016bt\u012f. Sukurta atsi\u017evelgiant \u012f funkcionalum\u0105, \u0161i komoda si\u016blo prakti\u0161kus daikt\u0173 laikymo sprendimus, kurie puikiai atitinka kasdienius poreikius. Auk\u0161ta konstrukcija leid\u017eia maksimaliai i\u0161naudoti erdv\u0119, tod\u0117l puikiai tinka laikyti \u012fvairius daiktus \u2013 nuo drabu\u017ei\u0173 iki nam\u0173 aksesuar\u0173. \u0160is unikalus estetikos ir prakti\u0161kumo derinys patenkins net ir i\u0161rankiausius vartotojus. Gra\u017eiai pagaminta i\u0161 laminuotos plok\u0161t\u0117s, \u201eCongo\u201c komoda harmoningai papildo bet kok\u012f interjero dizain\u0105, pabr\u0117\u017edama jo unikal\u0173 charakter\u012f. Kruop\u0161ti apdaila ir subtilios detal\u0117s suteikia elegancijos, tod\u0117l ji yra ne tik funkcionalus baldas, bet ir dekoratyvinis elementas. D\u0117l paprastos formos ir eleganti\u0161k\u0173 spalv\u0173 ji puikiai tinka tiek svetainei, tiek miegamajam ar biurui.<\/p>","protected":false},"excerpt":{"rendered":"<p>Plotis (cm): 119<br \/>\n\u016agis (cm): 139<br \/>\nGylis (cm): 40<\/p>","protected":false},"featured_media":154477,"comment_status":"open","ping_status":"open","template":"","meta":[],"product_brand":[],"product_cat":[9402,1173,4105],"product_tag":[],"class_list":{"0":"post-154476","1":"product","2":"type-product","3":"status-publish","4":"has-post-thumbnail","6":"product_cat-furniture-system-cross","7":"product_cat-chests-of-drawers","8":"product_cat-helvetia","10":"first","11":"instock","12":"purchasable","13":"product-type-simple"},"_links":{"self":[{"href":"https:\/\/baldumarket.lt\/lt\/wp-json\/wp\/v2\/product\/154476","targetHints":{"allow":["GET"]}}],"collection":[{"href":"https:\/\/baldumarket.lt\/lt\/wp-json\/wp\/v2\/product"}],"about":[{"href":"https:\/\/baldumarket.lt\/lt\/wp-json\/wp\/v2\/types\/product"}],"replies":[{"embeddable":true,"href":"https:\/\/baldumarket.lt\/lt\/wp-json\/wp\/v2\/comments?post=154476"}],"wp:featuredmedia":[{"embeddable":true,"href":"https:\/\/baldumarket.lt\/lt\/wp-json\/wp\/v2\/media\/154477"}],"wp:attachment":[{"href":"https:\/\/baldumarket.lt\/lt\/wp-json\/wp\/v2\/media?parent=154476"}],"wp:term":[{"taxonomy":"product_brand","embeddable":true,"href":"https:\/\/baldumarket.lt\/lt\/wp-json\/wp\/v2\/product_brand?post=154476"},{"taxonomy":"product_cat","embeddable":true,"href":"https:\/\/baldumarket.lt\/lt\/wp-json\/wp\/v2\/product_cat?post=154476"},{"taxonomy":"product_tag","embeddable":true,"href":"https:\/\/baldumarket.lt\/lt\/wp-json\/wp\/v2\/product_tag?post=154476"}],"curies":[{"name":"wp","href":"https:\/\/api.w.org\/{rel}","templated":true}]}}