{"id":154460,"date":"2025-12-18T17:25:47","date_gmt":"2025-12-18T14:25:47","guid":{"rendered":"https:\/\/baldumarket.lt\/product\/cross-komoda-rtv-4d4s-dab-wotan-czarny-mat\/"},"modified":"2026-02-05T09:47:31","modified_gmt":"2026-02-05T06:47:31","slug":"cross-komoda-rtv-4d4s-dab-wotan-czarny-mat","status":"publish","type":"product","link":"https:\/\/baldumarket.lt\/lt\/product\/cross-komoda-rtv-4d4s-dab-wotan-czarny-mat\/","title":{"rendered":"\u201eCross\u201c \u2013 TV spintel\u0117 4D4S, \u201eWotan Oak\u201c matin\u0117s juodos spalvos"},"content":{"rendered":"<p>Atraskite unikal\u0173 stili\u0173 ir elegancij\u0105 su m\u016bs\u0173 \u201eCross\u201c televizoriaus spintele, sukurta garsaus \u201eHelvetia\u201c prek\u0117s \u017eenklo. \u0160i i\u0161skirtin\u0117 spintel\u0117 sujungia nat\u016bral\u0173 Wotan \u0105\u017euolo gro\u017e\u012f su moderniu matin\u0117s juodos spalvos prisilietimu, puikiai papildydama bet kok\u012f interjer\u0105. Harmoningas dizainas traukia d\u0117mes\u012f ir spinduliuoja neprilygstama elegancija, suteikdamas j\u016bs\u0173 namams jaukumo ir rafinuoto stiliaus. Sukurta atsi\u017evelgiant \u012f funkcionalum\u0105, 225 cm plo\u010dio \u201eCross\u201c televizoriaus spintel\u0117 si\u016blo daug vietos svarbiausiems multimedijos \u012frenginiams ir priedams laikyti. Keturios erdvios spintel\u0117s ir stal\u010diai leid\u017eia nepaprastai lengvai susitvarkyti daiktus, o minimalistinis dizainas u\u017etikrina, kad kiekvienas interjero elementas i\u0161laikyt\u0173 tobul\u0105 estetin\u0119 pusiausvyr\u0105. Pagaminta i\u0161 patvarios laminuotos plok\u0161t\u0117s, spintel\u0117 sujungia patvarum\u0105 ir rafinuot\u0105 apdail\u0105. Kiekviena detal\u0117 \u2013 nuo ritinini\u0173 kreipian\u010di\u0173j\u0173 iki \u0105\u017euolo apdailos \u2013 yra kruop\u0161\u010diai sukurta, kad tarnaut\u0173 ilgai. M\u0117gaukit\u0117s \u0161io baldo komfortu ir efektyvumu \u2013 modernumo ir nat\u016brali\u0173 akcent\u0173 \u0161ilumos kvintesencija.<\/p>","protected":false},"excerpt":{"rendered":"<p>Plotis (cm): 225<br \/>\n\u016agis (cm): 48<br \/>\nGylis (cm): 40<\/p>","protected":false},"featured_media":154461,"comment_status":"open","ping_status":"open","template":"","meta":[],"product_brand":[],"product_cat":[9402,4105,1175],"product_tag":[],"class_list":{"0":"post-154460","1":"product","2":"type-product","3":"status-publish","4":"has-post-thumbnail","6":"product_cat-furniture-system-cross","7":"product_cat-helvetia","8":"product_cat-tv-stands","10":"first","11":"instock","12":"purchasable","13":"product-type-simple"},"_links":{"self":[{"href":"https:\/\/baldumarket.lt\/lt\/wp-json\/wp\/v2\/product\/154460","targetHints":{"allow":["GET"]}}],"collection":[{"href":"https:\/\/baldumarket.lt\/lt\/wp-json\/wp\/v2\/product"}],"about":[{"href":"https:\/\/baldumarket.lt\/lt\/wp-json\/wp\/v2\/types\/product"}],"replies":[{"embeddable":true,"href":"https:\/\/baldumarket.lt\/lt\/wp-json\/wp\/v2\/comments?post=154460"}],"wp:featuredmedia":[{"embeddable":true,"href":"https:\/\/baldumarket.lt\/lt\/wp-json\/wp\/v2\/media\/154461"}],"wp:attachment":[{"href":"https:\/\/baldumarket.lt\/lt\/wp-json\/wp\/v2\/media?parent=154460"}],"wp:term":[{"taxonomy":"product_brand","embeddable":true,"href":"https:\/\/baldumarket.lt\/lt\/wp-json\/wp\/v2\/product_brand?post=154460"},{"taxonomy":"product_cat","embeddable":true,"href":"https:\/\/baldumarket.lt\/lt\/wp-json\/wp\/v2\/product_cat?post=154460"},{"taxonomy":"product_tag","embeddable":true,"href":"https:\/\/baldumarket.lt\/lt\/wp-json\/wp\/v2\/product_tag?post=154460"}],"curies":[{"name":"wp","href":"https:\/\/api.w.org\/{rel}","templated":true}]}}