{"id":154452,"date":"2025-12-18T17:25:29","date_gmt":"2025-12-18T14:25:29","guid":{"rendered":"https:\/\/baldumarket.lt\/product\/cross-komoda-rtv-4d4s-congo-czarny-mat\/"},"modified":"2026-02-05T09:47:31","modified_gmt":"2026-02-05T06:47:31","slug":"cross-komoda-rtv-4d4s-congo-czarny-mat","status":"publish","type":"product","link":"https:\/\/baldumarket.lt\/lt\/product\/cross-komoda-rtv-4d4s-congo-czarny-mat\/","title":{"rendered":"\u201eCross\u201c \u2013 TV spintel\u0117 4D4S, Kongo juoda matin\u0117"},"content":{"rendered":"<p>Pakelkite savo interjer\u0105 \u012f nauj\u0105 elegancijos lyg\u012f su \u201eHelvetia\u201c \u201eCross\u201c televizoriaus spintele. \u0160i gerai suprojektuota spintel\u0117 \u2013 tai tobulas modernaus stiliaus ir ak\u012f traukian\u010dio funkcionalumo derinys. Kongo ir matin\u0117s juodos spalv\u0173 gama pabr\u0117\u017eia subtili\u0105 elegancij\u0105, kuri puikiai papildys modern\u0173 ir minimalistin\u012f interjer\u0105, sukurdama harmoning\u0105 erdv\u0119. D\u0117l gerai apgalvoto dizaino \u201eCross\u201c spintel\u0117 pasi\u017eymi ne tik puikia i\u0161vaizda, bet ir kasdieniu prakti\u0161kumu. Idealus auk\u0161tis ir plotis paver\u010dia \u0161\u012f bald\u0105 puikiu j\u016bs\u0173 svetain\u0117s papildymu ir tampa j\u016bs\u0173 pramog\u0173 sistemos traukos centru. Kruop\u0161\u010diai i\u0161d\u0117stytos spintel\u0117s ir stal\u010diai palengvina ne tik televizoriaus \u012frangos, bet ir vis\u0173 kit\u0173 pried\u0173 sutvarkym\u0105. Auk\u0161tos kokyb\u0117s med\u017eiagos, tokios kaip laminuota plok\u0161t\u0117, garantuoja patvarum\u0105 ir atsparum\u0105 kasdieniam naudojimui. D\u0117l savo konstrukcijos spintel\u0117 yra ne tik tvirta, bet ir lengvai valoma, tod\u0117l ja gal\u0117site m\u0117gautis ilgus metus. Matin\u0117 juoda priekin\u0117 dalis suteikia visam dizainui gylio, pabr\u0117\u017edama unikal\u0173 spintel\u0117s charakter\u012f.<\/p>","protected":false},"excerpt":{"rendered":"<p>Plotis (cm): 225<br \/>\n\u016agis (cm): 48<br \/>\nGylis (cm): 40<\/p>","protected":false},"featured_media":154453,"comment_status":"open","ping_status":"open","template":"","meta":[],"product_brand":[],"product_cat":[9402,4105,1175],"product_tag":[],"class_list":{"0":"post-154452","1":"product","2":"type-product","3":"status-publish","4":"has-post-thumbnail","6":"product_cat-furniture-system-cross","7":"product_cat-helvetia","8":"product_cat-tv-stands","10":"first","11":"instock","12":"purchasable","13":"product-type-simple"},"_links":{"self":[{"href":"https:\/\/baldumarket.lt\/lt\/wp-json\/wp\/v2\/product\/154452","targetHints":{"allow":["GET"]}}],"collection":[{"href":"https:\/\/baldumarket.lt\/lt\/wp-json\/wp\/v2\/product"}],"about":[{"href":"https:\/\/baldumarket.lt\/lt\/wp-json\/wp\/v2\/types\/product"}],"replies":[{"embeddable":true,"href":"https:\/\/baldumarket.lt\/lt\/wp-json\/wp\/v2\/comments?post=154452"}],"wp:featuredmedia":[{"embeddable":true,"href":"https:\/\/baldumarket.lt\/lt\/wp-json\/wp\/v2\/media\/154453"}],"wp:attachment":[{"href":"https:\/\/baldumarket.lt\/lt\/wp-json\/wp\/v2\/media?parent=154452"}],"wp:term":[{"taxonomy":"product_brand","embeddable":true,"href":"https:\/\/baldumarket.lt\/lt\/wp-json\/wp\/v2\/product_brand?post=154452"},{"taxonomy":"product_cat","embeddable":true,"href":"https:\/\/baldumarket.lt\/lt\/wp-json\/wp\/v2\/product_cat?post=154452"},{"taxonomy":"product_tag","embeddable":true,"href":"https:\/\/baldumarket.lt\/lt\/wp-json\/wp\/v2\/product_tag?post=154452"}],"curies":[{"name":"wp","href":"https:\/\/api.w.org\/{rel}","templated":true}]}}