{"id":154444,"date":"2025-12-18T17:25:11","date_gmt":"2025-12-18T14:25:11","guid":{"rendered":"https:\/\/baldumarket.lt\/product\/cross-komoda-rtv-4d4s-bialy-czarny-mat\/"},"modified":"2026-02-05T09:47:31","modified_gmt":"2026-02-05T06:47:31","slug":"cross-komoda-rtv-4d4s-bialy-czarny-mat","status":"publish","type":"product","link":"https:\/\/baldumarket.lt\/lt\/product\/cross-komoda-rtv-4d4s-bialy-czarny-mat\/","title":{"rendered":"\u201eCross\u201c \u2013 TV spintel\u0117 4D4S, balta, juoda, matin\u0117"},"content":{"rendered":"<p>Pabr\u0117\u017ekite rafinuot\u0105 savo svetain\u0117s stili\u0173 su \u201eHelvetia\u201c \u201eCross\u201c televizoriaus stovu. \u0160is eleganti\u0161kas matin\u0117s juodos ir baltos spalv\u0173 stovas suteikia modernumo bet kokiam interjerui ir yra puikus fonas j\u016bs\u0173 multimedijos \u012frangai. Minimalistin\u0117 forma ir aptakus dizainas harmoningai dera su \u012fvairiais interjero stiliais \u2013 nuo skandinavi\u0161ko iki industrinio. \u012esp\u016bdingo 225 cm plo\u010dio \u201eCross\u201c stovas suteikia erdv\u0173 pavir\u0161i\u0173, leid\u017eiant\u012f k\u016brybi\u0161kai i\u0161d\u0117styti j\u016bs\u0173 televizoriaus zon\u0105. Matin\u0117s juodos ir baltos spalv\u0173 derinys paver\u010dia j\u012f unikaliu baldu, kuris patraukia d\u0117mes\u012f ir tampa j\u016bs\u0173 svetain\u0117s traukos centru. Jis puikiai tinka tiek televizijos \u012frangai, tiek dekoracijoms laikyti, be to, suteikia moderni\u0105 estetik\u0105. Stovo funkcionalumas toks pat \u012fsp\u016bdingas, kaip ir jo i\u0161vaizda. Su keturiomis durel\u0117mis ir keturiais stal\u010diais jis suteikia vietos j\u016bs\u0173 m\u0117gstamiausiems aksesuarams ir aksesuarams laikyti. Naudodami \u201eCross\u201c stov\u0105, j\u016bs\u0173 interjeras taps tvarkingas ir stilingas, i\u0161laikant elegancij\u0105 ir stili\u0173. Galite m\u0117gautis organizuota erdve, kuri palengvina j\u016bs\u0173 svetain\u0117s tvarkym\u0105.<\/p>","protected":false},"excerpt":{"rendered":"<p>Plotis (cm): 225<br \/>\n\u016agis (cm): 48<br \/>\nGylis (cm): 40<\/p>","protected":false},"featured_media":154445,"comment_status":"open","ping_status":"open","template":"","meta":[],"product_brand":[],"product_cat":[9402,4105,1175],"product_tag":[],"class_list":{"0":"post-154444","1":"product","2":"type-product","3":"status-publish","4":"has-post-thumbnail","6":"product_cat-furniture-system-cross","7":"product_cat-helvetia","8":"product_cat-tv-stands","10":"first","11":"instock","12":"purchasable","13":"product-type-simple"},"_links":{"self":[{"href":"https:\/\/baldumarket.lt\/lt\/wp-json\/wp\/v2\/product\/154444","targetHints":{"allow":["GET"]}}],"collection":[{"href":"https:\/\/baldumarket.lt\/lt\/wp-json\/wp\/v2\/product"}],"about":[{"href":"https:\/\/baldumarket.lt\/lt\/wp-json\/wp\/v2\/types\/product"}],"replies":[{"embeddable":true,"href":"https:\/\/baldumarket.lt\/lt\/wp-json\/wp\/v2\/comments?post=154444"}],"wp:featuredmedia":[{"embeddable":true,"href":"https:\/\/baldumarket.lt\/lt\/wp-json\/wp\/v2\/media\/154445"}],"wp:attachment":[{"href":"https:\/\/baldumarket.lt\/lt\/wp-json\/wp\/v2\/media?parent=154444"}],"wp:term":[{"taxonomy":"product_brand","embeddable":true,"href":"https:\/\/baldumarket.lt\/lt\/wp-json\/wp\/v2\/product_brand?post=154444"},{"taxonomy":"product_cat","embeddable":true,"href":"https:\/\/baldumarket.lt\/lt\/wp-json\/wp\/v2\/product_cat?post=154444"},{"taxonomy":"product_tag","embeddable":true,"href":"https:\/\/baldumarket.lt\/lt\/wp-json\/wp\/v2\/product_tag?post=154444"}],"curies":[{"name":"wp","href":"https:\/\/api.w.org\/{rel}","templated":true}]}}