{"id":154436,"date":"2025-12-18T17:24:53","date_gmt":"2025-12-18T14:24:53","guid":{"rendered":"https:\/\/baldumarket.lt\/product\/cross-komoda-rtv-3d3s-dab-wotan-czarny-mat\/"},"modified":"2026-02-05T09:47:31","modified_gmt":"2026-02-05T06:47:31","slug":"cross-komoda-rtv-3d3s-dab-wotan-czarny-mat","status":"publish","type":"product","link":"https:\/\/baldumarket.lt\/lt\/product\/cross-komoda-rtv-3d3s-dab-wotan-czarny-mat\/","title":{"rendered":"\u201eCross\u201c \u2013 TV spintel\u0117 3D3S, \u201eWotan\u201c \u0105\u017euolo spalvos, matin\u0117s juodos spalvos"},"content":{"rendered":"<p>Atraskite nepaprast\u0105 estetik\u0105 ir funkcionalum\u0105, kur\u012f si\u016blo garsaus \u201eHelvetia\u201c prek\u0117s \u017eenklo \u201eCross 3D3S\u201c televizoriaus staliukas. \u0160i eleganti\u0161ka indauja, pagaminta i\u0161 laminuotos plok\u0161t\u0117s, derina modern\u0173 stili\u0173 su klasikiniu \u017eavesiu, puikiai papildydama bet kuri\u0105 moderni\u0105 svetain\u0119. \u201eWotan\u201c \u0105\u017euolo mediena kartu su juodu priekiu atrodo ne\u012ftik\u0117tinai pra\u0161matniai, suteikdama erdvei i\u0161skirtinumo. Atidar\u0119 \u0161ios \u012fsp\u016bdingos indaujamos dureles, nustebsite jos erdvumu ir prakti\u0161kumu. Tai puiki vieta laikyti televizijos \u012frang\u0105, laidus ir kitus priedus, kurie da\u017enai gadina bendr\u0105 estetik\u0105. D\u0117l apgalvot\u0173 sprendim\u0173 j\u016bs\u0173 interjeras i\u0161liks harmoningas ir eleganti\u0161kas, kiekvienas daiktas tur\u0117s savo viet\u0105. \u0160io baldo dizainas \u2013 tai paprastumo ir rafinuotumo derinys. Matin\u0117 juoda apdaila suteikia modernumo, o nat\u016brali \u0105\u017euolo spalva \u2013 \u0161ilumos. \u0160ios dvi savyb\u0117s daro indauja puikiai tinkan\u010di\u0105 tiek klasikiniam, tiek moderniam interjerui. Minimalistinis elegancija paver\u010dia j\u0105 ne tik baldu, bet ir tikra svetain\u0117s puo\u0161mena.<\/p>","protected":false},"excerpt":{"rendered":"<p>Plotis (cm): 180<br \/>\n\u016agis (cm): 48<br \/>\nGylis (cm): 40<\/p>","protected":false},"featured_media":154437,"comment_status":"open","ping_status":"open","template":"","meta":[],"product_brand":[],"product_cat":[9402,4105,1175],"product_tag":[],"class_list":{"0":"post-154436","1":"product","2":"type-product","3":"status-publish","4":"has-post-thumbnail","6":"product_cat-furniture-system-cross","7":"product_cat-helvetia","8":"product_cat-tv-stands","10":"first","11":"instock","12":"purchasable","13":"product-type-simple"},"_links":{"self":[{"href":"https:\/\/baldumarket.lt\/lt\/wp-json\/wp\/v2\/product\/154436","targetHints":{"allow":["GET"]}}],"collection":[{"href":"https:\/\/baldumarket.lt\/lt\/wp-json\/wp\/v2\/product"}],"about":[{"href":"https:\/\/baldumarket.lt\/lt\/wp-json\/wp\/v2\/types\/product"}],"replies":[{"embeddable":true,"href":"https:\/\/baldumarket.lt\/lt\/wp-json\/wp\/v2\/comments?post=154436"}],"wp:featuredmedia":[{"embeddable":true,"href":"https:\/\/baldumarket.lt\/lt\/wp-json\/wp\/v2\/media\/154437"}],"wp:attachment":[{"href":"https:\/\/baldumarket.lt\/lt\/wp-json\/wp\/v2\/media?parent=154436"}],"wp:term":[{"taxonomy":"product_brand","embeddable":true,"href":"https:\/\/baldumarket.lt\/lt\/wp-json\/wp\/v2\/product_brand?post=154436"},{"taxonomy":"product_cat","embeddable":true,"href":"https:\/\/baldumarket.lt\/lt\/wp-json\/wp\/v2\/product_cat?post=154436"},{"taxonomy":"product_tag","embeddable":true,"href":"https:\/\/baldumarket.lt\/lt\/wp-json\/wp\/v2\/product_tag?post=154436"}],"curies":[{"name":"wp","href":"https:\/\/api.w.org\/{rel}","templated":true}]}}