{"id":154428,"date":"2025-12-18T17:24:35","date_gmt":"2025-12-18T14:24:35","guid":{"rendered":"https:\/\/baldumarket.lt\/product\/cross-komoda-rtv-3d3s-congo-czarny-mat\/"},"modified":"2026-02-05T09:47:31","modified_gmt":"2026-02-05T06:47:31","slug":"cross-komoda-rtv-3d3s-congo-czarny-mat","status":"publish","type":"product","link":"https:\/\/baldumarket.lt\/lt\/product\/cross-komoda-rtv-3d3s-congo-czarny-mat\/","title":{"rendered":"\u201eCross\u201c \u2013 TV spintel\u0117, 3D3S, Kongo juoda, matin\u0117"},"content":{"rendered":"<p>\u201eCross 3D3S\u201c televizoriaus spintel\u0117 \u2013 tai unikalus baldas, puikiai papildantis modern\u0173, minimalistin\u012f interjer\u0105. Eleganti\u0161ka forma ir subtilus spalv\u0173 derinys paver\u010dia j\u012f ne tik funkcionaliu baldu, bet ir stilingu bet kurios svetain\u0117s akcentu. Tai idealus pasirinkimas tiems, kurie vertina paprastum\u0105 ir prabangos derin\u012f. Matin\u0117 juoda priekin\u0117 dalis suteikia spintelei charakterio ir sukuria ry\u0161k\u0173 kontrast\u0105 su Kongo spalvos korpusu. \u0160is spalv\u0173 derinys paver\u010dia bald\u0105 erdv\u0117s traukos centru, nepriklausomai nuo interjero stiliaus. D\u0117l to \u201eCross 3D3S\u201c televizoriaus spintel\u0117 yra ne tik vieta televizoriui ir elektronikai, bet ir eleganti\u0161kas akcentas, patraukiantis d\u0117mes\u012f. Sukurta atsi\u017evelgiant \u012f kasdienius poreikius, \u201eCross\u201c spintel\u0117 si\u016blo prakti\u0161kus daikt\u0173 laikymo sprendimus. Trys erdv\u016bs stal\u010diai ir tokios pat erdvios lentynos talpina visus b\u016btiniausius daiktus, padeda palaikyti tvark\u0105 ir harmonij\u0105 svetain\u0117je. Laminuotas fasad\u0173 ir korpuso pavir\u0161ius u\u017etikrina ilgalaik\u012f patvarum\u0105 ir leid\u017eia lengvai valyti.<\/p>","protected":false},"excerpt":{"rendered":"<p>Plotis (cm): 180<br \/>\n\u016agis (cm): 48<br \/>\nGylis (cm): 40<\/p>","protected":false},"featured_media":154429,"comment_status":"open","ping_status":"open","template":"","meta":[],"product_brand":[],"product_cat":[9402,4105,1175],"product_tag":[],"class_list":{"0":"post-154428","1":"product","2":"type-product","3":"status-publish","4":"has-post-thumbnail","6":"product_cat-furniture-system-cross","7":"product_cat-helvetia","8":"product_cat-tv-stands","10":"first","11":"instock","12":"purchasable","13":"product-type-simple"},"_links":{"self":[{"href":"https:\/\/baldumarket.lt\/lt\/wp-json\/wp\/v2\/product\/154428","targetHints":{"allow":["GET"]}}],"collection":[{"href":"https:\/\/baldumarket.lt\/lt\/wp-json\/wp\/v2\/product"}],"about":[{"href":"https:\/\/baldumarket.lt\/lt\/wp-json\/wp\/v2\/types\/product"}],"replies":[{"embeddable":true,"href":"https:\/\/baldumarket.lt\/lt\/wp-json\/wp\/v2\/comments?post=154428"}],"wp:featuredmedia":[{"embeddable":true,"href":"https:\/\/baldumarket.lt\/lt\/wp-json\/wp\/v2\/media\/154429"}],"wp:attachment":[{"href":"https:\/\/baldumarket.lt\/lt\/wp-json\/wp\/v2\/media?parent=154428"}],"wp:term":[{"taxonomy":"product_brand","embeddable":true,"href":"https:\/\/baldumarket.lt\/lt\/wp-json\/wp\/v2\/product_brand?post=154428"},{"taxonomy":"product_cat","embeddable":true,"href":"https:\/\/baldumarket.lt\/lt\/wp-json\/wp\/v2\/product_cat?post=154428"},{"taxonomy":"product_tag","embeddable":true,"href":"https:\/\/baldumarket.lt\/lt\/wp-json\/wp\/v2\/product_tag?post=154428"}],"curies":[{"name":"wp","href":"https:\/\/api.w.org\/{rel}","templated":true}]}}