{"id":154420,"date":"2025-12-18T17:24:17","date_gmt":"2025-12-18T14:24:17","guid":{"rendered":"https:\/\/baldumarket.lt\/product\/cross-komoda-rtv-3d3s-bialy-czarny-mat\/"},"modified":"2026-02-05T09:47:40","modified_gmt":"2026-02-05T06:47:40","slug":"cross-komoda-rtv-3d3s-bialy-czarny-mat","status":"publish","type":"product","link":"https:\/\/baldumarket.lt\/lt\/product\/cross-komoda-rtv-3d3s-bialy-czarny-mat\/","title":{"rendered":"\u201eKry\u017eius\u201c \u2013 TV spintel\u0117 3D3S, balta, juoda, matin\u0117"},"content":{"rendered":"<p>Atraskite nepaprast\u0105 elegancij\u0105 ir funkcionalum\u0105 su \u201eHelvetia\u201c \u201eCross 3D3S\u201c televizoriaus staliuku, pasi\u017eymin\u010diu moderniu dizainu, kuris puikiai papildys bet kuri\u0105 moderni\u0105 gyvenam\u0105j\u0105 erdv\u0119. Matin\u0117s baltos ir juodos spalv\u0173 derinys suteikia bet kokiam interjerui grynumo ir harmonijos poj\u016bt\u012f, kartu suteikdamas \u0161iuolaiki\u0161ko stiliaus ir klas\u0117s prisilietim\u0105. Stilingos \u0161io stovo formos ne tik traukia ak\u012f, bet ir puikiai formuoja erdv\u0119. \u0160is 180 cm plo\u010dio staliukas puikiai tinka svetainei, jame yra pakankamai vietos televizoriui ir kitiems multimedijos \u012frenginiams, taip pat suteikia vietos dekoracijoms, kurios pabr\u0117\u017eia j\u016bs\u0173 unikali\u0105 asmenyb\u0119 ir skon\u012f. \u201eCross 3D3S\u201c i\u0161manus dizainas apima spinteles ir stal\u010dius, kurie si\u016blo intuityvius daikt\u0173 laikymo sprendimus. Nesvarbu, ar norite laikyti savo film\u0173 kolekcij\u0105, ar sutvarkyti laidus, \u0161is baldas pad\u0117s jums stilingai palaikyti tvark\u0105. Laminuota plok\u0161t\u0117, naudojama fasadams ir korpusui, garantuoja patvarum\u0105 ir atsparum\u0105 kasdieniam naudojimui, u\u017etikrindama ilgaam\u017e\u012f komfort\u0105.<\/p>","protected":false},"excerpt":{"rendered":"<p>Plotis (cm): 180<br \/>\n\u016agis (cm): 48<br \/>\nGylis (cm): 40<\/p>","protected":false},"featured_media":154421,"comment_status":"open","ping_status":"open","template":"","meta":[],"product_brand":[],"product_cat":[9402,4105,1175],"product_tag":[],"class_list":{"0":"post-154420","1":"product","2":"type-product","3":"status-publish","4":"has-post-thumbnail","6":"product_cat-furniture-system-cross","7":"product_cat-helvetia","8":"product_cat-tv-stands","10":"first","11":"instock","12":"purchasable","13":"product-type-simple"},"_links":{"self":[{"href":"https:\/\/baldumarket.lt\/lt\/wp-json\/wp\/v2\/product\/154420","targetHints":{"allow":["GET"]}}],"collection":[{"href":"https:\/\/baldumarket.lt\/lt\/wp-json\/wp\/v2\/product"}],"about":[{"href":"https:\/\/baldumarket.lt\/lt\/wp-json\/wp\/v2\/types\/product"}],"replies":[{"embeddable":true,"href":"https:\/\/baldumarket.lt\/lt\/wp-json\/wp\/v2\/comments?post=154420"}],"wp:featuredmedia":[{"embeddable":true,"href":"https:\/\/baldumarket.lt\/lt\/wp-json\/wp\/v2\/media\/154421"}],"wp:attachment":[{"href":"https:\/\/baldumarket.lt\/lt\/wp-json\/wp\/v2\/media?parent=154420"}],"wp:term":[{"taxonomy":"product_brand","embeddable":true,"href":"https:\/\/baldumarket.lt\/lt\/wp-json\/wp\/v2\/product_brand?post=154420"},{"taxonomy":"product_cat","embeddable":true,"href":"https:\/\/baldumarket.lt\/lt\/wp-json\/wp\/v2\/product_cat?post=154420"},{"taxonomy":"product_tag","embeddable":true,"href":"https:\/\/baldumarket.lt\/lt\/wp-json\/wp\/v2\/product_tag?post=154420"}],"curies":[{"name":"wp","href":"https:\/\/api.w.org\/{rel}","templated":true}]}}