{"id":154412,"date":"2025-12-18T17:23:58","date_gmt":"2025-12-18T14:23:58","guid":{"rendered":"https:\/\/baldumarket.lt\/product\/cross-komoda-4d4s-dab-wotan-czarny-mat\/"},"modified":"2026-02-05T09:47:40","modified_gmt":"2026-02-05T06:47:40","slug":"cross-komoda-4d4s-dab-wotan-czarny-mat","status":"publish","type":"product","link":"https:\/\/baldumarket.lt\/lt\/product\/cross-komoda-4d4s-dab-wotan-czarny-mat\/","title":{"rendered":"\u201eCross\u201c komoda, 4D4S, \u201eWotan Oak\u201c, matin\u0117 juoda"},"content":{"rendered":"<p>Pristatome Jums eleganti\u0161k\u0105 \u017einomo prek\u0117s \u017eenklo \u201eHelvetia\u201c komod\u0105 \u201eCross 4D4S\u201c, kuri puikiai derina modern\u0173 dizain\u0105 su klasikiniu gro\u017eiu. Leiskite jos unikaliai i\u0161vaizdai praturtinti J\u016bs\u0173 interjer\u0105, suteikdama jam charakterio ir stiliaus. \u0160ilto Wotano \u0105\u017euolo ir rafinuotos matin\u0117s juodos spalvos derinys sukuria kompozicij\u0105, kuri traukia ak\u012f ir d\u017eiugina subtilumu. \u201eCross\u201c komoda \u2013 tai baldas, kuris ne tik puo\u0161ia, bet ir palengvina kasdien\u012f gyvenim\u0105. D\u0117l apgalvoto keturi\u0173 dureli\u0173 ir keturi\u0173 stal\u010di\u0173 dizaino ji si\u016blo daug vietos daiktams susid\u0117ti. Ji puikiai tinka svetainei, miegamajam ar net prie\u0161kambariui, leisdama palaikyti tobul\u0105 tvark\u0105 savo erdv\u0117je. Kasdienis funkcionalumas \u2013 tai, k\u0105 si\u016blo \u201eHelvetia\u201c \u201eCross\u201c modelis. Stilinga i\u0161vaizda yra tik vienas i\u0161 \u0161ios komodos privalum\u0173. Patvarus laminuotos plok\u0161t\u0117s pavir\u0161ius garantuoja atsparum\u0105 mechaniniams pa\u017eeidimams ir yra lengvai valomas. Tai pasirinkimas tiems, kurie vertina kokyb\u0119 ir ilgaam\u017ei\u0161kum\u0105. Eleganti\u0161ka apdaila suteikia komodai modern\u0173 charakter\u012f, kuris lengvai prisitaikys prie \u012fvairi\u0173 interjero stili\u0173.<\/p>","protected":false},"excerpt":{"rendered":"<p>Plotis (cm): 225<br \/>\n\u016agis (cm): 78<br \/>\nGylis (cm): 40<\/p>","protected":false},"featured_media":154413,"comment_status":"open","ping_status":"open","template":"","meta":[],"product_brand":[],"product_cat":[9402,1173,4105],"product_tag":[],"class_list":{"0":"post-154412","1":"product","2":"type-product","3":"status-publish","4":"has-post-thumbnail","6":"product_cat-furniture-system-cross","7":"product_cat-chests-of-drawers","8":"product_cat-helvetia","10":"first","11":"instock","12":"purchasable","13":"product-type-simple"},"_links":{"self":[{"href":"https:\/\/baldumarket.lt\/lt\/wp-json\/wp\/v2\/product\/154412","targetHints":{"allow":["GET"]}}],"collection":[{"href":"https:\/\/baldumarket.lt\/lt\/wp-json\/wp\/v2\/product"}],"about":[{"href":"https:\/\/baldumarket.lt\/lt\/wp-json\/wp\/v2\/types\/product"}],"replies":[{"embeddable":true,"href":"https:\/\/baldumarket.lt\/lt\/wp-json\/wp\/v2\/comments?post=154412"}],"wp:featuredmedia":[{"embeddable":true,"href":"https:\/\/baldumarket.lt\/lt\/wp-json\/wp\/v2\/media\/154413"}],"wp:attachment":[{"href":"https:\/\/baldumarket.lt\/lt\/wp-json\/wp\/v2\/media?parent=154412"}],"wp:term":[{"taxonomy":"product_brand","embeddable":true,"href":"https:\/\/baldumarket.lt\/lt\/wp-json\/wp\/v2\/product_brand?post=154412"},{"taxonomy":"product_cat","embeddable":true,"href":"https:\/\/baldumarket.lt\/lt\/wp-json\/wp\/v2\/product_cat?post=154412"},{"taxonomy":"product_tag","embeddable":true,"href":"https:\/\/baldumarket.lt\/lt\/wp-json\/wp\/v2\/product_tag?post=154412"}],"curies":[{"name":"wp","href":"https:\/\/api.w.org\/{rel}","templated":true}]}}