{"id":154404,"date":"2025-12-18T17:23:40","date_gmt":"2025-12-18T14:23:40","guid":{"rendered":"https:\/\/baldumarket.lt\/product\/cross-komoda-4d4s-congo-czarny-mat\/"},"modified":"2026-02-05T09:47:40","modified_gmt":"2026-02-05T06:47:40","slug":"cross-komoda-4d4s-congo-czarny-mat","status":"publish","type":"product","link":"https:\/\/baldumarket.lt\/lt\/product\/cross-komoda-4d4s-congo-czarny-mat\/","title":{"rendered":"\u201eCross\u201c \u2013 komoda 4D4S, Kongo juoda matin\u0117"},"content":{"rendered":"<p>Atraskite elegancij\u0105 ir prakti\u0161kum\u0105 su garsaus \u201eHelvetia\u201c prek\u0117s \u017eenklo \u201eCross 4D4S Congo\u201c komoda. \u0160i unikali komoda \u2013 tai tobulas stiliaus ir funkcionalumo derinys, neabejotinai papuo\u0161iantis j\u016bs\u0173 interjer\u0105. Matin\u0117 juoda priekin\u0117 dalis harmoningai dera su Kongo spalvos korpusu, sukurdama moderni\u0105 ir rafinuot\u0105 atmosfer\u0105 bet kuriame kambaryje. Stilingas \u201eCross\u201c komodos dizainas yra puikus sprendimas tiems, kurie vertina minimalizm\u0105 ir elegancij\u0105. Paprastos linijos ir subtilios detal\u0117s traukia ak\u012f ir puikiai dera prie \u0161iuolaikini\u0173 interjero tendencij\u0173. \u0160is baldas suteiks j\u016bs\u0173 svetainei ar miegamajam unikal\u0173 charakter\u012f, kartu su harmonijos ir tvarkos poj\u016b\u010diu. \u201eCross\u201c komoda yra ne tik gra\u017ei, bet ir ne\u012ftik\u0117tinai funkcionali. Erdv\u016bs stal\u010diai ir talpios lentynos suteikia daug vietos daiktams susid\u0117ti. Kiekvienas stal\u010dius juda skland\u017eiai d\u0117l ritinini\u0173 kreipian\u010di\u0173j\u0173, u\u017etikrindamas patog\u0173 kasdien\u012f naudojim\u0105. Tai puikus sprendimas norint m\u0117gautis tvarkingu ir esteti\u0161kai patraukliu interjeru.<\/p>","protected":false},"excerpt":{"rendered":"<p>Plotis (cm): 225<br \/>\n\u016agis (cm): 78<br \/>\nGylis (cm): 40<\/p>","protected":false},"featured_media":154405,"comment_status":"open","ping_status":"open","template":"","meta":[],"product_brand":[],"product_cat":[9402,1173,4105],"product_tag":[],"class_list":{"0":"post-154404","1":"product","2":"type-product","3":"status-publish","4":"has-post-thumbnail","6":"product_cat-furniture-system-cross","7":"product_cat-chests-of-drawers","8":"product_cat-helvetia","10":"first","11":"instock","12":"purchasable","13":"product-type-simple"},"_links":{"self":[{"href":"https:\/\/baldumarket.lt\/lt\/wp-json\/wp\/v2\/product\/154404","targetHints":{"allow":["GET"]}}],"collection":[{"href":"https:\/\/baldumarket.lt\/lt\/wp-json\/wp\/v2\/product"}],"about":[{"href":"https:\/\/baldumarket.lt\/lt\/wp-json\/wp\/v2\/types\/product"}],"replies":[{"embeddable":true,"href":"https:\/\/baldumarket.lt\/lt\/wp-json\/wp\/v2\/comments?post=154404"}],"wp:featuredmedia":[{"embeddable":true,"href":"https:\/\/baldumarket.lt\/lt\/wp-json\/wp\/v2\/media\/154405"}],"wp:attachment":[{"href":"https:\/\/baldumarket.lt\/lt\/wp-json\/wp\/v2\/media?parent=154404"}],"wp:term":[{"taxonomy":"product_brand","embeddable":true,"href":"https:\/\/baldumarket.lt\/lt\/wp-json\/wp\/v2\/product_brand?post=154404"},{"taxonomy":"product_cat","embeddable":true,"href":"https:\/\/baldumarket.lt\/lt\/wp-json\/wp\/v2\/product_cat?post=154404"},{"taxonomy":"product_tag","embeddable":true,"href":"https:\/\/baldumarket.lt\/lt\/wp-json\/wp\/v2\/product_tag?post=154404"}],"curies":[{"name":"wp","href":"https:\/\/api.w.org\/{rel}","templated":true}]}}